{"id":209377,"date":"2021-06-21T12:22:41","date_gmt":"2021-06-21T12:22:41","guid":{"rendered":"https:\/\/colegiocruzdelcampo.com\/?page_id=209377"},"modified":"2025-03-26T12:37:42","modified_gmt":"2025-03-26T12:37:42","slug":"209377-2","status":"publish","type":"page","link":"https:\/\/colegiocruzdelcampo.com\/en\/209377-2\/","title":{"rendered":"CLAVE DE SONG"},"content":{"rendered":"<p>[et_pb_section fb_built=\u00bb1&#8243; fullwidth=\u00bbon\u00bb admin_label=\u00bbSecci\u00f3n\u00bb _builder_version=\u00bb4.17.4&#8243; background_image=\u00bbhttps:\/\/colegiocruzdelcampo.com\/wp-content\/uploads\/2018\/06\/cabecerapequecontenido.jpg\u00bb parallax=\u00bbon\u00bb custom_padding=\u00bb0|0px|0|0px|false|false\u00bb animation_style=\u00bbslide\u00bb animation_duration=\u00bb1150ms\u00bb global_module=\u00bb205811&#8243; saved_tabs=\u00bball\u00bb global_colors_info=\u00bb{}\u00bb][\/et_pb_section][et_pb_section fb_built=\u00bb1&#8243; _builder_version=\u00bb4.16&#8243; global_colors_info=\u00bb{}\u00bb][et_pb_row _builder_version=\u00bb4.16&#8243; custom_padding=\u00bb25px|0px|27px|0px|false|false\u00bb global_colors_info=\u00bb{}\u00bb][et_pb_column type=\u00bb4_4&#8243; _builder_version=\u00bb4.16&#8243; custom_padding=\u00bb|||\u00bb global_colors_info=\u00bb{}\u00bb custom_padding__hover=\u00bb|||\u00bb][et_pb_post_title meta=\u00bboff\u00bb featured_image=\u00bboff\u00bb _builder_version=\u00bb4.16&#8243; title_font=\u00bb||||||||\u00bb title_text_color=\u00bb#e02b20&#8243; text_orientation=\u00bbcenter\u00bb animation_style=\u00bbslide\u00bb global_colors_info=\u00bb{}\u00bb]&nbsp;<br \/>\n[\/et_pb_post_title][\/et_pb_column][\/et_pb_row][et_pb_row column_structure=\u00bb1_3,2_3&#8243; _builder_version=\u00bb4.16&#8243; custom_padding=\u00bb2px|0px|27px|0px|false|false\u00bb global_colors_info=\u00bb{}\u00bb][et_pb_column type=\u00bb1_3&#8243; _builder_version=\u00bb4.16&#8243; custom_padding=\u00bb|||\u00bb global_colors_info=\u00bb{}\u00bb custom_padding__hover=\u00bb|||\u00bb][et_pb_image src=\u00bbhttp:\/\/colegiocruzdelcampo.es\/wp-content\/uploads\/2019\/03\/logo-andalucia-profundiza-header.png\u00bb align_tablet=\u00bbcenter\u00bb align_phone=\u00bb\u00bb align_last_edited=\u00bbon|desktop\u00bb _builder_version=\u00bb4.16&#8243; animation_style=\u00bbslide\u00bb global_colors_info=\u00bb{}\u00bb]&nbsp;<br \/>\n[\/et_pb_image][et_pb_image src=\u00bbhttps:\/\/colegiocruzdelcampo.com\/wp-content\/uploads\/2019\/03\/logo-andalucia-profundiza-header.png\u00bb _builder_version=\u00bb4.16&#8243; animation_style=\u00bbslide\u00bb global_colors_info=\u00bb{}\u00bb][\/et_pb_image][\/et_pb_column][et_pb_column type=\u00bb2_3&#8243; _builder_version=\u00bb4.16&#8243; custom_padding=\u00bb|||\u00bb global_colors_info=\u00bb{}\u00bb custom_padding__hover=\u00bb|||\u00bb][et_pb_text _builder_version=\u00bb4.16&#8243; animation_style=\u00bbslide\u00bb global_colors_info=\u00bb{}\u00bb]<\/p>\n<p style=\"text-align: justify;\">Nuestro centro ha sido seleccionado por la Delegaci\u00f3n Provincial de Educaci\u00f3n de Sevilla para participar en el programa \u201cAndaluc\u00eda Profundiza\u201d con el t\u00edtulo de \u00ab<b>CLAVE DE SONG\u00bb<\/b>.<\/p>\n<p style=\"text-align: justify;\">\u00a0\u00a0\u00a0\u00a0\u00a0\u00a0\u00a0\u00a0\u00a0\u00a0\u00a0\u00a0\u00a0\u00a0\u00a0\u00a0\u00a0\u00a0\u00a0\u00a0\u00a0\u00a0\u00a0\u00a0\u00a0\u00a0\u00a0\u00a0\u00a0\u00a0\u00a0\u00a0\u00a0\u00a0\u00a0\u00a0\u00a0\u00a0\u00a0\u00a0\u00a0\u00a0\u00a0\u00a0\u00a0\u00a0\u00a0\u00a0\u00a0\u00a0\u00a0\u00a0\u00a0\u00a0\u00a0\u00a0\u00a0\u00a0\u00a0\u00a0\u00a0\u00a0\u00a0\u00a0\u00a0\u00a0\u00a0\u00a0\u00a0\u00a0\u00a0\u00a0\u00a0\u00a0\u00a0\u00a0\u00a0\u00a0\u00a0\u00a0\u00a0 El coordinador del Proyecto<\/p>\n<p style=\"text-align: justify;\">\u00a0\u00a0\u00a0\u00a0\u00a0\u00a0\u00a0\u00a0\u00a0\u00a0\u00a0\u00a0\u00a0\u00a0\u00a0\u00a0\u00a0\u00a0\u00a0\u00a0\u00a0\u00a0\u00a0\u00a0\u00a0\u00a0\u00a0\u00a0\u00a0\u00a0\u00a0\u00a0\u00a0\u00a0\u00a0\u00a0\u00a0\u00a0\u00a0\u00a0\u00a0\u00a0\u00a0\u00a0\u00a0\u00a0\u00a0\u00a0\u00a0\u00a0\u00a0\u00a0\u00a0\u00a0\u00a0\u00a0\u00a0\u00a0\u00a0\u00a0\u00a0\u00a0\u00a0\u00a0\u00a0\u00a0\u00a0\u00a0\u00a0\u00a0\u00a0\u00a0\u00a0\u00a0\u00a0\u00a0\u00a0\u00a0\u00a0\u00a0\u00a0 Luis Manuel Villalba \u00c1ngel<\/p>\n<p>[\/et_pb_text][\/et_pb_column][\/et_pb_row][et_pb_row _builder_version=\u00bb4.16&#8243; global_colors_info=\u00bb{}\u00bb][et_pb_column type=\u00bb4_4&#8243; _builder_version=\u00bb4.16&#8243; custom_padding=\u00bb|||\u00bb global_colors_info=\u00bb{}\u00bb custom_padding__hover=\u00bb|||\u00bb][et_pb_text _builder_version=\u00bb4.16&#8243; animation_style=\u00bbslide\u00bb global_colors_info=\u00bb{}\u00bb]<\/p>\n<p style=\"text-align: justify;\">PROYECTO \u201cCLAVE DE SONG\u201d<\/p>\n<ol style=\"text-align: justify;\">\n<li>JUSTIFICACI\u00d3N DEL PROYECTO Y ADECUACI\u00d3N AL CONTEXTO DEL CENTRO<\/li>\n<\/ol>\n<p style=\"text-align: justify;\">Por segunda vez nuestro centro participa en el programa Profundiza con una propuesta destinada al desarrollo de las competencias. Conociendo la gran necesidad que tiene la sociedad en general de adquirir conocimientos cr\u00edticos sobre elementos art\u00edsticos y debido a la gran influencia audio visual a la que se encuentra sometida, proponemos un proyecto destinado a adquirir destrezas para poder establecer juicios de valor sobre elementos audiovisuales presentes en nuestra sociedad,\u00a0 aprovechando el car\u00e1cter multidisciplinar de este arte y su lenguaje universal.<\/p>\n<p style=\"text-align: justify;\">Para tal fin nuestro punto de partida va a ser el alumno\/a, y mediante la investigaci\u00f3n, la improvisaci\u00f3n y el trabajo en grupo llegaremos a mejorar nuestra capacidad de comunicaci\u00f3n gracias al mejor conocimiento del lenguaje musical y su capacidad para transmitir.<\/p>\n<p style=\"text-align: justify;\">Este proyecto ser\u00e1 coordinado por nuestro especialista de m\u00fasica del centro, para que de esta manera, nuestro centro pueda ofrecer una actividad m\u00e1s donde los alumnos y alumnas encuentren un lugar donde desarrollar y profundizar sus inquietudes musicales.<\/p>\n<p style=\"text-align: justify;\">Las caracter\u00edsticas de nuestro alumnado son muy variadas, por este motivo, nuestro proyecto servir\u00e1 igualmente como proyecto socializador e integrador. Las actividades en grupo facilitar\u00e1n el transvase de informaci\u00f3n y conseguir de igual manera una conciencia m\u00e1s positiva sobre los valores de respeto y trabajo a nivel grupal.<\/p>\n<ol start=\"2\" style=\"text-align: justify;\">\n<li>OBJECTIVES<\/li>\n<\/ol>\n<ul style=\"text-align: justify;\">\n<li>Descubrir y valorar el instrumento musical que llevamos con nosotros: la voz, vivenciando y explorando todas sus posibilidades t\u00e9cnicas y expresivas, as\u00ed como disfrutando del placer de cantar.<\/li>\n<li>Conocer los diferentes estilos musicales de la historia.<\/li>\n<li>Analizar e investigar sobre la evoluci\u00f3n de los instrumentos musicales.<\/li>\n<li>Adquirir, con la pr\u00e1ctica de ejercicios, algunos conocimientos elementales de la t\u00e9cnica vocal.<\/li>\n<li>Aprender a realizar la respiraci\u00f3n costo-diafragm\u00e1tica, necesaria para la correcta emisi\u00f3n de la voz, as\u00ed como una relajaci\u00f3n corporal correcta.<\/li>\n<li>Explorar y utilizar adecuadamente los recursos expresivos del cuerpo en el canto.<\/li>\n<li>Aprender un repertorio de canciones variado: populares, de autor, en diferentes idiomas, de distintas culturas&#8230; a una y varias voces.<\/li>\n<li>Respetar las producciones art\u00edsticas del grupo, reconociendo la buena calidad en la interpretaci\u00f3n y valorando positivamente sus logros.<\/li>\n<\/ul>\n<p style=\"text-align: justify;\">&#8211; Valorar el mensaje de las canciones musicales como manifestaci\u00f3n de los sentimientos del autor.<\/p>\n<ul style=\"text-align: justify;\">\n<li>Disfrutar con la realizaci\u00f3n de ensayos y actuaciones, aprendiendo con cada uno de ellos valores como el respeto mutuo, la cooperaci\u00f3n entre iguales o la no discriminaci\u00f3n.<\/li>\n<li>Adquirir un compromiso hacia la actividad, asistiendo a los ensayos de forma continuada y participando en los encuentros y actividades que sean programadas.<\/li>\n<li>Descubrir las estrategias para facilitar la accesibilidad de las personas a la m\u00fasica.<\/li>\n<li>Experimentar las posibilidades de comunicaci\u00f3n universal de la m\u00fasica.<\/li>\n<li>Experimentar la conexi\u00f3n con las otras personas a trav\u00e9s de la m\u00fasica.<\/li>\n<\/ul>\n<ol start=\"3\" style=\"text-align: justify;\">\n<li>COMPETENCIAS CLAVE A TRABAJAR<\/li>\n<\/ol>\n<p style=\"text-align: justify;\">&#8211; Competencia social y c\u00edvica<\/p>\n<p style=\"text-align: justify;\">&#8211; Aprender a aprender<\/p>\n<p style=\"text-align: justify;\">&#8211; Competencia ling\u00fc\u00edstica<\/p>\n<p style=\"text-align: justify;\">&#8211; Conciencia y expresi\u00f3n cultural<\/p>\n<p style=\"text-align: justify;\">&#8211; Competencia digital<\/p>\n<p style=\"text-align: justify;\">&#8211; Sentido de iniciativa y esp\u00edritu emprendedor<\/p>\n<ol start=\"4\" style=\"text-align: justify;\">\n<li>CONTENIDOS EDUCATIVOS DEL PROYECTO<\/li>\n<\/ol>\n<ul style=\"text-align: justify;\">\n<li>La voz y el cuerpo como medio de expresi\u00f3n.<\/li>\n<li>Posici\u00f3n corporal adecuada y relajaci\u00f3n.<\/li>\n<li>T\u00e9cnica vocal: emisi\u00f3n, articulaci\u00f3n y entonaci\u00f3n.<\/li>\n<\/ul>\n<p style=\"text-align: justify;\">. T\u00e9cnica instrumental basada en instrumentos mel\u00f3dicos y r\u00edtmicos.<\/p>\n<p style=\"text-align: justify;\">. El cuerpo como instrumento musical en general<\/p>\n<ul style=\"text-align: justify;\">\n<li>Elementos b\u00e1sicos del lenguaje musical.<\/li>\n<li>Repertorio de canciones.<\/li>\n<li>Trabajo en equipo basado en el respeto y la cooperaci\u00f3n.<\/li>\n<li>Compromiso hacia un trabajo continuado y participativo.<\/li>\n<li>La compensaci\u00f3n de las dificultades de acceso a la m\u00fasica.<\/li>\n<\/ul>\n<ol start=\"5\" style=\"text-align: justify;\">\n<li>METODOLOG\u00cdA Y ORGANIZACI\u00d3N<\/li>\n<\/ol>\n<p style=\"text-align: justify;\">Seguiremos una metodolog\u00eda de aprendizaje basado en el aprendizaje por proyectos por permitirnos el desarrollo de competencias a partir de una problem\u00e1tica social como es la convivencia democr\u00e1tica y cr\u00edtica de grupos sociales diferentes.<\/p>\n<p style=\"text-align: justify;\">El proyecto est\u00e1 organizado en sesiones pero en realidad, el alumnado es el protagonista de su propio aprendizaje y desarrolla su autonom\u00eda y responsabilidad, ya que son ellos los encargados, a partir de este proyecto inicial, de planificar, estructurar el trabajo y elaborar el producto para resolver la cuesti\u00f3n planteada. La labor de la maestra es guiarles y apoyarles a lo largo del proceso.<\/p>\n<p style=\"text-align: justify;\">El alumnado tendr\u00e1 el protagonismo para elegir los grupos invitados a los que podremos conocer y las actividades que realizaremos con cada grupo invitado en cada sesi\u00f3n, adem\u00e1s de que realizar\u00e1 su propio trabajo personal con un portfolio y desarrollaremos en cooperaci\u00f3n un blog y un trabajo final.<\/p>\n<p style=\"text-align: justify;\">De forma activa y participativa, el alumnado participante ser\u00e1 el protagonista tanto en la selecci\u00f3n de canciones como en la ejecuci\u00f3n de los ensayos.<\/p>\n<p style=\"text-align: justify;\">Se realizar\u00e1 la intervenci\u00f3n en base a la exploraci\u00f3n e investigaci\u00f3n:<\/p>\n<p style=\"text-align: justify;\">&#8211; De obras musicales<\/p>\n<p style=\"text-align: justify;\">&#8211; De canciones<\/p>\n<p style=\"text-align: justify;\">&#8211; De grupos corales.<\/p>\n<p style=\"text-align: justify;\">Los ensayos tendr\u00e1n una estructura fija. Comenzar\u00e1n con un calentamiento vocal y corporal que prepare a los ni\u00f1os para el trabajo posterior. A continuaci\u00f3n, se pasar\u00e1 al aprendizaje del repertorio secuenciado de canciones, junto con los recursos expresivos, corporales e instrumentales de cada una de ellas. Cada sesi\u00f3n terminar\u00e1 con una relajaci\u00f3n vocal y corporal.<\/p>\n<p style=\"text-align: justify;\">Se realizar\u00e1 la visita de grupos corales para investigar sobre estilos, entrevistarnos con las personas de esos grupos y tener otros puntos de vista, aprender de otros, etc.<\/p>\n<ol start=\"6\" style=\"text-align: justify;\">\n<li>PLAN DE ACTIVIDADES<\/li>\n<\/ol>\n<p style=\"text-align: justify;\">Refutaremos las hip\u00f3tesis de investigaci\u00f3n de partida:<\/p>\n<p style=\"text-align: justify;\">&#8211; La imagen proyectada de cada grupo social coincide con la realidad<\/p>\n<p style=\"text-align: justify;\">&#8211; Cada uno de nosotros podemos formar parte de m\u00e1s de un grupo social<\/p>\n<p style=\"text-align: justify;\">&#8211; La convivencia entre grupos sociales diferentes es posible<\/p>\n<p style=\"text-align: justify;\">Para conseguirlo, las sesiones tendr\u00e1n la siguiente estructura:<\/p>\n<ul style=\"text-align: justify;\">\n<li>Sesi\u00f3n 1:<\/li>\n<\/ul>\n<p style=\"text-align: justify;\">Esta primera sesi\u00f3n tendr\u00e1 como objetivo:<\/p>\n<p style=\"text-align: justify;\">&#8211; Cohesionar al grupo<\/p>\n<p style=\"text-align: justify;\">&#8211; Implicar al alumnado en el dise\u00f1o e implementaci\u00f3n del proyecto: consenso sobre los grupos invitados a conocer, calendarizaci\u00f3n de acciones y responsabilidades, consenso sobre las actividades a realizar con cada grupo invitado, etc.<\/p>\n<p style=\"text-align: justify;\">&#8211; Adquirir conocimientos para la investigaci\u00f3n<\/p>\n<p style=\"text-align: justify;\">&#8211; Dise\u00f1ar la estructura de interrogantes que debe responder cada alumno\/a<\/p>\n<p style=\"text-align: justify;\">&#8211; Familiarizaci\u00f3n con recursos para la investigaci\u00f3n: fuentes documentales, TIC, blog del proyecto, etc.<\/p>\n<p style=\"text-align: justify;\">&#8211; Organizar el trabajo y asignar roles en el equipo<\/p>\n<p style=\"text-align: justify;\">&#8211; Comenzar a iniciar el trabajo de investigaci\u00f3n<\/p>\n<p style=\"text-align: justify;\">El trabajo lo realizaremos con una metodolog\u00eda de grupos interactivos.<\/p>\n<p style=\"text-align: justify;\">Invitaremos adem\u00e1s, a una parte de la sesi\u00f3n a los padres y madres para compartir con ellos el plan de trabajo.<\/p>\n<ul style=\"text-align: justify;\">\n<li>Sesi\u00f3n 2 \u2013 7:<\/li>\n<\/ul>\n<p style=\"text-align: justify;\">\u00a0\u00a0\u00a0\u00a0\u00a0\u00a0\u00a0\u00a0\u00a0 El desarrollo de las sesiones se centrar\u00e1 en la investigaci\u00f3n de la m\u00fasica a lo largo de la historia, indagando en los diferentes tipos de instrumentos as\u00ed como su repercusi\u00f3n en la sociedad.\u00a0\u00a0<\/p>\n<p style=\"text-align: justify;\">Las sesiones ser\u00e1n llevadas a cabo por el docente encargado de proyecto pero en algunas partes de las sesiones nos acompa\u00f1ar\u00e1 alguna persona o colectivo relacionado directamente con la m\u00fasica, y en otras sesiones realizaremos visitas a lugares tambi\u00e9n relacionados con el tema.<\/p>\n<p style=\"text-align: justify;\">Entre los temas que vamos a investigar est\u00e1 la m\u00fasica de esclavos, donde pretendemos profundizar en los temas principales de las canciones, as\u00ed como el an\u00e1lisis hist\u00f3rico de esta m\u00fasica, su instrumentaci\u00f3n y trascendencia.<\/p>\n<p style=\"text-align: justify;\">OtroS temas que se trabajaran en pr\u00f3ximas sesiones ser\u00e1n m\u00fasica religiosa \u2013 profana; el barroco \u2013 clasicismo; evoluci\u00f3n de los instrumentos musicales; investigaci\u00f3n y profundizaci\u00f3n del cancionero popular de la zona.<\/p>\n<ul style=\"text-align: justify;\">\n<li>Sesi\u00f3n 8: Preparaci\u00f3n del trabajo final<\/li>\n<\/ul>\n<p style=\"text-align: justify;\">En esta sesi\u00f3n \u00faltima nos proponemos:<\/p>\n<p style=\"text-align: justify;\">&#8211; Compartir aprendizajes y conclusiones finales del alumnado desde la argumentaci\u00f3n y el debate<\/p>\n<p style=\"text-align: justify;\">&#8211; Construir unas conclusiones finales<\/p>\n<p style=\"text-align: justify;\">&#8211; Elaborar un producto final del proyecto<\/p>\n<p style=\"text-align: justify;\">&#8211; Preparar la presentaci\u00f3n a la comunidad educativa<\/p>\n<p style=\"text-align: justify;\">&#8211; Evaluar el proyecto: dise\u00f1o, implementaci\u00f3n y resultados alcanzados.<\/p>\n<p style=\"text-align: justify;\">&#8211; Actuaci\u00f3n en actos del centro, utilizando canciones que hayamos trabajado en nuestras investigaciones.<\/p>\n<ol start=\"7\" style=\"text-align: justify;\">\n<li>RECURSOS EMPLEADOS<\/li>\n<\/ol>\n<p style=\"text-align: justify;\">Requeriremos para este proyecto:<\/p>\n<p style=\"text-align: justify;\">&#8211; Material fungible: material de papeler\u00eda y manualidades de uso individual y grupal.<\/p>\n<p style=\"text-align: justify;\">&#8211; Instrumentos musicales: flauta, tambores, xil\u00f3fonos, metal\u00f3fonos e instrumentos de peque\u00f1a percusi\u00f3n.<\/p>\n<p style=\"text-align: justify;\">&#8211; Equipamiento inform\u00e1tico y audiovisual: ordenadores, pizarra digital, c\u00e1mara de video, c\u00e1mara fotogr\u00e1fica, conexi\u00f3n a internet, etc.<\/p>\n<ol start=\"8\" style=\"text-align: justify;\">\n<li>EVALUACI\u00d3N<\/li>\n<\/ol>\n<p style=\"text-align: justify;\">Evaluaremos tres aspectos:<\/p>\n<ol style=\"text-align: justify;\">\n<li>Grado de satisfacci\u00f3n del alumnado y de los participantes<\/li>\n<li>Nivel de logro de los objetivos del proyecto<\/li>\n<li>Impacto educativo del proyecto<\/li>\n<\/ol>\n<p style=\"text-align: justify;\">[\/et_pb_text][\/et_pb_column][\/et_pb_row][\/et_pb_section][et_pb_section fb_built=\u00bb1&#8243; _builder_version=\u00bb4.27.4&#8243; background_color=\u00bb#ffffff\u00bb top_divider_style=\u00bbslant2&#8243; top_divider_color=\u00bb#00af08&#8243; top_divider_height=\u00bb52px\u00bb bottom_divider_style=\u00bbramp2&#8243; bottom_divider_color=\u00bb#00af08&#8243; bottom_divider_height=\u00bb64px\u00bb animation_style=\u00bbslide\u00bb hover_enabled=\u00bb0&#8243; global_colors_info=\u00bb{}\u00bb sticky_enabled=\u00bb0&#8243;][et_pb_row _builder_version=\u00bb4.16&#8243; global_colors_info=\u00bb{}\u00bb][et_pb_column type=\u00bb4_4&#8243; _builder_version=\u00bb4.16&#8243; custom_padding=\u00bb|||\u00bb global_colors_info=\u00bb{}\u00bb custom_padding__hover=\u00bb|||\u00bb][et_pb_contact_form title=\u00bbContacta con nosotros\u00bb success_message=\u00bbGracias por contactar con nuestro colegio.\u00bb submit_button_text=\u00bbenviar\u00bb module_id=\u00bbet_pb_contact_form_0&#8243; _builder_version=\u00bb4.16&#8243; _unique_id=\u00bb271f28b8-eaa3-4b28-bcbc-edcf5b9c6b68&#8243; global_colors_info=\u00bb{}\u00bb][et_pb_contact_field field_id=\u00bbName\u00bb field_title=\u00bbNombre\u00bb _builder_version=\u00bb4.16&#8243; global_colors_info=\u00bb{}\u00bb button_text_size__hover_enabled=\u00bboff\u00bb button_one_text_size__hover_enabled=\u00bboff\u00bb button_two_text_size__hover_enabled=\u00bboff\u00bb button_text_color__hover_enabled=\u00bboff\u00bb button_one_text_color__hover_enabled=\u00bboff\u00bb button_two_text_color__hover_enabled=\u00bboff\u00bb button_border_width__hover_enabled=\u00bboff\u00bb button_one_border_width__hover_enabled=\u00bboff\u00bb button_two_border_width__hover_enabled=\u00bboff\u00bb button_border_color__hover_enabled=\u00bboff\u00bb button_one_border_color__hover_enabled=\u00bboff\u00bb button_two_border_color__hover_enabled=\u00bboff\u00bb button_border_radius__hover_enabled=\u00bboff\u00bb button_one_border_radius__hover_enabled=\u00bboff\u00bb button_two_border_radius__hover_enabled=\u00bboff\u00bb button_letter_spacing__hover_enabled=\u00bboff\u00bb button_one_letter_spacing__hover_enabled=\u00bboff\u00bb button_two_letter_spacing__hover_enabled=\u00bboff\u00bb button_bg_color__hover_enabled=\u00bboff\u00bb button_one_bg_color__hover_enabled=\u00bboff\u00bb button_two_bg_color__hover_enabled=\u00bboff\u00bb][\/et_pb_contact_field][et_pb_contact_field field_id=\u00bbEmail\u00bb field_title=\u00bbDirecci\u00f3n de correo electr\u00f3nico\u00bb field_type=\u00bbemail\u00bb _builder_version=\u00bb4.16&#8243; global_colors_info=\u00bb{}\u00bb button_text_size__hover_enabled=\u00bboff\u00bb button_one_text_size__hover_enabled=\u00bboff\u00bb button_two_text_size__hover_enabled=\u00bboff\u00bb button_text_color__hover_enabled=\u00bboff\u00bb button_one_text_color__hover_enabled=\u00bboff\u00bb button_two_text_color__hover_enabled=\u00bboff\u00bb button_border_width__hover_enabled=\u00bboff\u00bb button_one_border_width__hover_enabled=\u00bboff\u00bb button_two_border_width__hover_enabled=\u00bboff\u00bb button_border_color__hover_enabled=\u00bboff\u00bb button_one_border_color__hover_enabled=\u00bboff\u00bb button_two_border_color__hover_enabled=\u00bboff\u00bb button_border_radius__hover_enabled=\u00bboff\u00bb button_one_border_radius__hover_enabled=\u00bboff\u00bb button_two_border_radius__hover_enabled=\u00bboff\u00bb button_letter_spacing__hover_enabled=\u00bboff\u00bb button_one_letter_spacing__hover_enabled=\u00bboff\u00bb button_two_letter_spacing__hover_enabled=\u00bboff\u00bb button_bg_color__hover_enabled=\u00bboff\u00bb button_one_bg_color__hover_enabled=\u00bboff\u00bb button_two_bg_color__hover_enabled=\u00bboff\u00bb][\/et_pb_contact_field][et_pb_contact_field field_id=\u00bbMessage\u00bb field_title=\u00bbMensaje\u00bb field_type=\u00bbtext\u00bb fullwidth_field=\u00bbon\u00bb _builder_version=\u00bb4.16&#8243; global_colors_info=\u00bb{}\u00bb button_text_size__hover_enabled=\u00bboff\u00bb button_one_text_size__hover_enabled=\u00bboff\u00bb button_two_text_size__hover_enabled=\u00bboff\u00bb button_text_color__hover_enabled=\u00bboff\u00bb button_one_text_color__hover_enabled=\u00bboff\u00bb button_two_text_color__hover_enabled=\u00bboff\u00bb button_border_width__hover_enabled=\u00bboff\u00bb button_one_border_width__hover_enabled=\u00bboff\u00bb button_two_border_width__hover_enabled=\u00bboff\u00bb button_border_color__hover_enabled=\u00bboff\u00bb button_one_border_color__hover_enabled=\u00bboff\u00bb button_two_border_color__hover_enabled=\u00bboff\u00bb button_border_radius__hover_enabled=\u00bboff\u00bb button_one_border_radius__hover_enabled=\u00bboff\u00bb button_two_border_radius__hover_enabled=\u00bboff\u00bb button_letter_spacing__hover_enabled=\u00bboff\u00bb button_one_letter_spacing__hover_enabled=\u00bboff\u00bb button_two_letter_spacing__hover_enabled=\u00bboff\u00bb button_bg_color__hover_enabled=\u00bboff\u00bb button_one_bg_color__hover_enabled=\u00bboff\u00bb button_two_bg_color__hover_enabled=\u00bboff\u00bb][\/et_pb_contact_field][\/et_pb_contact_form][et_pb_text _builder_version=\u00bb4.16&#8243; global_colors_info=\u00bb{}\u00bb]<\/p>\n<p style=\"text-align: center;\"><span style=\"color: #ff0000;\"><strong>C.E.PR. Cruz del Campo<\/strong><\/span>. 52 Cruz del Campo Avenue <span class=\"LrzXr\">41005 Seville. Telephone <strong>955 624 855<\/strong>. <a href=\"mailto:41018239.edu@juntadeandalucia.es\">Contact by e - mail.<\/a><br \/>\n<\/span><\/p>\n<p style=\"text-align: justify;\">[\/et_pb_text][\/et_pb_column][\/et_pb_row][\/et_pb_section][et_pb_section fb_built=\u00bb1&#8243; fullwidth=\u00bbon\u00bb _builder_version=\u00bb4.16&#8243; global_colors_info=\u00bb{}\u00bb][et_pb_fullwidth_map address=\u00bbAv. de la Cruz del Campo, 18, 41005 Sevilla, Espa\u00f1a\u00bb zoom_level=\u00bb19&#8243; address_lat=\u00bb37.38379391652372&#8243; address_lng=\u00bb-5.966102988371404&#8243; mouse_wheel=\u00bboff\u00bb _builder_version=\u00bb4.16&#8243; animation_style=\u00bbslide\u00bb global_colors_info=\u00bb{}\u00bb][et_pb_map_pin title=\u00bbColegio Cruz del Campo Sevilla\u00bb pin_address=\u00bbAv. de la Cruz del Campo, 18, 41005 Sevilla\u00bb _builder_version=\u00bb3.3.1&#8243; global_colors_info=\u00bb{}\u00bb][\/et_pb_map_pin][\/et_pb_fullwidth_map][\/et_pb_section]<\/p>","protected":false},"excerpt":{"rendered":"<p>&nbsp; &nbsp; Nuestro centro ha sido seleccionado por la Delegaci\u00f3n Provincial de Educaci\u00f3n de Sevilla para participar en el programa \u201cAndaluc\u00eda Profundiza\u201d con el t\u00edtulo de \u00abCLAVE DE SONG\u00bb. \u00a0\u00a0\u00a0\u00a0\u00a0\u00a0\u00a0\u00a0\u00a0\u00a0\u00a0\u00a0\u00a0\u00a0\u00a0\u00a0\u00a0\u00a0\u00a0\u00a0\u00a0\u00a0\u00a0\u00a0\u00a0\u00a0\u00a0\u00a0\u00a0\u00a0\u00a0\u00a0\u00a0\u00a0\u00a0\u00a0\u00a0\u00a0\u00a0\u00a0\u00a0\u00a0\u00a0\u00a0\u00a0\u00a0\u00a0\u00a0\u00a0\u00a0\u00a0\u00a0\u00a0\u00a0\u00a0\u00a0\u00a0\u00a0\u00a0\u00a0\u00a0\u00a0\u00a0\u00a0\u00a0\u00a0\u00a0\u00a0\u00a0\u00a0\u00a0\u00a0\u00a0\u00a0\u00a0\u00a0\u00a0\u00a0\u00a0\u00a0\u00a0 El coordinador del Proyecto \u00a0\u00a0\u00a0\u00a0\u00a0\u00a0\u00a0\u00a0\u00a0\u00a0\u00a0\u00a0\u00a0\u00a0\u00a0\u00a0\u00a0\u00a0\u00a0\u00a0\u00a0\u00a0\u00a0\u00a0\u00a0\u00a0\u00a0\u00a0\u00a0\u00a0\u00a0\u00a0\u00a0\u00a0\u00a0\u00a0\u00a0\u00a0\u00a0\u00a0\u00a0\u00a0\u00a0\u00a0\u00a0\u00a0\u00a0\u00a0\u00a0\u00a0\u00a0\u00a0\u00a0\u00a0\u00a0\u00a0\u00a0\u00a0\u00a0\u00a0\u00a0\u00a0\u00a0\u00a0\u00a0\u00a0\u00a0\u00a0\u00a0\u00a0\u00a0\u00a0\u00a0\u00a0\u00a0\u00a0\u00a0\u00a0\u00a0\u00a0\u00a0 Luis Manuel Villalba \u00c1ngelPROYECTO \u201cCLAVE DE SONG\u201d JUSTIFICACI\u00d3N DEL PROYECTO Y ADECUACI\u00d3N AL CONTEXTO DEL CENTRO Por segunda vez nuestro [&hellip;]<\/p>","protected":false},"author":5,"featured_media":0,"parent":0,"menu_order":0,"comment_status":"closed","ping_status":"closed","template":"","meta":{"_et_pb_use_builder":"on","_et_pb_old_content":"","_et_gb_content_width":"","footnotes":""},"class_list":["post-209377","page","type-page","status-publish","hentry"],"_links":{"self":[{"href":"https:\/\/colegiocruzdelcampo.com\/en\/wp-json\/wp\/v2\/pages\/209377","targetHints":{"allow":["GET"]}}],"collection":[{"href":"https:\/\/colegiocruzdelcampo.com\/en\/wp-json\/wp\/v2\/pages"}],"about":[{"href":"https:\/\/colegiocruzdelcampo.com\/en\/wp-json\/wp\/v2\/types\/page"}],"author":[{"embeddable":true,"href":"https:\/\/colegiocruzdelcampo.com\/en\/wp-json\/wp\/v2\/users\/5"}],"replies":[{"embeddable":true,"href":"https:\/\/colegiocruzdelcampo.com\/en\/wp-json\/wp\/v2\/comments?post=209377"}],"version-history":[{"count":5,"href":"https:\/\/colegiocruzdelcampo.com\/en\/wp-json\/wp\/v2\/pages\/209377\/revisions"}],"predecessor-version":[{"id":210540,"href":"https:\/\/colegiocruzdelcampo.com\/en\/wp-json\/wp\/v2\/pages\/209377\/revisions\/210540"}],"wp:attachment":[{"href":"https:\/\/colegiocruzdelcampo.com\/en\/wp-json\/wp\/v2\/media?parent=209377"}],"curies":[{"name":"wp","href":"https:\/\/api.w.org\/{rel}","templated":true}]}}