{"id":208941,"date":"2020-10-29T18:34:15","date_gmt":"2020-10-29T18:34:15","guid":{"rendered":"https:\/\/colegiocruzdelcampo.com\/?page_id=208941"},"modified":"2025-03-26T12:22:42","modified_gmt":"2025-03-26T12:22:42","slug":"happychildren","status":"publish","type":"page","link":"https:\/\/colegiocruzdelcampo.com\/en\/proyectos\/erasmus\/happychildren\/","title":{"rendered":"HAPPY CHILDREN, COOPERATIVE PUPILS. EFFICIENT BRAINS"},"content":{"rendered":"<p>[et_pb_section fb_built=\u00bb1&#8243; fullwidth=\u00bbon\u00bb admin_label=\u00bbSecci\u00f3n\u00bb _builder_version=\u00bb4.17.4&#8243; background_image=\u00bbhttps:\/\/colegiocruzdelcampo.com\/wp-content\/uploads\/2018\/06\/cabecerapequecontenido.jpg\u00bb parallax=\u00bbon\u00bb custom_padding=\u00bb0|0px|0|0px|false|false\u00bb animation_style=\u00bbslide\u00bb animation_duration=\u00bb1150ms\u00bb global_module=\u00bb205811&#8243; saved_tabs=\u00bball\u00bb global_colors_info=\u00bb{}\u00bb][\/et_pb_section][et_pb_section fb_built=\u00bb1&#8243; _builder_version=\u00bb4.16&#8243; global_colors_info=\u00bb{}\u00bb][et_pb_row _builder_version=\u00bb4.16&#8243; global_colors_info=\u00bb{}\u00bb][et_pb_column type=\u00bb4_4&#8243; _builder_version=\u00bb4.16&#8243; custom_padding=\u00bb|||\u00bb global_colors_info=\u00bb{}\u00bb custom_padding__hover=\u00bb|||\u00bb][et_pb_post_title meta=\u00bboff\u00bb featured_image=\u00bboff\u00bb _builder_version=\u00bb4.16&#8243; title_text_color=\u00bb#e02b20&#8243; background_color=\u00bb#ffffff\u00bb text_orientation=\u00bbcenter\u00bb animation_style=\u00bbslide\u00bb global_colors_info=\u00bb{}\u00bb][\/et_pb_post_title][et_pb_text _builder_version=\u00bb4.16&#8243; global_colors_info=\u00bb{}\u00bb]<\/p>\n<p style=\"text-align: justify;\"><strong>PROJECT PRESENTATION\u00a0<\/strong><\/p>\n<p style=\"text-align: justify;\">From the bilingual programme of our school we'd like to welcome you to this new academic year 2020-21 which has started in so a particular way.<\/p>\n<p style=\"text-align: justify;\">After 3 months of confinement and the summer holidays, we come back with illusion and with great news: we are taking part in another European Erasmus+ project funded by the European Comission.<\/p>\n<p style=\"text-align: justify;\">Along the previous academic year we were working with a group of teachers from different European countries about the idea of applying for a project with a different focus. After the success of our first European project (LABS 4 SPACE) and the smooth going of the one we started last year (HEALTHY STYLE PATHWAYS FOR LIFE), we think that we were in front of a new opportunity to be open-minded, to approach different cultures, to know different countries... so we made our minds up, applied for it and we were granted!<\/p>\n<p style=\"text-align: justify;\">In spite of the actual situation caused by the pandemia, we have started full of illusion with a new project called <strong>HAPPY CHILDREN, COOPERATIVE PUPILS, EFFICEINT BRAINS<\/strong> .<\/p>\n<ol style=\"text-align: justify;\">\n<li><strong> <\/strong><strong>PROJECT DETAILS <\/strong><\/li>\n<\/ol>\n<p style=\"text-align: justify;\"><strong>PARTICIPANTS: <\/strong><\/p>\n<p style=\"text-align: justify;\">France (coordinator), Italy, Poland, Sweden, Ireland and Spain.<\/p>\n<p>[\/et_pb_text][et_pb_image src=\u00bbhttps:\/\/colegiocruzdelcampo.com\/wp-content\/uploads\/2020\/10\/Sin-t\u00edtulo.png\u00bb align=\u00bbcenter\u00bb _builder_version=\u00bb4.16&#8243; animation_style=\u00bbslide\u00bb global_colors_info=\u00bb{}\u00bb][\/et_pb_image][et_pb_text _builder_version=\u00bb4.16&#8243; global_colors_info=\u00bb{}\u00bb]<\/p>\n<div class=\"TranscriptTopic__StyledTextDiv-p179ej-0 eOwzhQ\">\n<p style=\"text-align: justify;\"><strong>MAIN GOAL<\/strong><\/p>\n<p style=\"text-align: justify;\">Getting a quite and peaceful atmosphere at school for pupils to feel safe, to count on themselves and to learn together. On that purpose we'll work with innovaty methodologies based on cooperative learning.<\/p>\n<p style=\"text-align: justify;\"><strong>METHODOLOGY<\/strong><\/p>\n<ul style=\"text-align: justify;\">\n<li>Outdoor learning.<\/li>\n<li>I.T.C.<\/li>\n<li>Drama.<\/li>\n<li>Music.<\/li>\n<li>Arts.<\/li>\n<\/ul>\n<p style=\"text-align: justify;\"><strong>START UP<\/strong><\/p>\n<p style=\"text-align: justify;\">A series of activities for pupils will be scheduled to work with them in order to get a final project about cultural matters of their countries to be shown to other partners and shared in e-Twinning. Eventually there will be a global production including musical culture, legends, local stories, dance tutorials, interviews, architectonic features and so on.<\/p>\n<p style=\"text-align: justify;\"><strong>LENGHT<\/strong><\/p>\n<p style=\"text-align: justify;\">The project will be developed for two academic years, from September 2020 to August 2022.<\/p>\n<p style=\"text-align: justify;\">Because of nowadays situation an extended time of 12 months has been apllied for. If we had the approval activities and mobilities would be done in the planned dates but one academic year later.<\/p>\n<p style=\"text-align: justify;\"><strong>MOBILITIES TIMETABLE<\/strong><\/p>\n<p style=\"text-align: justify;\">This is the timetable for the scheduled mobilities. Unfortunately it is not going to be possible to fullfill it because of the pandemia, but we trust in an extended time or a time saving among mobilities that let us to cope with all programmed activities.<\/p>\n<table>\n<tbody>\n<tr>\n<td width=\"144\">INTENDED FOR<\/td>\n<td width=\"144\">TRAVELING COUNTRY<\/td>\n<td width=\"144\">HOST COUNTRY<\/td>\n<td width=\"144\">DATE<\/td>\n<\/tr>\n<tr>\n<td width=\"144\">TEACHERS<\/td>\n<td width=\"144\">ALL COUNTRIES<\/td>\n<td width=\"144\">SWITZERLAND<\/td>\n<td width=\"144\">OCT 2020<\/td>\n<\/tr>\n<tr>\n<td width=\"144\">TEACHERS<\/td>\n<td width=\"144\">ALL COUNTRIES<\/td>\n<td width=\"144\">FRANCE<\/td>\n<td width=\"144\">DECEMBER 2020<\/td>\n<\/tr>\n<tr>\n<td width=\"144\">PUPILS 3+6<\/td>\n<td width=\"144\">POLAND<\/td>\n<td width=\"144\">IRELAND<\/td>\n<td width=\"144\">MARCH\/APRIL 2021<\/td>\n<\/tr>\n<tr>\n<td width=\"144\">PUPILS 4+10<\/td>\n<td width=\"144\">ITALY<\/td>\n<td width=\"144\">FRANCE<\/td>\n<td width=\"144\">MARCH\/APRIL 2021<\/td>\n<\/tr>\n<tr>\n<td width=\"144\">PUPILS 3+8<\/td>\n<td width=\"144\">FRANCE<\/td>\n<td width=\"144\">SPAIN<\/td>\n<td width=\"144\">MARCH\/APRIL 2021<\/td>\n<\/tr>\n<tr>\n<td width=\"144\">PUPILS 2+8<\/td>\n<td width=\"144\">SPAIN<\/td>\n<td width=\"144\">SUECIA<\/td>\n<td width=\"144\">MARCH\/APRIL 2021<\/td>\n<\/tr>\n<tr>\n<td width=\"144\">PUPILS 2+9<\/td>\n<td width=\"144\">IRELAND<\/td>\n<td width=\"144\">POLAND<\/td>\n<td width=\"144\">MARCH\/APRIL 2021<\/td>\n<\/tr>\n<tr>\n<td width=\"144\">TEACHERS<\/td>\n<td width=\"144\">ALL COUNTRIES<\/td>\n<td width=\"144\">ITALY<\/td>\n<td width=\"144\">MAY 2021<\/td>\n<\/tr>\n<tr>\n<td width=\"144\">TEACHERS<\/td>\n<td width=\"144\">ALL COUNTRIES<\/td>\n<td width=\"144\">IRELAND<\/td>\n<td width=\"144\">OCTOBER 2021<\/td>\n<\/tr>\n<tr>\n<td width=\"144\">TEACHERS<\/td>\n<td width=\"144\">ALL COUNTRIES<\/td>\n<td width=\"144\">SPAIN<\/td>\n<td width=\"144\">DECEMBER 2021<\/td>\n<\/tr>\n<tr>\n<td width=\"144\">PUPILS 3+6<\/td>\n<td width=\"144\">POLAND<\/td>\n<td width=\"144\">SPAIN<\/td>\n<td width=\"144\">MARCH\/APRIL 2022<\/td>\n<\/tr>\n<tr>\n<td width=\"144\">PUPILS 4+10<\/td>\n<td width=\"144\">ITALY<\/td>\n<td width=\"144\">IRELAND<\/td>\n<td width=\"144\">MARCH\/APRIL 2022<\/td>\n<\/tr>\n<tr>\n<td width=\"144\">PUPILS 3+8<\/td>\n<td width=\"144\">FRANCE<\/td>\n<td width=\"144\">SUECIA<\/td>\n<td width=\"144\">MARCH\/APRIL 2022<\/td>\n<\/tr>\n<tr>\n<td width=\"144\">PUPILS 2+8<\/td>\n<td width=\"144\">SPAIN<\/td>\n<td width=\"144\">POLAND<\/td>\n<td width=\"144\">MARCH\/APRIL 2022<\/td>\n<\/tr>\n<tr>\n<td width=\"144\">PUPILS 2+8<\/td>\n<td width=\"144\">IRELAND<\/td>\n<td width=\"144\">ITALY<\/td>\n<td width=\"144\">MARCH\/APRIL 2022<\/td>\n<\/tr>\n<\/tbody>\n<\/table>\n<p style=\"text-align: justify;\">\n<ol style=\"text-align: justify;\">\n<li><strong> <\/strong><strong>START UP<\/strong><\/li>\n<\/ol>\n<p style=\"text-align: justify;\">Due to the pandemic situation, the first meeting was held on - line. The target was to meet each other and to settle the lines of work to start working with pupils. here is our agreement:<\/p>\n<ul style=\"text-align: justify;\">\n<li>Presentation of the project to the other European partners.<\/li>\n<li>Logo contest with the participation of all the partner schools pupils. Three finalists will be elected from each country to get in the final competition. Final votation will be on . line. The design will be done in Art classes. More information will be provided about the contest rules.<\/li>\n<li>LID UP recording for the presentation of our school to the partners. Alvaro and Luis will be responsible for the recording. All the school community will take part. Each class will welcome a different partner country.<\/li>\n<li>Video recording to teach simple Spanish idioms to the partners to be able to say something in Spanish. Inma will be responsible for this task.<\/li>\n<li>Make two eTwinning projects: one for teachers and one for pupils where every single production can be uploaded and shared.<\/li>\n<\/ul>\n<p style=\"text-align: justify;\">All these activities to be done b4 November 30th.<\/p>\n<ol start=\"2\" style=\"text-align: justify;\">\n<li><strong> <\/strong><strong>PROGRAMME FOR 2020\/21<\/strong><\/li>\n<\/ol>\n<p style=\"text-align: justify;\">If mobilities were not possible we would follow this schedule:<\/p>\n<ul style=\"text-align: justify;\">\n<li>November deathline: Activities mentioned above.<\/li>\n<li>December: Presentation of a innovative methodology class following the instructionof  the Swedish partner and upload to teachers`twiinspace.<\/li>\n<li>Presentation of a Christmas Carol and upload to pupils' twinspace.<\/li>\n<li>Making of a video about a legend in our town and upload to pupils' twinspace.<\/li>\n<li>February: watching of partners' productions.<\/li>\n<li>March: Video about a tradicional recipe and upload to pupils' twinspace.<\/li>\n<li>April: Cooking of the shared recipes and upload to pupils' twinspace.<\/li>\n<li>May: we'll try to organise a mobility.<\/li>\n<\/ul>\n<p style=\"text-align: justify;\">This schedule of activities is subject to the evolution of health situation.<\/p>\n<p style=\"text-align: justify;\">We'd like to convey hope and optimism. We know that, as in other occasions, we can count on you, with the help and collaboration of all the familiesof our school. This time, more than ever, we need your support and confidence to look forward and to go on working wit illusion, as ever. Together we can do it!<\/p>\n<p style=\"text-align: justify;\">Happy 2020\/21<\/p>\n<p style=\"text-align: justify;\">\n<p style=\"text-align: justify;\">Isabel Guerle<\/p>\n<p style=\"text-align: justify;\">Bilingual Coordinator of Cruz del Campo Primary School.<\/p>\n<\/div>\n<p>[\/et_pb_text][\/et_pb_column][\/et_pb_row][et_pb_row column_structure=\u00bb1_2,1_2&#8243; _builder_version=\u00bb4.16&#8243; global_colors_info=\u00bb{}\u00bb][et_pb_column type=\u00bb1_2&#8243; _builder_version=\u00bb4.16&#8243; global_colors_info=\u00bb{}\u00bb][et_pb_image src=\u00bbhttps:\/\/colegiocruzdelcampo.com\/wp-content\/uploads\/2020\/10\/fetch.jpg\u00bb _builder_version=\u00bb4.16&#8243; animation_style=\u00bbslide\u00bb global_colors_info=\u00bb{}\u00bb][\/et_pb_image][\/et_pb_column][et_pb_column type=\u00bb1_2&#8243; _builder_version=\u00bb4.16&#8243; global_colors_info=\u00bb{}\u00bb][et_pb_image src=\u00bbhttps:\/\/colegiocruzdelcampo.com\/wp-content\/uploads\/2020\/10\/fetch-1-scaled.jpg\u00bb _builder_version=\u00bb4.16&#8243; global_colors_info=\u00bb{}\u00bb][\/et_pb_image][\/et_pb_column][\/et_pb_row][\/et_pb_section][et_pb_section fb_built=\u00bb1&#8243; _builder_version=\u00bb4.27.4&#8243; background_color=\u00bb#ffffff\u00bb top_divider_style=\u00bbslant2&#8243; top_divider_color=\u00bb#00af08&#8243; top_divider_height=\u00bb52px\u00bb bottom_divider_style=\u00bbramp2&#8243; bottom_divider_color=\u00bb#00af08&#8243; bottom_divider_height=\u00bb64px\u00bb animation_style=\u00bbslide\u00bb hover_enabled=\u00bb0&#8243; global_colors_info=\u00bb{}\u00bb sticky_enabled=\u00bb0&#8243;][et_pb_row _builder_version=\u00bb4.16&#8243; global_colors_info=\u00bb{}\u00bb][et_pb_column type=\u00bb4_4&#8243; _builder_version=\u00bb4.16&#8243; custom_padding=\u00bb|||\u00bb global_colors_info=\u00bb{}\u00bb custom_padding__hover=\u00bb|||\u00bb][et_pb_contact_form title=\u00bbContacta con nosotros\u00bb success_message=\u00bbGracias por contactar con nuestro colegio.\u00bb submit_button_text=\u00bbenviar\u00bb module_id=\u00bbet_pb_contact_form_0&#8243; _builder_version=\u00bb4.16&#8243; _unique_id=\u00bbfff64fa3-ff15-4cb3-a2ca-6dc31e85c2ce\u00bb global_colors_info=\u00bb{}\u00bb][et_pb_contact_field field_id=\u00bbName\u00bb field_title=\u00bbNombre\u00bb _builder_version=\u00bb4.16&#8243; global_colors_info=\u00bb{}\u00bb button_text_size__hover_enabled=\u00bboff\u00bb button_one_text_size__hover_enabled=\u00bboff\u00bb button_two_text_size__hover_enabled=\u00bboff\u00bb button_text_color__hover_enabled=\u00bboff\u00bb button_one_text_color__hover_enabled=\u00bboff\u00bb button_two_text_color__hover_enabled=\u00bboff\u00bb button_border_width__hover_enabled=\u00bboff\u00bb button_one_border_width__hover_enabled=\u00bboff\u00bb button_two_border_width__hover_enabled=\u00bboff\u00bb button_border_color__hover_enabled=\u00bboff\u00bb button_one_border_color__hover_enabled=\u00bboff\u00bb button_two_border_color__hover_enabled=\u00bboff\u00bb button_border_radius__hover_enabled=\u00bboff\u00bb button_one_border_radius__hover_enabled=\u00bboff\u00bb button_two_border_radius__hover_enabled=\u00bboff\u00bb button_letter_spacing__hover_enabled=\u00bboff\u00bb button_one_letter_spacing__hover_enabled=\u00bboff\u00bb button_two_letter_spacing__hover_enabled=\u00bboff\u00bb button_bg_color__hover_enabled=\u00bboff\u00bb button_one_bg_color__hover_enabled=\u00bboff\u00bb button_two_bg_color__hover_enabled=\u00bboff\u00bb][\/et_pb_contact_field][et_pb_contact_field field_id=\u00bbEmail\u00bb field_title=\u00bbDirecci\u00f3n de correo electr\u00f3nico\u00bb field_type=\u00bbemail\u00bb _builder_version=\u00bb4.16&#8243; global_colors_info=\u00bb{}\u00bb button_text_size__hover_enabled=\u00bboff\u00bb button_one_text_size__hover_enabled=\u00bboff\u00bb button_two_text_size__hover_enabled=\u00bboff\u00bb button_text_color__hover_enabled=\u00bboff\u00bb button_one_text_color__hover_enabled=\u00bboff\u00bb button_two_text_color__hover_enabled=\u00bboff\u00bb button_border_width__hover_enabled=\u00bboff\u00bb button_one_border_width__hover_enabled=\u00bboff\u00bb button_two_border_width__hover_enabled=\u00bboff\u00bb button_border_color__hover_enabled=\u00bboff\u00bb button_one_border_color__hover_enabled=\u00bboff\u00bb button_two_border_color__hover_enabled=\u00bboff\u00bb button_border_radius__hover_enabled=\u00bboff\u00bb button_one_border_radius__hover_enabled=\u00bboff\u00bb button_two_border_radius__hover_enabled=\u00bboff\u00bb button_letter_spacing__hover_enabled=\u00bboff\u00bb button_one_letter_spacing__hover_enabled=\u00bboff\u00bb button_two_letter_spacing__hover_enabled=\u00bboff\u00bb button_bg_color__hover_enabled=\u00bboff\u00bb button_one_bg_color__hover_enabled=\u00bboff\u00bb button_two_bg_color__hover_enabled=\u00bboff\u00bb][\/et_pb_contact_field][et_pb_contact_field field_id=\u00bbMessage\u00bb field_title=\u00bbMensaje\u00bb field_type=\u00bbtext\u00bb fullwidth_field=\u00bbon\u00bb _builder_version=\u00bb4.16&#8243; global_colors_info=\u00bb{}\u00bb button_text_size__hover_enabled=\u00bboff\u00bb button_one_text_size__hover_enabled=\u00bboff\u00bb button_two_text_size__hover_enabled=\u00bboff\u00bb button_text_color__hover_enabled=\u00bboff\u00bb button_one_text_color__hover_enabled=\u00bboff\u00bb button_two_text_color__hover_enabled=\u00bboff\u00bb button_border_width__hover_enabled=\u00bboff\u00bb button_one_border_width__hover_enabled=\u00bboff\u00bb button_two_border_width__hover_enabled=\u00bboff\u00bb button_border_color__hover_enabled=\u00bboff\u00bb button_one_border_color__hover_enabled=\u00bboff\u00bb button_two_border_color__hover_enabled=\u00bboff\u00bb button_border_radius__hover_enabled=\u00bboff\u00bb button_one_border_radius__hover_enabled=\u00bboff\u00bb button_two_border_radius__hover_enabled=\u00bboff\u00bb button_letter_spacing__hover_enabled=\u00bboff\u00bb button_one_letter_spacing__hover_enabled=\u00bboff\u00bb button_two_letter_spacing__hover_enabled=\u00bboff\u00bb button_bg_color__hover_enabled=\u00bboff\u00bb button_one_bg_color__hover_enabled=\u00bboff\u00bb button_two_bg_color__hover_enabled=\u00bboff\u00bb][\/et_pb_contact_field][\/et_pb_contact_form][\/et_pb_column][\/et_pb_row][et_pb_row _builder_version=\u00bb4.16&#8243; global_colors_info=\u00bb{}\u00bb][et_pb_column type=\u00bb4_4&#8243; _builder_version=\u00bb4.16&#8243; custom_padding=\u00bb|||\u00bb global_colors_info=\u00bb{}\u00bb custom_padding__hover=\u00bb|||\u00bb][et_pb_text _builder_version=\u00bb4.16&#8243; global_colors_info=\u00bb{}\u00bb]<\/p>\n<p style=\"text-align: center;\"><span style=\"color: #ff0000;\"><strong>C.E.PR. Cruz del Campo<\/strong><\/span>. 52 Cruz del Campo Avenue <span class=\"LrzXr\">41005 Seville. Telephone <strong>955 624 855<\/strong>. <a href=\"mailto:41018239.edu@juntadeandalucia.es\">Contact by e - mail.<\/a><br \/>\n<\/span><\/p>\n<p>[\/et_pb_text][\/et_pb_column][\/et_pb_row][\/et_pb_section][et_pb_section fb_built=\u00bb1&#8243; fullwidth=\u00bbon\u00bb _builder_version=\u00bb4.16&#8243; global_colors_info=\u00bb{}\u00bb][\/et_pb_section][et_pb_section fb_built=\u00bb1&#8243; fullwidth=\u00bbon\u00bb _builder_version=\u00bb4.16&#8243; global_colors_info=\u00bb{}\u00bb][et_pb_fullwidth_map address=\u00bbAv. de la Cruz del Campo, 18, 41005 Sevilla, Espa\u00f1a\u00bb zoom_level=\u00bb19&#8243; address_lat=\u00bb37.38379391652372&#8243; address_lng=\u00bb-5.966102988371404&#8243; mouse_wheel=\u00bboff\u00bb _builder_version=\u00bb4.16&#8243; animation_style=\u00bbslide\u00bb global_colors_info=\u00bb{}\u00bb][et_pb_map_pin title=\u00bbColegio Cruz del Campo Sevilla\u00bb pin_address=\u00bbAv. de la Cruz del Campo, 18, 41005 Sevilla\u00bb _builder_version=\u00bb3.3.1&#8243; global_colors_info=\u00bb{}\u00bb][\/et_pb_map_pin][\/et_pb_fullwidth_map][\/et_pb_section]<\/p>","protected":false},"excerpt":{"rendered":"<p>PRESENTACI\u00d3N DEL PROYECTO:\u00a0 Desde el programa biling\u00fce del centro, les queremos dar la bienvenida a este nuevo curso escolar 2020-2021, que de forma tan especial ha comenzado. Despu\u00e9s de 3 meses de confinamiento, y tras las vacaciones de verano, volvemos con ganas ilusi\u00f3n, pero adem\u00e1s, con una gran noticia: vamos a participar en otro proyecto [&hellip;]<\/p>","protected":false},"author":5,"featured_media":0,"parent":204943,"menu_order":0,"comment_status":"closed","ping_status":"closed","template":"","meta":{"_et_pb_use_builder":"on","_et_pb_old_content":"","_et_gb_content_width":"","footnotes":""},"class_list":["post-208941","page","type-page","status-publish","hentry"],"_links":{"self":[{"href":"https:\/\/colegiocruzdelcampo.com\/en\/wp-json\/wp\/v2\/pages\/208941","targetHints":{"allow":["GET"]}}],"collection":[{"href":"https:\/\/colegiocruzdelcampo.com\/en\/wp-json\/wp\/v2\/pages"}],"about":[{"href":"https:\/\/colegiocruzdelcampo.com\/en\/wp-json\/wp\/v2\/types\/page"}],"author":[{"embeddable":true,"href":"https:\/\/colegiocruzdelcampo.com\/en\/wp-json\/wp\/v2\/users\/5"}],"replies":[{"embeddable":true,"href":"https:\/\/colegiocruzdelcampo.com\/en\/wp-json\/wp\/v2\/comments?post=208941"}],"version-history":[{"count":18,"href":"https:\/\/colegiocruzdelcampo.com\/en\/wp-json\/wp\/v2\/pages\/208941\/revisions"}],"predecessor-version":[{"id":210531,"href":"https:\/\/colegiocruzdelcampo.com\/en\/wp-json\/wp\/v2\/pages\/208941\/revisions\/210531"}],"up":[{"embeddable":true,"href":"https:\/\/colegiocruzdelcampo.com\/en\/wp-json\/wp\/v2\/pages\/204943"}],"wp:attachment":[{"href":"https:\/\/colegiocruzdelcampo.com\/en\/wp-json\/wp\/v2\/media?parent=208941"}],"curies":[{"name":"wp","href":"https:\/\/api.w.org\/{rel}","templated":true}]}}