{"id":207884,"date":"2020-01-08T21:17:08","date_gmt":"2020-01-08T21:17:08","guid":{"rendered":"http:\/\/colegiocruzdelcampo.es\/?page_id=207884"},"modified":"2025-03-26T12:09:17","modified_gmt":"2025-03-26T12:09:17","slug":"healthy-styles-pathways-of-life","status":"publish","type":"page","link":"https:\/\/colegiocruzdelcampo.com\/en\/proyectos\/erasmus\/healthy-styles-pathways-of-life\/","title":{"rendered":"HEALTHY STYLES: PATHWAYS OF LIFE."},"content":{"rendered":"<p>[et_pb_section fb_built=\u00bb1&#8243; fullwidth=\u00bbon\u00bb admin_label=\u00bbSecci\u00f3n\u00bb _builder_version=\u00bb4.17.4&#8243; background_image=\u00bbhttps:\/\/colegiocruzdelcampo.com\/wp-content\/uploads\/2018\/06\/cabecerapequecontenido.jpg\u00bb parallax=\u00bbon\u00bb custom_padding=\u00bb0|0px|0|0px|false|false\u00bb animation_style=\u00bbslide\u00bb animation_duration=\u00bb1150ms\u00bb global_module=\u00bb205811&#8243; saved_tabs=\u00bball\u00bb global_colors_info=\u00bb{}\u00bb][\/et_pb_section][et_pb_section fb_built=\u00bb1&#8243; _builder_version=\u00bb4.16&#8243; global_colors_info=\u00bb{}\u00bb][et_pb_row _builder_version=\u00bb4.16&#8243; global_colors_info=\u00bb{}\u00bb][et_pb_column type=\u00bb4_4&#8243; _builder_version=\u00bb4.16&#8243; custom_padding=\u00bb|||\u00bb global_colors_info=\u00bb{}\u00bb custom_padding__hover=\u00bb|||\u00bb][et_pb_post_title meta=\u00bboff\u00bb featured_image=\u00bboff\u00bb _builder_version=\u00bb4.16&#8243; title_text_color=\u00bb#e02b20&#8243; text_orientation=\u00bbcenter\u00bb animation_style=\u00bbslide\u00bb global_colors_info=\u00bb{}\u00bb][\/et_pb_post_title][et_pb_text _builder_version=\u00bb4.16&#8243; global_colors_info=\u00bb{}\u00bb]<\/p>\n<p><strong>HEALTHY STYLES-PATHWAYS FOR LIFE<\/strong><\/p>\n<p>After the success of our last Erasmus, Lab4SPACE, we have obtained the approval and consequently, funded of a new European project to carry out over the next 24 months.<\/p>\n<p class=\"translation-block\">Our new project is called HEALTHY STYLES-PATHWAYS FOR LIFE, and the main topic is the Environment. To carry it out, we count on the partners of our previous project: Italy, Slovenia and Latvia, and, in addition to a new partner from Greece, so we will be five members in total this time.<\/p>\n<p>The idea of joining again to work on this new project, stems from the need to instill and educate our students in respect for the environment around us, as well as the firm belief of how much can be done from school to contribute to a more sustainable development of our environment.<\/p>\n<p>As main objectives, we intend to start from the nearest: ourselves, our homes ..., carrying out healthy lifestyle habits. Then, we want to move forward sharing our concerns from each of our contexts: green areas, non-polluting transport, urban furniture care, recycling ... through surveys and sharing experineces. Creating and sharing healthy eating habits, responsible consumption, physical activities, inclusive areas, etc.<\/p>\n<p>For this, our first meeting of teachers and students that will take place in Seville next February, all participating centers will share interests, strategies, interventions and good practices based on each of our contexts and our realities.<\/p>\n<p>We intend to directly involve our entire school, since the impact and results will include the whole educational community.<\/p>\n<p>The project communication vehicle will be the English language.<\/p>\n<p>&nbsp;<\/p>\n<p>&nbsp;<\/p>\n<p>&nbsp;<\/p>\n<p>&nbsp;<\/p>\n<p>&nbsp;<\/p>\n<p><strong>\u00a0PARTICIPATING CENTERS: <\/strong><\/p>\n<ul>\n<li>Istituto Comprensivo \u201cCardinale Agostino Casaroli (Italia) (Centro coordinador)<\/li>\n<li>Osnovna sola borcev za severno mejo (Eslovenia)<\/li>\n<li>E.PR Cruz del Campo (Espa\u00f1a)<\/li>\n<li>Bikernieku pamatskola (Letonia)<\/li>\n<li>Dimotiko Sxolio Ano Syrou (Grecia)<\/li>\n<\/ul>\n<p><strong>\u00a0<\/strong><\/p>\n<p><strong>DURATION:<\/strong><\/p>\n<p>From September 2019 to September 2021<\/p>\n<p><strong>\u00a0<\/strong><\/p>\n<p><strong>ACTIVITY MODELS<\/strong><\/p>\n<ul>\n<li>Presentation of the project to the educational community.<\/li>\n<li>Completion of a questionnaire to collect data from each center.<\/li>\n<li>LOGO contest<\/li>\n<li>Creation of eTwinning page to share and spread presentations and materials.<\/li>\n<li>Presentation of the most significant environmental problems in each context: pooling of materials.<\/li>\n<li>Use of Skype for first contact between students.<\/li>\n<li>Research on architectural barriers in the areas.<\/li>\n<li>Preparation of posters and posters to disseminate information.<\/li>\n<li>Project evaluation<\/li>\n<li>Making final report for approval.<\/li>\n<\/ul>\n<p><strong>MOBILITIES<\/strong><\/p>\n<ul>\n<li>Italy (teachers only) October 2019<\/li>\n<li>Spain (teachers and students) February 2020<\/li>\n<li>Latvia (teachers and students) May 2020<\/li>\n<li>Greece (teaching staff and students) October 2020<\/li>\n<li>Italy (teaching staff and students) March 2021<\/li>\n<li>Slovenia (teachers and students) May 2021<\/li>\n<li>Spain (teachers only) September 2021<\/li>\n<\/ul>\n<p>&nbsp;<\/p>\n<p><strong>ORGANIZATION OF MOBILITIES<\/strong><\/p>\n<p>In each of the motilities, six students from each center will participate, accompanied by two teachers. The trips will last 7 days, two of which are considered displacement and the remaining five work. The host centers will be responsible for organizing the different activities in their locations.<\/p>\n<p>&nbsp;<\/p>\n<p><strong>FIRST MEETING IN SEVILLE<\/strong><\/p>\n<p class=\"translation-block\">The meeting in Seville will take place during the week of February 9 to 16. During this mobility, in which we will be the hat school, we will organize a wide and varied program of activities, among which we point out: reception act, organization of the contest for the Official Logo of the Project, cultural visits to our city, coexistence in La Juliana , workshops with recycled materials, participation in the Nature Classroom, visit to the LIPASAM company facilities, farewell dinner\u2026<\/p>\n<p>Many of these activities will involve all the students. Others, however, will only affect third-cycle students, as students of these ages are the target of the project.<\/p>\n<p>Among them, a total of 8 \u201cambassadors\u201d will be selected each day, two to attend to each of the participant groups. Their mission will be to accompany them in all the activities and meet any need that may arise.<\/p>\n<p><strong>SECOND MEETING IN LATVIA<\/strong><\/p>\n<p>During this school year, there will also be a mobility to Latvia.<\/p>\n<p>It will also be the students of the third cycle, specifically those of the sixth year, who will participate in the meeting that will be held  in May 2020. Since only 6 students will be able to attend, at the time the families that authorize their children to travel, will be taken into account. In the event that there are more candidates than places, the selection criteria will be applied.<\/p>\n<p>In each of these meetings, the host center is responsible for organizing the week of activities, although always taking into account those programmed in the initial project, as well as the decisions taken at the meeting that preceded it.<\/p>\n<p>&nbsp;<\/p>\n<p style=\"text-align: justify;\">From CEPR Cruz del Campo, we face this project with great enthusiasm and with the conviction that it will be an extraordinary opportunity to achieve many of our goals. We are also aware of the impact it will have on the center and the extra and extraordinary effort and dedication that it requires from all of us, starting with us, the teachers, and following for our students and, of course, for their families.<\/p>\n<p>[\/et_pb_text][\/et_pb_column][\/et_pb_row][et_pb_row column_structure=\u00bb1_2,1_2&#8243; _builder_version=\u00bb4.16&#8243; global_colors_info=\u00bb{}\u00bb][et_pb_column type=\u00bb1_2&#8243; _builder_version=\u00bb4.16&#8243; global_colors_info=\u00bb{}\u00bb][et_pb_image src=\u00bbhttps:\/\/colegiocruzdelcampo.com\/wp-content\/uploads\/2020\/10\/fetch.jpg\u00bb _builder_version=\u00bb4.16&#8243; animation_style=\u00bbslide\u00bb global_colors_info=\u00bb{}\u00bb][\/et_pb_image][\/et_pb_column][et_pb_column type=\u00bb1_2&#8243; _builder_version=\u00bb4.16&#8243; global_colors_info=\u00bb{}\u00bb][et_pb_image src=\u00bbhttps:\/\/colegiocruzdelcampo.com\/wp-content\/uploads\/2020\/10\/fetch-1-scaled.jpg\u00bb _builder_version=\u00bb4.16&#8243; animation_style=\u00bbslide\u00bb global_colors_info=\u00bb{}\u00bb][\/et_pb_image][\/et_pb_column][\/et_pb_row][\/et_pb_section][et_pb_section fb_built=\u00bb1&#8243; _builder_version=\u00bb4.27.4&#8243; background_color=\u00bb#ffffff\u00bb top_divider_style=\u00bbslant2&#8243; top_divider_color=\u00bb#00af08&#8243; top_divider_height=\u00bb52px\u00bb bottom_divider_style=\u00bbramp2&#8243; bottom_divider_color=\u00bb#00af08&#8243; bottom_divider_height=\u00bb64px\u00bb animation_style=\u00bbslide\u00bb hover_enabled=\u00bb0&#8243; global_colors_info=\u00bb{}\u00bb sticky_enabled=\u00bb0&#8243;][et_pb_row _builder_version=\u00bb4.16&#8243; global_colors_info=\u00bb{}\u00bb][et_pb_column type=\u00bb4_4&#8243; _builder_version=\u00bb4.16&#8243; custom_padding=\u00bb|||\u00bb global_colors_info=\u00bb{}\u00bb custom_padding__hover=\u00bb|||\u00bb][et_pb_contact_form title=\u00bbContacta con nosotros\u00bb success_message=\u00bbGracias por contactar con nuestro colegio.\u00bb submit_button_text=\u00bbenviar\u00bb module_id=\u00bbet_pb_contact_form_0&#8243; _builder_version=\u00bb4.16&#8243; _unique_id=\u00bb72b3e380-d356-418f-8455-cb4a920f9e49&#8243; global_colors_info=\u00bb{}\u00bb][et_pb_contact_field field_id=\u00bbName\u00bb field_title=\u00bbNombre\u00bb _builder_version=\u00bb4.16&#8243; global_colors_info=\u00bb{}\u00bb button_text_size__hover_enabled=\u00bboff\u00bb button_one_text_size__hover_enabled=\u00bboff\u00bb button_two_text_size__hover_enabled=\u00bboff\u00bb button_text_color__hover_enabled=\u00bboff\u00bb button_one_text_color__hover_enabled=\u00bboff\u00bb button_two_text_color__hover_enabled=\u00bboff\u00bb button_border_width__hover_enabled=\u00bboff\u00bb button_one_border_width__hover_enabled=\u00bboff\u00bb button_two_border_width__hover_enabled=\u00bboff\u00bb button_border_color__hover_enabled=\u00bboff\u00bb button_one_border_color__hover_enabled=\u00bboff\u00bb button_two_border_color__hover_enabled=\u00bboff\u00bb button_border_radius__hover_enabled=\u00bboff\u00bb button_one_border_radius__hover_enabled=\u00bboff\u00bb button_two_border_radius__hover_enabled=\u00bboff\u00bb button_letter_spacing__hover_enabled=\u00bboff\u00bb button_one_letter_spacing__hover_enabled=\u00bboff\u00bb button_two_letter_spacing__hover_enabled=\u00bboff\u00bb button_bg_color__hover_enabled=\u00bboff\u00bb button_one_bg_color__hover_enabled=\u00bboff\u00bb button_two_bg_color__hover_enabled=\u00bboff\u00bb][\/et_pb_contact_field][et_pb_contact_field field_id=\u00bbEmail\u00bb field_title=\u00bbDirecci\u00f3n de correo electr\u00f3nico\u00bb field_type=\u00bbemail\u00bb _builder_version=\u00bb4.16&#8243; global_colors_info=\u00bb{}\u00bb button_text_size__hover_enabled=\u00bboff\u00bb button_one_text_size__hover_enabled=\u00bboff\u00bb button_two_text_size__hover_enabled=\u00bboff\u00bb button_text_color__hover_enabled=\u00bboff\u00bb button_one_text_color__hover_enabled=\u00bboff\u00bb button_two_text_color__hover_enabled=\u00bboff\u00bb button_border_width__hover_enabled=\u00bboff\u00bb button_one_border_width__hover_enabled=\u00bboff\u00bb button_two_border_width__hover_enabled=\u00bboff\u00bb button_border_color__hover_enabled=\u00bboff\u00bb button_one_border_color__hover_enabled=\u00bboff\u00bb button_two_border_color__hover_enabled=\u00bboff\u00bb button_border_radius__hover_enabled=\u00bboff\u00bb button_one_border_radius__hover_enabled=\u00bboff\u00bb button_two_border_radius__hover_enabled=\u00bboff\u00bb button_letter_spacing__hover_enabled=\u00bboff\u00bb button_one_letter_spacing__hover_enabled=\u00bboff\u00bb button_two_letter_spacing__hover_enabled=\u00bboff\u00bb button_bg_color__hover_enabled=\u00bboff\u00bb button_one_bg_color__hover_enabled=\u00bboff\u00bb button_two_bg_color__hover_enabled=\u00bboff\u00bb][\/et_pb_contact_field][et_pb_contact_field field_id=\u00bbMessage\u00bb field_title=\u00bbMensaje\u00bb field_type=\u00bbtext\u00bb fullwidth_field=\u00bbon\u00bb _builder_version=\u00bb4.16&#8243; global_colors_info=\u00bb{}\u00bb button_text_size__hover_enabled=\u00bboff\u00bb button_one_text_size__hover_enabled=\u00bboff\u00bb button_two_text_size__hover_enabled=\u00bboff\u00bb button_text_color__hover_enabled=\u00bboff\u00bb button_one_text_color__hover_enabled=\u00bboff\u00bb button_two_text_color__hover_enabled=\u00bboff\u00bb button_border_width__hover_enabled=\u00bboff\u00bb button_one_border_width__hover_enabled=\u00bboff\u00bb button_two_border_width__hover_enabled=\u00bboff\u00bb button_border_color__hover_enabled=\u00bboff\u00bb button_one_border_color__hover_enabled=\u00bboff\u00bb button_two_border_color__hover_enabled=\u00bboff\u00bb button_border_radius__hover_enabled=\u00bboff\u00bb button_one_border_radius__hover_enabled=\u00bboff\u00bb button_two_border_radius__hover_enabled=\u00bboff\u00bb button_letter_spacing__hover_enabled=\u00bboff\u00bb button_one_letter_spacing__hover_enabled=\u00bboff\u00bb button_two_letter_spacing__hover_enabled=\u00bboff\u00bb button_bg_color__hover_enabled=\u00bboff\u00bb button_one_bg_color__hover_enabled=\u00bboff\u00bb button_two_bg_color__hover_enabled=\u00bboff\u00bb][\/et_pb_contact_field][\/et_pb_contact_form][\/et_pb_column][\/et_pb_row][et_pb_row _builder_version=\u00bb4.16&#8243; global_colors_info=\u00bb{}\u00bb][et_pb_column type=\u00bb4_4&#8243; _builder_version=\u00bb4.16&#8243; custom_padding=\u00bb|||\u00bb global_colors_info=\u00bb{}\u00bb custom_padding__hover=\u00bb|||\u00bb][et_pb_text _builder_version=\u00bb4.16&#8243; global_colors_info=\u00bb{}\u00bb]<\/p>\n<p style=\"text-align: center;\"><span style=\"color: #ff0000;\"><strong>C.E.PR. Cruz del Campo<\/strong><\/span>. 52 Cruz del Campo Avenue <span class=\"LrzXr\">41005 Seville. Telephone <strong>955 624 855<\/strong>. <a href=\"mailto:41018239.edu@juntadeandalucia.es\">Contact by e - mail.<\/a><br \/>\n<\/span><\/p>\n<p>[\/et_pb_text][\/et_pb_column][\/et_pb_row][\/et_pb_section][et_pb_section fb_built=\u00bb1&#8243; fullwidth=\u00bbon\u00bb _builder_version=\u00bb4.16&#8243; global_colors_info=\u00bb{}\u00bb][\/et_pb_section][et_pb_section fb_built=\u00bb1&#8243; fullwidth=\u00bbon\u00bb _builder_version=\u00bb4.16&#8243; global_colors_info=\u00bb{}\u00bb][et_pb_fullwidth_map address=\u00bbAv. de la Cruz del Campo, 18, 41005 Sevilla, Espa\u00f1a\u00bb zoom_level=\u00bb19&#8243; address_lat=\u00bb37.38379391652372&#8243; address_lng=\u00bb-5.966102988371404&#8243; mouse_wheel=\u00bboff\u00bb _builder_version=\u00bb4.16&#8243; animation_style=\u00bbslide\u00bb global_colors_info=\u00bb{}\u00bb][et_pb_map_pin title=\u00bbColegio Cruz del Campo Sevilla\u00bb pin_address=\u00bbAv. de la Cruz del Campo, 18, 41005 Sevilla\u00bb _builder_version=\u00bb3.3.1&#8243; global_colors_info=\u00bb{}\u00bb][\/et_pb_map_pin][\/et_pb_fullwidth_map][\/et_pb_section]<\/p>","protected":false},"excerpt":{"rendered":"<p>HEALTHY STYLES-PATHWAYS FOR LIFE Tras el \u00e9xito de nuestro ya finalizado Erasmus, Lab4SPACE, hemos conseguido la aprobaci\u00f3n y consiguiente financiaci\u00f3n de un nuevo proyecto europeo para llevar a cabo durante los pr\u00f3ximos 24 meses. Nuestro nuevo proyecto se llama HEALTHY STYLES-PATHWAYS FOR LIFE, y el tema principal es el Medio Ambiente. Para llevarlo a cabo, [&hellip;]<\/p>","protected":false},"author":5,"featured_media":0,"parent":204943,"menu_order":0,"comment_status":"closed","ping_status":"closed","template":"","meta":{"_et_pb_use_builder":"on","_et_pb_old_content":"","_et_gb_content_width":"","footnotes":""},"class_list":["post-207884","page","type-page","status-publish","hentry"],"_links":{"self":[{"href":"https:\/\/colegiocruzdelcampo.com\/en\/wp-json\/wp\/v2\/pages\/207884","targetHints":{"allow":["GET"]}}],"collection":[{"href":"https:\/\/colegiocruzdelcampo.com\/en\/wp-json\/wp\/v2\/pages"}],"about":[{"href":"https:\/\/colegiocruzdelcampo.com\/en\/wp-json\/wp\/v2\/types\/page"}],"author":[{"embeddable":true,"href":"https:\/\/colegiocruzdelcampo.com\/en\/wp-json\/wp\/v2\/users\/5"}],"replies":[{"embeddable":true,"href":"https:\/\/colegiocruzdelcampo.com\/en\/wp-json\/wp\/v2\/comments?post=207884"}],"version-history":[{"count":10,"href":"https:\/\/colegiocruzdelcampo.com\/en\/wp-json\/wp\/v2\/pages\/207884\/revisions"}],"predecessor-version":[{"id":210529,"href":"https:\/\/colegiocruzdelcampo.com\/en\/wp-json\/wp\/v2\/pages\/207884\/revisions\/210529"}],"up":[{"embeddable":true,"href":"https:\/\/colegiocruzdelcampo.com\/en\/wp-json\/wp\/v2\/pages\/204943"}],"wp:attachment":[{"href":"https:\/\/colegiocruzdelcampo.com\/en\/wp-json\/wp\/v2\/media?parent=207884"}],"curies":[{"name":"wp","href":"https:\/\/api.w.org\/{rel}","templated":true}]}}