{"id":207238,"date":"2019-03-07T15:52:34","date_gmt":"2019-03-07T15:52:34","guid":{"rendered":"http:\/\/colegiocruzdelcampo.es\/?page_id=207238"},"modified":"2025-03-26T12:35:31","modified_gmt":"2025-03-26T12:35:31","slug":"profundiza","status":"publish","type":"page","link":"https:\/\/colegiocruzdelcampo.com\/en\/proyectos\/profundiza\/","title":{"rendered":"ARR\u00cdTMATE Y CANTA"},"content":{"rendered":"<p>[et_pb_section fb_built=\u00bb1&#8243; fullwidth=\u00bbon\u00bb admin_label=\u00bbSecci\u00f3n\u00bb _builder_version=\u00bb4.17.4&#8243; background_image=\u00bbhttps:\/\/colegiocruzdelcampo.com\/wp-content\/uploads\/2018\/06\/cabecerapequecontenido.jpg\u00bb parallax=\u00bbon\u00bb custom_padding=\u00bb0|0px|0|0px|false|false\u00bb animation_style=\u00bbslide\u00bb animation_duration=\u00bb1150ms\u00bb global_module=\u00bb205811&#8243; saved_tabs=\u00bball\u00bb global_colors_info=\u00bb{}\u00bb][\/et_pb_section][et_pb_section fb_built=\u00bb1&#8243; _builder_version=\u00bb4.16&#8243; global_colors_info=\u00bb{}\u00bb][et_pb_row _builder_version=\u00bb4.16&#8243; custom_padding=\u00bb25px|0px|27px|0px|false|false\u00bb global_colors_info=\u00bb{}\u00bb][et_pb_column type=\u00bb4_4&#8243; _builder_version=\u00bb4.16&#8243; custom_padding=\u00bb|||\u00bb global_colors_info=\u00bb{}\u00bb custom_padding__hover=\u00bb|||\u00bb][et_pb_post_title meta=\u00bboff\u00bb featured_image=\u00bboff\u00bb _builder_version=\u00bb4.16&#8243; title_font=\u00bb||||||||\u00bb title_text_color=\u00bb#e02b20&#8243; text_orientation=\u00bbcenter\u00bb animation_style=\u00bbslide\u00bb global_colors_info=\u00bb{}\u00bb]&nbsp;<br \/>\n[\/et_pb_post_title][et_pb_text _builder_version=\u00bb4.16&#8243; text_font=\u00bb||||||||\u00bb text_orientation=\u00bbjustified\u00bb animation_style=\u00bbslide\u00bb global_colors_info=\u00bb{}\u00bb]<\/p>\n<p style=\"text-align: justify;\">La Consejer\u00eda de Educaci\u00f3n pone de nuevo en marcha el Programa&nbsp;<strong>ANDALUC\u00cdA PROFUNDIZA,&nbsp;<\/strong>dirigido a:<\/p>\n<ul>\n<li style=\"text-align: justify;\"><strong>alumnado&nbsp;<\/strong>escolarizado en los cursos comprendidos&nbsp;<strong>entre 3\u00ba de Primaria hasta 4\u00ba de la ESO<\/strong><\/li>\n<li style=\"text-align: justify;\">como&nbsp;<strong>novedad<\/strong>, este curso acad\u00e9mico se ha ampliado el programa al<strong>&nbsp;alumnado de los centros espec\u00edficos de educaci\u00f3n especial<\/strong>&nbsp;que est\u00e9 cursando el per\u00edodo de formaci\u00f3n b\u00e1sica de car\u00e1cter obligatorio.<\/li>\n<\/ul>\n<p class=\"titulo\" style=\"text-align: justify;\"><a href=\"http:\/\/colegiocruzdelcampo.es\/wp-content\/uploads\/2019\/03\/Instrucciones-Profundiza-2018-19_firmadas.pdf\" target=\"_blank\" rel=\"noopener noreferrer\">Instrucciones sobre el funcionamiento del programa de profundizaci\u00f3n de conocimientos \u00bfAndaluc\u00eda Profundiza\u00bf en los centros docentes p\u00fablicos dependientes de la Consejer\u00eda de Educaci\u00f3n para el curso para el curso 2018-2019.<\/a><\/p>\n<p>[\/et_pb_text][\/et_pb_column][\/et_pb_row][et_pb_row _builder_version=\u00bb4.16&#8243; custom_padding=\u00bb2px|0px|27px|0px|false|false\u00bb global_colors_info=\u00bb{}\u00bb column_structure=\u00bb1_3,2_3&#8243;][et_pb_column type=\u00bb1_3&#8243; _builder_version=\u00bb4.16&#8243; custom_padding=\u00bb|||\u00bb global_colors_info=\u00bb{}\u00bb custom_padding__hover=\u00bb|||\u00bb][et_pb_image src=\u00bbhttp:\/\/colegiocruzdelcampo.es\/wp-content\/uploads\/2019\/03\/logo-andalucia-profundiza-header.png\u00bb align_tablet=\u00bbcenter\u00bb align_last_edited=\u00bbon|desktop\u00bb _builder_version=\u00bb4.16&#8243; animation_style=\u00bbslide\u00bb global_colors_info=\u00bb{}\u00bb align_phone=\u00bbcenter\u00bb]&nbsp;<br \/>\n[\/et_pb_image][\/et_pb_column][et_pb_column type=\u00bb2_3&#8243; _builder_version=\u00bb4.16&#8243; custom_padding=\u00bb|||\u00bb global_colors_info=\u00bb{}\u00bb custom_padding__hover=\u00bb|||\u00bb][et_pb_text _builder_version=\u00bb4.16&#8243; animation_style=\u00bbslide\u00bb global_colors_info=\u00bb{}\u00bb]<\/p>\n<p style=\"text-align: justify;\">Nuestro centro ha sido seleccionado por la Delegaci\u00f3n Provincial de Educaci\u00f3n de Sevilla para participar en el programa \u201cAndaluc\u00eda Profundiza\u201d con el t\u00edtulo de <strong>ARR\u00cdTMATE Y CANTA<\/strong>.<\/p>\n<p style=\"text-align: justify;\">&nbsp;&nbsp;&nbsp;&nbsp;&nbsp;&nbsp;&nbsp;&nbsp;&nbsp;&nbsp;&nbsp;&nbsp;&nbsp;&nbsp;&nbsp;&nbsp;&nbsp;&nbsp;&nbsp;&nbsp;&nbsp;&nbsp;&nbsp;&nbsp;&nbsp;&nbsp;&nbsp;&nbsp;&nbsp;&nbsp;&nbsp;&nbsp;&nbsp;&nbsp;&nbsp;&nbsp;&nbsp;&nbsp;&nbsp;&nbsp;&nbsp;&nbsp;&nbsp;&nbsp;&nbsp;&nbsp;&nbsp;&nbsp;&nbsp;&nbsp;&nbsp;&nbsp;&nbsp;&nbsp;&nbsp;&nbsp;&nbsp;&nbsp;&nbsp;&nbsp;&nbsp;&nbsp;&nbsp;&nbsp;&nbsp;&nbsp;&nbsp;&nbsp;&nbsp;&nbsp;&nbsp;&nbsp;&nbsp;&nbsp;&nbsp;&nbsp;&nbsp;&nbsp;&nbsp;&nbsp;&nbsp; El coordinador del Proyecto<\/p>\n<p style=\"text-align: justify;\">&nbsp;&nbsp;&nbsp;&nbsp;&nbsp;&nbsp;&nbsp;&nbsp;&nbsp;&nbsp;&nbsp;&nbsp;&nbsp;&nbsp;&nbsp;&nbsp;&nbsp;&nbsp;&nbsp;&nbsp;&nbsp;&nbsp;&nbsp;&nbsp;&nbsp;&nbsp;&nbsp;&nbsp;&nbsp;&nbsp;&nbsp;&nbsp;&nbsp;&nbsp;&nbsp;&nbsp;&nbsp;&nbsp;&nbsp;&nbsp;&nbsp;&nbsp;&nbsp;&nbsp;&nbsp;&nbsp;&nbsp;&nbsp;&nbsp;&nbsp;&nbsp;&nbsp;&nbsp;&nbsp;&nbsp;&nbsp;&nbsp;&nbsp;&nbsp;&nbsp;&nbsp;&nbsp;&nbsp;&nbsp;&nbsp;&nbsp;&nbsp;&nbsp;&nbsp;&nbsp;&nbsp;&nbsp;&nbsp;&nbsp;&nbsp;&nbsp;&nbsp;&nbsp;&nbsp;&nbsp;&nbsp; Luis Manuel Villalba \u00c1ngel<\/p>\n<p>[\/et_pb_text][\/et_pb_column][\/et_pb_row][et_pb_row _builder_version=\u00bb4.16&#8243; global_colors_info=\u00bb{}\u00bb][et_pb_column type=\u00bb4_4&#8243; _builder_version=\u00bb4.16&#8243; custom_padding=\u00bb|||\u00bb global_colors_info=\u00bb{}\u00bb custom_padding__hover=\u00bb|||\u00bb][et_pb_text _builder_version=\u00bb4.16&#8243; animation_style=\u00bbslide\u00bb global_colors_info=\u00bb{}\u00bb]<\/p>\n<p style=\"text-align: center;\"><strong>JUSTIFICACI\u00d3N DEL PROYECTO Y ADECUACI\u00d3N AL CONTEXTO DEL CENTRO<\/strong><\/p>\n<p style=\"text-align: justify;\">Por primera vez nuestro centro participa en el programa Profundiza con una propuesta destinada al desarrollo de las competencias. Conociendo la gran necesidad que tiene la sociedad en general de adquirir conocimientos cr\u00edticos sobre elementos art\u00edsticos y debido a la gran influencia audiovisual a la que se encuentra sometida, proponemos un proyecto destinado a adquirir destrezas para poder establecer juicios de valor sobre elementos audiovisuales presentes en nuestra sociedad,&nbsp; aprovechando el car\u00e1cter multidisciplinar de este arte y su lenguaje universal.<\/p>\n<p style=\"text-align: justify;\">Para tal fin nuestro punto de partida va a ser el alumno\/a, y mediante la investigaci\u00f3n, la improvisaci\u00f3n y el trabajo en grupo llegaremos a mejorar nuestra capacidad de comunicaci\u00f3n gracias al mejor conocimiento del lenguaje musical y su capacidad para transmitir.<\/p>\n<p style=\"text-align: justify;\">Este proyecto ser\u00e1 coordinado por nuestro especialista de m\u00fasica del centro, para que de esta manera pueda tener una aplicaci\u00f3n m\u00e1s intensa en la adquisici\u00f3n de conocimientos y se traduzca en una mejora en la forma de comunicar mediante el lenguaje art\u00edstico. Igualmente queremos que nuestro centro pueda ofrecer una actividad m\u00e1s donde los alumnos y alumnas encuentren un lugar en el que desarrollar y profundizar sus inquietudes musicales.<\/p>\n<p style=\"text-align: justify;\">Las caracter\u00edsticas de nuestro alumnado son muy variadas, por este motivo, nuestro proyecto servir\u00e1 igualmente como proyecto socializador e integrador. Las actividades en grupo facilitar\u00e1n el transvase de informaci\u00f3n y la consecuci\u00f3n de una conciencia m\u00e1s positiva sobre los valores de respeto y trabajo a nivel grupal.<\/p>\n<p style=\"text-align: center;\"><strong>OBJECTIVES<\/strong><\/p>\n<ul style=\"text-align: justify;\">\n<li>Descubrir nuestro cuerpo como principal instrumento, descubriendo sus posibilidades<\/li>\n<li>Descubrir y valorar el instrumento musical que llevamos con nosotros: la voz, vivenciando y explorando todas sus posibilidades t\u00e9cnicas y expresivas, as\u00ed como disfrutando del placer de hacer m\u00fasica.<\/li>\n<li>Conocer los diferentes estilos musicales de la historia.<\/li>\n<li>Analizar e investigar sobre la evoluci\u00f3n de los instrumentos musicales.<\/li>\n<li>Adquirir, con la pr\u00e1ctica de ejercicios, algunos conocimientos elementales de la t\u00e9cnica corporal y vocal.<\/li>\n<li>Aprender a realizar la respiraci\u00f3n costo-diafragm\u00e1tica, necesaria para la correcta emisi\u00f3n de la voz, as\u00ed como una relajaci\u00f3n corporal correcta.<\/li>\n<li>Explorar y utilizar adecuadamente los recursos expresivos del cuerpo.<\/li>\n<li>Aprender un repertorio de canciones variado: populares, de autor, en diferentes idiomas, de distintas culturas&#8230; a una y varias voces.<\/li>\n<li>Respetar las producciones art\u00edsticas del grupo, reconociendo la buena calidad en la interpretaci\u00f3n y valorando positivamente sus logros.<\/li>\n<li>Valorar el mensaje de las canciones musicales como manifestaci\u00f3n de los sentimientos del autor.<\/li>\n<li>Disfrutar con la realizaci\u00f3n de ensayos y actuaciones, aprendiendo con cada uno de ellos valores como el respeto mutuo, la cooperaci\u00f3n entre iguales o la no discriminaci\u00f3n.<\/li>\n<li>Adquirir un compromiso hacia la actividad, asistiendo a los ensayos de forma continuada y participando en los encuentros y actividades que sean programadas.<\/li>\n<li>Descubrir las estrategias para facilitar la accesibilidad de las personas a la m\u00fasica.<\/li>\n<li>Experimentar las posibilidades de comunicaci\u00f3n universal de la m\u00fasica.<\/li>\n<li>Experimentar la conexi\u00f3n con las otras personas a trav\u00e9s de la m\u00fasica.<\/li>\n<\/ul>\n<p style=\"text-align: justify;\">[\/et_pb_text][\/et_pb_column][\/et_pb_row][\/et_pb_section][et_pb_section fb_built=\u00bb1&#8243; _builder_version=\u00bb4.27.4&#8243; background_color=\u00bb#ffffff\u00bb top_divider_style=\u00bbslant2&#8243; top_divider_color=\u00bb#00af08&#8243; top_divider_height=\u00bb52px\u00bb bottom_divider_style=\u00bbramp2&#8243; bottom_divider_color=\u00bb#00af08&#8243; bottom_divider_height=\u00bb64px\u00bb animation_style=\u00bbslide\u00bb hover_enabled=\u00bb0&#8243; global_colors_info=\u00bb{}\u00bb sticky_enabled=\u00bb0&#8243;][et_pb_row _builder_version=\u00bb4.16&#8243; global_colors_info=\u00bb{}\u00bb][et_pb_column type=\u00bb4_4&#8243; _builder_version=\u00bb4.16&#8243; custom_padding=\u00bb|||\u00bb global_colors_info=\u00bb{}\u00bb custom_padding__hover=\u00bb|||\u00bb][et_pb_contact_form title=\u00bbContacta con nosotros\u00bb success_message=\u00bbGracias por contactar con nuestro colegio.\u00bb submit_button_text=\u00bbenviar\u00bb module_id=\u00bbet_pb_contact_form_0&#8243; _builder_version=\u00bb4.16&#8243; _unique_id=\u00bb4a7f6804-ba89-4008-8557-96a4ac05d878&#8243; global_colors_info=\u00bb{}\u00bb][et_pb_contact_field field_id=\u00bbName\u00bb field_title=\u00bbNombre\u00bb _builder_version=\u00bb4.16&#8243; global_colors_info=\u00bb{}\u00bb button_text_size__hover_enabled=\u00bboff\u00bb button_one_text_size__hover_enabled=\u00bboff\u00bb button_two_text_size__hover_enabled=\u00bboff\u00bb button_text_color__hover_enabled=\u00bboff\u00bb button_one_text_color__hover_enabled=\u00bboff\u00bb button_two_text_color__hover_enabled=\u00bboff\u00bb button_border_width__hover_enabled=\u00bboff\u00bb button_one_border_width__hover_enabled=\u00bboff\u00bb button_two_border_width__hover_enabled=\u00bboff\u00bb button_border_color__hover_enabled=\u00bboff\u00bb button_one_border_color__hover_enabled=\u00bboff\u00bb button_two_border_color__hover_enabled=\u00bboff\u00bb button_border_radius__hover_enabled=\u00bboff\u00bb button_one_border_radius__hover_enabled=\u00bboff\u00bb button_two_border_radius__hover_enabled=\u00bboff\u00bb button_letter_spacing__hover_enabled=\u00bboff\u00bb button_one_letter_spacing__hover_enabled=\u00bboff\u00bb button_two_letter_spacing__hover_enabled=\u00bboff\u00bb button_bg_color__hover_enabled=\u00bboff\u00bb button_one_bg_color__hover_enabled=\u00bboff\u00bb button_two_bg_color__hover_enabled=\u00bboff\u00bb][\/et_pb_contact_field][et_pb_contact_field field_id=\u00bbEmail\u00bb field_title=\u00bbDirecci\u00f3n de correo electr\u00f3nico\u00bb field_type=\u00bbemail\u00bb _builder_version=\u00bb4.16&#8243; global_colors_info=\u00bb{}\u00bb button_text_size__hover_enabled=\u00bboff\u00bb button_one_text_size__hover_enabled=\u00bboff\u00bb button_two_text_size__hover_enabled=\u00bboff\u00bb button_text_color__hover_enabled=\u00bboff\u00bb button_one_text_color__hover_enabled=\u00bboff\u00bb button_two_text_color__hover_enabled=\u00bboff\u00bb button_border_width__hover_enabled=\u00bboff\u00bb button_one_border_width__hover_enabled=\u00bboff\u00bb button_two_border_width__hover_enabled=\u00bboff\u00bb button_border_color__hover_enabled=\u00bboff\u00bb button_one_border_color__hover_enabled=\u00bboff\u00bb button_two_border_color__hover_enabled=\u00bboff\u00bb button_border_radius__hover_enabled=\u00bboff\u00bb button_one_border_radius__hover_enabled=\u00bboff\u00bb button_two_border_radius__hover_enabled=\u00bboff\u00bb button_letter_spacing__hover_enabled=\u00bboff\u00bb button_one_letter_spacing__hover_enabled=\u00bboff\u00bb button_two_letter_spacing__hover_enabled=\u00bboff\u00bb button_bg_color__hover_enabled=\u00bboff\u00bb button_one_bg_color__hover_enabled=\u00bboff\u00bb button_two_bg_color__hover_enabled=\u00bboff\u00bb][\/et_pb_contact_field][et_pb_contact_field field_id=\u00bbMessage\u00bb field_title=\u00bbMensaje\u00bb field_type=\u00bbtext\u00bb fullwidth_field=\u00bbon\u00bb _builder_version=\u00bb4.16&#8243; global_colors_info=\u00bb{}\u00bb button_text_size__hover_enabled=\u00bboff\u00bb button_one_text_size__hover_enabled=\u00bboff\u00bb button_two_text_size__hover_enabled=\u00bboff\u00bb button_text_color__hover_enabled=\u00bboff\u00bb button_one_text_color__hover_enabled=\u00bboff\u00bb button_two_text_color__hover_enabled=\u00bboff\u00bb button_border_width__hover_enabled=\u00bboff\u00bb button_one_border_width__hover_enabled=\u00bboff\u00bb button_two_border_width__hover_enabled=\u00bboff\u00bb button_border_color__hover_enabled=\u00bboff\u00bb button_one_border_color__hover_enabled=\u00bboff\u00bb button_two_border_color__hover_enabled=\u00bboff\u00bb button_border_radius__hover_enabled=\u00bboff\u00bb button_one_border_radius__hover_enabled=\u00bboff\u00bb button_two_border_radius__hover_enabled=\u00bboff\u00bb button_letter_spacing__hover_enabled=\u00bboff\u00bb button_one_letter_spacing__hover_enabled=\u00bboff\u00bb button_two_letter_spacing__hover_enabled=\u00bboff\u00bb button_bg_color__hover_enabled=\u00bboff\u00bb button_one_bg_color__hover_enabled=\u00bboff\u00bb button_two_bg_color__hover_enabled=\u00bboff\u00bb][\/et_pb_contact_field][\/et_pb_contact_form][et_pb_text _builder_version=\u00bb4.16&#8243; global_colors_info=\u00bb{}\u00bb]<\/p>\n<p style=\"text-align: center;\"><span style=\"color: #ff0000;\"><strong>C.E.PR. Cruz del Campo<\/strong><\/span>. 52 Cruz del Campo Avenue <span class=\"LrzXr\">41005 Seville. Telephone <strong>955 624 855<\/strong>. <a href=\"mailto:41018239.edu@juntadeandalucia.es\">Contact by e - mail.<\/a><br \/>\n<\/span><\/p>\n<p style=\"text-align: justify;\">[\/et_pb_text][\/et_pb_column][\/et_pb_row][\/et_pb_section][et_pb_section fb_built=\u00bb1&#8243; fullwidth=\u00bbon\u00bb _builder_version=\u00bb4.16&#8243; global_colors_info=\u00bb{}\u00bb][et_pb_fullwidth_map address=\u00bbAv. de la Cruz del Campo, 18, 41005 Sevilla, Espa\u00f1a\u00bb zoom_level=\u00bb19&#8243; address_lat=\u00bb37.38379391652372&#8243; address_lng=\u00bb-5.966102988371404&#8243; mouse_wheel=\u00bboff\u00bb _builder_version=\u00bb4.16&#8243; animation_style=\u00bbslide\u00bb global_colors_info=\u00bb{}\u00bb][et_pb_map_pin title=\u00bbColegio Cruz del Campo Sevilla\u00bb pin_address=\u00bbAv. de la Cruz del Campo, 18, 41005 Sevilla\u00bb _builder_version=\u00bb3.3.1&#8243; global_colors_info=\u00bb{}\u00bb][\/et_pb_map_pin][\/et_pb_fullwidth_map][\/et_pb_section]<\/p>","protected":false},"excerpt":{"rendered":"<p>&nbsp; La Consejer\u00eda de Educaci\u00f3n pone de nuevo en marcha el Programa&nbsp;ANDALUC\u00cdA PROFUNDIZA,&nbsp;dirigido a: alumnado&nbsp;escolarizado en los cursos comprendidos&nbsp;entre 3\u00ba de Primaria hasta 4\u00ba de la ESO como&nbsp;novedad, este curso acad\u00e9mico se ha ampliado el programa al&nbsp;alumnado de los centros espec\u00edficos de educaci\u00f3n especial&nbsp;que est\u00e9 cursando el per\u00edodo de formaci\u00f3n b\u00e1sica de car\u00e1cter obligatorio. Instrucciones [&hellip;]<\/p>","protected":false},"author":5,"featured_media":0,"parent":205020,"menu_order":0,"comment_status":"closed","ping_status":"closed","template":"","meta":{"_et_pb_use_builder":"on","_et_pb_old_content":"","_et_gb_content_width":"","footnotes":""},"class_list":["post-207238","page","type-page","status-publish","hentry"],"_links":{"self":[{"href":"https:\/\/colegiocruzdelcampo.com\/en\/wp-json\/wp\/v2\/pages\/207238","targetHints":{"allow":["GET"]}}],"collection":[{"href":"https:\/\/colegiocruzdelcampo.com\/en\/wp-json\/wp\/v2\/pages"}],"about":[{"href":"https:\/\/colegiocruzdelcampo.com\/en\/wp-json\/wp\/v2\/types\/page"}],"author":[{"embeddable":true,"href":"https:\/\/colegiocruzdelcampo.com\/en\/wp-json\/wp\/v2\/users\/5"}],"replies":[{"embeddable":true,"href":"https:\/\/colegiocruzdelcampo.com\/en\/wp-json\/wp\/v2\/comments?post=207238"}],"version-history":[{"count":20,"href":"https:\/\/colegiocruzdelcampo.com\/en\/wp-json\/wp\/v2\/pages\/207238\/revisions"}],"predecessor-version":[{"id":210538,"href":"https:\/\/colegiocruzdelcampo.com\/en\/wp-json\/wp\/v2\/pages\/207238\/revisions\/210538"}],"up":[{"embeddable":true,"href":"https:\/\/colegiocruzdelcampo.com\/en\/wp-json\/wp\/v2\/pages\/205020"}],"wp:attachment":[{"href":"https:\/\/colegiocruzdelcampo.com\/en\/wp-json\/wp\/v2\/media?parent=207238"}],"curies":[{"name":"wp","href":"https:\/\/api.w.org\/{rel}","templated":true}]}}