{"id":205945,"date":"2018-06-29T07:41:27","date_gmt":"2018-06-29T07:41:27","guid":{"rendered":"http:\/\/colegiocruzdelcampo.es\/?page_id=205945"},"modified":"2025-07-02T17:13:02","modified_gmt":"2025-07-02T17:13:02","slug":"3erciclo","status":"publish","type":"page","link":"https:\/\/colegiocruzdelcampo.com\/en\/documentos\/materiales\/3erciclo\/","title":{"rendered":"3rd CYCLE"},"content":{"rendered":"<p>[et_pb_section fb_built=\u00bb1&#8243; _builder_version=\u00bb4.16&#8243; global_colors_info=\u00bb{}\u00bb][et_pb_row _builder_version=\u00bb4.16&#8243; hover_enabled=\u00bb0&#8243; global_colors_info=\u00bb{}\u00bb sticky_enabled=\u00bb0&#8243;][et_pb_column type=\u00bb4_4&#8243; _builder_version=\u00bb4.16&#8243; custom_padding=\u00bb|||\u00bb global_colors_info=\u00bb{}\u00bb custom_padding__hover=\u00bb|||\u00bb][et_pb_text _builder_version=\u00bb4.27.4&#8243; animation_style=\u00bbfade\u00bb hover_enabled=\u00bb0&#8243; global_colors_info=\u00bb{}\u00bb sticky_enabled=\u00bb0&#8243;]<\/p>\n<p><strong>MATERIAL LIST FOR 5\u00ba AND 6\u00ba PRIMARY.<\/strong><br \/><strong>FORM 25\/26.<\/strong><\/p>\n<p>\u2022 4 stapled folio-size single-lined notebooks (without rings).<br \/>\u2022 1 notebook with grids (4\u00d74 mm.) Folio size with staples (without rings).<br \/>\u2022 1 pencil, better hb2, rubber, sharpener, school blunt tip scissors and a little glue bar.<br \/>\u2022 1 ruler of 30 cm.<br \/>\u2022 1 compass, 1 semicircle or protractor, square and bevel.<br \/>\u2022 1 box of wooden pencils (12 colors).<br \/>\u2022 1 box of fine tip markers (12 colours).<br \/>\u2022 1 Blue and 1 red ballpens.<br \/>\u2022 1 Vileda-type erasable marker.<br \/>\u2022 1 large pattern music notebook.<br \/>\u2022 1 drawing pad.<br \/>\u2022 1 block of cardboard for art craft.<br \/>\u2022 1 sweet flute.<br \/>\u2022 1 pack of 500 A4 sheets of 80 gr<br \/>\u2022 1 box of tissues.<br \/>\u2022 1 basic folio size folder (with elastic bands or similar).<br \/>\u2022 1 pack of wipes.<br \/>\u2022 School agenda.<\/p>\n<p><strong>IMPORTANT<\/strong><br \/>It is not necessary to buy material that is already available from previous years. Notebooks must be<br \/>stapled and NOT SPIRAL.<br \/>Any other material that may be necessary during the course will be communicated at the time.<\/p>\n<p style=\"text-align: center;\"><a href=\"https:\/\/colegiocruzdelcampo.com\/wp-content\/uploads\/2024\/06\/Listado-Material-5o-y-6o-24-25.pdf\" target=\"_blank\" rel=\"noopener\"><strong>List download.<\/strong><\/a><\/p>\n<p>&nbsp;<\/p>\n<p>[\/et_pb_text][et_pb_testimonial quote_icon_color=\u00bb#e02b20&#8243; _builder_version=\u00bb4.16&#8243; body_font=\u00bb||||||||\u00bb max_width=\u00bb83%\u00bb module_alignment=\u00bbcenter\u00bb custom_margin=\u00bb|||\u00bb custom_padding=\u00bb||0px|\u00bb animation_style=\u00bbfade\u00bb global_colors_info=\u00bb{}\u00bb]<\/p>\n<p style=\"text-align: center;\"><strong>Any other material that could be necessary along the academic year will be communicated.<\/strong><\/p>\n<p style=\"text-align: center;\"><strong>If you have some material from previous courses in a good state, you don't need to buy new ones.<\/strong><\/p>\n<p>[\/et_pb_testimonial][\/et_pb_column][\/et_pb_row][\/et_pb_section][et_pb_section fb_built=\u00bb1&#8243; _builder_version=\u00bb4.27.4&#8243; background_color=\u00bb#ffffff\u00bb top_divider_style=\u00bbslant2&#8243; top_divider_color=\u00bb#00af08&#8243; top_divider_height=\u00bb52px\u00bb bottom_divider_style=\u00bbramp2&#8243; bottom_divider_color=\u00bb#00af08&#8243; bottom_divider_height=\u00bb64px\u00bb animation_style=\u00bbslide\u00bb global_colors_info=\u00bb{}\u00bb][et_pb_row _builder_version=\u00bb4.16&#8243; global_colors_info=\u00bb{}\u00bb][et_pb_column type=\u00bb4_4&#8243; _builder_version=\u00bb4.16&#8243; custom_padding=\u00bb|||\u00bb global_colors_info=\u00bb{}\u00bb custom_padding__hover=\u00bb|||\u00bb][et_pb_contact_form title=\u00bbContacta con nosotros\u00bb success_message=\u00bbGracias por contactar con nuestro colegio.\u00bb submit_button_text=\u00bbenviar\u00bb module_id=\u00bbet_pb_contact_form_0&#8243; _builder_version=\u00bb4.16&#8243; _unique_id=\u00bb360e6902-121d-4007-84dc-c805777ed534&#8243; global_colors_info=\u00bb{}\u00bb][et_pb_contact_field field_id=\u00bbName\u00bb field_title=\u00bbNombre\u00bb _builder_version=\u00bb4.16&#8243; global_colors_info=\u00bb{}\u00bb button_text_size__hover_enabled=\u00bboff\u00bb button_one_text_size__hover_enabled=\u00bboff\u00bb button_two_text_size__hover_enabled=\u00bboff\u00bb button_text_color__hover_enabled=\u00bboff\u00bb button_one_text_color__hover_enabled=\u00bboff\u00bb button_two_text_color__hover_enabled=\u00bboff\u00bb button_border_width__hover_enabled=\u00bboff\u00bb button_one_border_width__hover_enabled=\u00bboff\u00bb button_two_border_width__hover_enabled=\u00bboff\u00bb button_border_color__hover_enabled=\u00bboff\u00bb button_one_border_color__hover_enabled=\u00bboff\u00bb button_two_border_color__hover_enabled=\u00bboff\u00bb button_border_radius__hover_enabled=\u00bboff\u00bb button_one_border_radius__hover_enabled=\u00bboff\u00bb button_two_border_radius__hover_enabled=\u00bboff\u00bb button_letter_spacing__hover_enabled=\u00bboff\u00bb button_one_letter_spacing__hover_enabled=\u00bboff\u00bb button_two_letter_spacing__hover_enabled=\u00bboff\u00bb button_bg_color__hover_enabled=\u00bboff\u00bb button_one_bg_color__hover_enabled=\u00bboff\u00bb button_two_bg_color__hover_enabled=\u00bboff\u00bb][\/et_pb_contact_field][et_pb_contact_field field_id=\u00bbEmail\u00bb field_title=\u00bbDirecci\u00f3n de correo electr\u00f3nico\u00bb field_type=\u00bbemail\u00bb _builder_version=\u00bb4.16&#8243; global_colors_info=\u00bb{}\u00bb button_text_size__hover_enabled=\u00bboff\u00bb button_one_text_size__hover_enabled=\u00bboff\u00bb button_two_text_size__hover_enabled=\u00bboff\u00bb button_text_color__hover_enabled=\u00bboff\u00bb button_one_text_color__hover_enabled=\u00bboff\u00bb button_two_text_color__hover_enabled=\u00bboff\u00bb button_border_width__hover_enabled=\u00bboff\u00bb button_one_border_width__hover_enabled=\u00bboff\u00bb button_two_border_width__hover_enabled=\u00bboff\u00bb button_border_color__hover_enabled=\u00bboff\u00bb button_one_border_color__hover_enabled=\u00bboff\u00bb button_two_border_color__hover_enabled=\u00bboff\u00bb button_border_radius__hover_enabled=\u00bboff\u00bb button_one_border_radius__hover_enabled=\u00bboff\u00bb button_two_border_radius__hover_enabled=\u00bboff\u00bb button_letter_spacing__hover_enabled=\u00bboff\u00bb button_one_letter_spacing__hover_enabled=\u00bboff\u00bb button_two_letter_spacing__hover_enabled=\u00bboff\u00bb button_bg_color__hover_enabled=\u00bboff\u00bb button_one_bg_color__hover_enabled=\u00bboff\u00bb button_two_bg_color__hover_enabled=\u00bboff\u00bb][\/et_pb_contact_field][et_pb_contact_field field_id=\u00bbMessage\u00bb field_title=\u00bbMensaje\u00bb field_type=\u00bbtext\u00bb fullwidth_field=\u00bbon\u00bb _builder_version=\u00bb4.16&#8243; global_colors_info=\u00bb{}\u00bb button_text_size__hover_enabled=\u00bboff\u00bb button_one_text_size__hover_enabled=\u00bboff\u00bb button_two_text_size__hover_enabled=\u00bboff\u00bb button_text_color__hover_enabled=\u00bboff\u00bb button_one_text_color__hover_enabled=\u00bboff\u00bb button_two_text_color__hover_enabled=\u00bboff\u00bb button_border_width__hover_enabled=\u00bboff\u00bb button_one_border_width__hover_enabled=\u00bboff\u00bb button_two_border_width__hover_enabled=\u00bboff\u00bb button_border_color__hover_enabled=\u00bboff\u00bb button_one_border_color__hover_enabled=\u00bboff\u00bb button_two_border_color__hover_enabled=\u00bboff\u00bb button_border_radius__hover_enabled=\u00bboff\u00bb button_one_border_radius__hover_enabled=\u00bboff\u00bb button_two_border_radius__hover_enabled=\u00bboff\u00bb button_letter_spacing__hover_enabled=\u00bboff\u00bb button_one_letter_spacing__hover_enabled=\u00bboff\u00bb button_two_letter_spacing__hover_enabled=\u00bboff\u00bb button_bg_color__hover_enabled=\u00bboff\u00bb button_one_bg_color__hover_enabled=\u00bboff\u00bb button_two_bg_color__hover_enabled=\u00bboff\u00bb][\/et_pb_contact_field][\/et_pb_contact_form][et_pb_text _builder_version=\u00bb4.16&#8243; global_colors_info=\u00bb{}\u00bb]<\/p>\n<p style=\"text-align: center;\"><span style=\"color: #ff0000;\"><strong>C.E.PR. Cruz del Campo<\/strong><\/span>. 52 Cruz del Campo Avenue <span class=\"LrzXr\">41005 Seville. Telephone <strong>955 624 855<\/strong>. <a href=\"mailto:41018239.edu@juntadeandalucia.es\">Contact by e - mail.<\/a><br \/>\n<\/span><\/p>\n<p>[\/et_pb_text][\/et_pb_column][\/et_pb_row][\/et_pb_section][et_pb_section fb_built=\u00bb1&#8243; fullwidth=\u00bbon\u00bb _builder_version=\u00bb4.16&#8243; global_colors_info=\u00bb{}\u00bb][et_pb_fullwidth_map address=\u00bbAv. de la Cruz del Campo, 18, 41005 Sevilla, Espa\u00f1a\u00bb zoom_level=\u00bb19&#8243; address_lat=\u00bb37.38379391652372&#8243; address_lng=\u00bb-5.966102988371404&#8243; mouse_wheel=\u00bboff\u00bb _builder_version=\u00bb4.16&#8243; animation_style=\u00bbslide\u00bb global_colors_info=\u00bb{}\u00bb][et_pb_map_pin title=\u00bbColegio Cruz del Campo Sevilla\u00bb pin_address=\u00bbAv. de la Cruz del Campo, 18, 41005 Sevilla\u00bb _builder_version=\u00bb3.3.1&#8243; global_colors_info=\u00bb{}\u00bb][\/et_pb_map_pin][\/et_pb_fullwidth_map][\/et_pb_section]<\/p>","protected":false},"excerpt":{"rendered":"<p>LISTA DE MATERIAL DE 5\u00ba Y 6\u00ba DE PRIMARIACURSO 25\/26. \u2022 4 libretas de una raya tama\u00f1o folio con grapas (sin anillas).\u2022 1 libreta con cuadr\u00edculas (de 4\u00d74 mm.) tama\u00f1o folio con grapas (sin anillas).\u2022 1 l\u00e1piz, preferentemente hb2, goma, sacapuntas, tijera escolar con punta roma y 1 barra de pegamento peque\u00f1a.\u2022 1 regla de [&hellip;]<\/p>","protected":false},"author":5,"featured_media":0,"parent":205451,"menu_order":0,"comment_status":"closed","ping_status":"closed","template":"","meta":{"_et_pb_use_builder":"on","_et_pb_old_content":"","_et_gb_content_width":"","footnotes":""},"class_list":["post-205945","page","type-page","status-publish","hentry"],"_links":{"self":[{"href":"https:\/\/colegiocruzdelcampo.com\/en\/wp-json\/wp\/v2\/pages\/205945","targetHints":{"allow":["GET"]}}],"collection":[{"href":"https:\/\/colegiocruzdelcampo.com\/en\/wp-json\/wp\/v2\/pages"}],"about":[{"href":"https:\/\/colegiocruzdelcampo.com\/en\/wp-json\/wp\/v2\/types\/page"}],"author":[{"embeddable":true,"href":"https:\/\/colegiocruzdelcampo.com\/en\/wp-json\/wp\/v2\/users\/5"}],"replies":[{"embeddable":true,"href":"https:\/\/colegiocruzdelcampo.com\/en\/wp-json\/wp\/v2\/comments?post=205945"}],"version-history":[{"count":30,"href":"https:\/\/colegiocruzdelcampo.com\/en\/wp-json\/wp\/v2\/pages\/205945\/revisions"}],"predecessor-version":[{"id":210773,"href":"https:\/\/colegiocruzdelcampo.com\/en\/wp-json\/wp\/v2\/pages\/205945\/revisions\/210773"}],"up":[{"embeddable":true,"href":"https:\/\/colegiocruzdelcampo.com\/en\/wp-json\/wp\/v2\/pages\/205451"}],"wp:attachment":[{"href":"https:\/\/colegiocruzdelcampo.com\/en\/wp-json\/wp\/v2\/media?parent=205945"}],"curies":[{"name":"wp","href":"https:\/\/api.w.org\/{rel}","templated":true}]}}