{"id":205535,"date":"2018-06-19T16:46:13","date_gmt":"2018-06-19T16:46:13","guid":{"rendered":"http:\/\/colegiocruzdelcampo.es\/?page_id=205535"},"modified":"2025-09-11T08:02:16","modified_gmt":"2025-09-11T08:02:16","slug":"2o","status":"publish","type":"page","link":"https:\/\/colegiocruzdelcampo.com\/en\/documentos\/materiales\/2o\/","title":{"rendered":"2nd CYCLE"},"content":{"rendered":"<p>[et_pb_section fb_built=\u00bb1&#8243; admin_label=\u00bbsection\u00bb _builder_version=\u00bb4.16&#8243; global_colors_info=\u00bb{}\u00bb][et_pb_row admin_label=\u00bbrow\u00bb _builder_version=\u00bb4.16&#8243; background_size=\u00bbinitial\u00bb background_position=\u00bbtop_left\u00bb background_repeat=\u00bbrepeat\u00bb global_colors_info=\u00bb{}\u00bb][et_pb_column type=\u00bb4_4&#8243; _builder_version=\u00bb4.16&#8243; custom_padding=\u00bb|||\u00bb global_colors_info=\u00bb{}\u00bb custom_padding__hover=\u00bb|||\u00bb][et_pb_testimonial quote_icon_color=\u00bb#e02b20&#8243; portrait_width=\u00bb89px\u00bb _builder_version=\u00bb3.3.1&#8243; max_width=\u00bb86%\u00bb max_width_tablet=\u00bb\u00bb max_width_phone=\u00bb\u00bb max_width_last_edited=\u00bbon|desktop\u00bb module_alignment=\u00bbcenter\u00bb custom_margin=\u00bb|||\u00bb custom_padding=\u00bb|||\u00bb animation_style=\u00bbfade\u00bb global_module=\u00bb205861&#8243; global_colors_info=\u00bb{}\u00bb]<\/p>\n<p style=\"text-align: center;\"><span style=\"color: #000000;\"><strong>IMPORTANT<\/strong><\/span><\/p>\n<p style=\"text-align: center;\"><strong><span style=\"color: #ff0000;\">PLEASE, BE SURE THAT THE RUCKSACK IS BIG ENOUGH FOR THE FOLDER.<\/span><\/strong><\/p>\n<p style=\"text-align: center;\"><strong><span style=\"color: #ff0000;\">PLEASE, LABEL AL THE MATERIALS WITH NAME AND SURNAMES.<\/span><\/strong><\/p>\n<p>[\/et_pb_testimonial][et_pb_text admin_label=\u00bbText\u00bb _builder_version=\u00bb4.27.4&#8243; background_size=\u00bbinitial\u00bb background_position=\u00bbtop_left\u00bb background_repeat=\u00bbrepeat\u00bb animation_style=\u00bbfade\u00bb hover_enabled=\u00bb0&#8243; global_colors_info=\u00bb{}\u00bb sticky_enabled=\u00bb0&#8243;]<\/p>\n<p><strong>MATERIAL LIST FOR 3rd AND 4th PRIMARY.<\/strong><br \/><strong>FORM 25\/26.<\/strong><\/p>\n<p>\u2022 3 stapled folio-size single-lined notebooks (without rings).<br \/>\u2022 1 notebook with grids (4\u00d74 mm.) Folio size with staples (without rings).<br \/>\u2022 2 hb2 pencils<br \/>\u2022 2 rubbers.<br \/>\u2022 1 Pencil sharpener with reservoir.<br \/>\u2022 1 Vileda-type erasable marker.<br \/>\u2022 1 school scissors with blunt tip.<br \/>\u2022 2 small glue bar.<br \/>\u2022 1 ruler of 30 cm.<br \/>\u2022 1 compass, 1 semicircle or protractor, square and bevel.<br \/>(Better if it is transparent).<br \/>\u2022 1 box of fine tip markers (12 colours).<br \/>\u2022 1 box of wooden pencils (12 colors).<br \/>. 1 blue and 1 red erasable ballpens ( with 1 refill each).<br \/>\u2022 1 large pattern music notebook.<br \/>\u2022 1 bloc de dibujo on marco.<br \/>\u2022 1 bloc de cartulinas para trabajos manuales (s\u00f3lo cartulinas), tama\u00f1o A4.<br \/>\u2022 1 sweet flute.<br \/>\u2022 1 pack of 500 A4 sheets of 80 gr<br \/>\u2022 1 box of tissues.<br \/>\u2022 2 basic folder (wide enough for the sheet of paper).<br \/>\u2022 School agenda.<\/p>\n<p><strong>IMPORTANT:<\/strong><br \/>It is not necessary to buy material that is already available from previous years. Notebooks must be<br \/>stapled and NOT SPIRAL.<br \/>ALL MATERIALS OUGHT TO BE LABELLED.<br \/>Any other material that may be necessary during the course will be communicated at the time.<br \/>It is advisable to have spare essential material at home (pencils, rubbers. glue...)<\/p>\n<p style=\"text-align: center;\"><a href=\"https:\/\/colegiocruzdelcampo.com\/wp-content\/uploads\/2025\/07\/Listado-Material-3o-Y-4o-25-26.pdf\" target=\"_blank\" rel=\"noopener\"><strong>\u00a0List download.<\/strong><\/a><\/p>\n<p>&nbsp;<\/p>\n<p>&nbsp;<\/p>\n<p>[\/et_pb_text][\/et_pb_column][\/et_pb_row][\/et_pb_section][et_pb_section fb_built=\u00bb1&#8243; _builder_version=\u00bb4.16&#8243; background_color=\u00bb#ffffff\u00bb top_divider_style=\u00bbslant2&#8243; top_divider_color=\u00bbrgba(12,113,195,0.55)\u00bb top_divider_height=\u00bb52px\u00bb bottom_divider_style=\u00bbramp2&#8243; bottom_divider_color=\u00bbrgba(12,113,195,0.55)\u00bb bottom_divider_height=\u00bb64px\u00bb animation_style=\u00bbslide\u00bb global_colors_info=\u00bb{}\u00bb][et_pb_row _builder_version=\u00bb4.16&#8243; global_colors_info=\u00bb{}\u00bb][et_pb_column type=\u00bb4_4&#8243; _builder_version=\u00bb4.16&#8243; custom_padding=\u00bb|||\u00bb global_colors_info=\u00bb{}\u00bb custom_padding__hover=\u00bb|||\u00bb][et_pb_contact_form title=\u00bbContacta con nosotros\u00bb success_message=\u00bbGracias por contactar con nuestro colegio.\u00bb submit_button_text=\u00bbenviar\u00bb module_id=\u00bbet_pb_contact_form_0&#8243; _builder_version=\u00bb4.16&#8243; _unique_id=\u00bb5b2f7ffc-4add-475b-bd1e-1fb014cca204&#8243; global_colors_info=\u00bb{}\u00bb][et_pb_contact_field field_id=\u00bbName\u00bb field_title=\u00bbNombre\u00bb _builder_version=\u00bb4.16&#8243; global_colors_info=\u00bb{}\u00bb button_text_size__hover_enabled=\u00bboff\u00bb button_one_text_size__hover_enabled=\u00bboff\u00bb button_two_text_size__hover_enabled=\u00bboff\u00bb button_text_color__hover_enabled=\u00bboff\u00bb button_one_text_color__hover_enabled=\u00bboff\u00bb button_two_text_color__hover_enabled=\u00bboff\u00bb button_border_width__hover_enabled=\u00bboff\u00bb button_one_border_width__hover_enabled=\u00bboff\u00bb button_two_border_width__hover_enabled=\u00bboff\u00bb button_border_color__hover_enabled=\u00bboff\u00bb button_one_border_color__hover_enabled=\u00bboff\u00bb button_two_border_color__hover_enabled=\u00bboff\u00bb button_border_radius__hover_enabled=\u00bboff\u00bb button_one_border_radius__hover_enabled=\u00bboff\u00bb button_two_border_radius__hover_enabled=\u00bboff\u00bb button_letter_spacing__hover_enabled=\u00bboff\u00bb button_one_letter_spacing__hover_enabled=\u00bboff\u00bb button_two_letter_spacing__hover_enabled=\u00bboff\u00bb button_bg_color__hover_enabled=\u00bboff\u00bb button_one_bg_color__hover_enabled=\u00bboff\u00bb button_two_bg_color__hover_enabled=\u00bboff\u00bb][\/et_pb_contact_field][et_pb_contact_field field_id=\u00bbEmail\u00bb field_title=\u00bbDirecci\u00f3n de correo electr\u00f3nico\u00bb field_type=\u00bbemail\u00bb _builder_version=\u00bb4.16&#8243; global_colors_info=\u00bb{}\u00bb button_text_size__hover_enabled=\u00bboff\u00bb button_one_text_size__hover_enabled=\u00bboff\u00bb button_two_text_size__hover_enabled=\u00bboff\u00bb button_text_color__hover_enabled=\u00bboff\u00bb button_one_text_color__hover_enabled=\u00bboff\u00bb button_two_text_color__hover_enabled=\u00bboff\u00bb button_border_width__hover_enabled=\u00bboff\u00bb button_one_border_width__hover_enabled=\u00bboff\u00bb button_two_border_width__hover_enabled=\u00bboff\u00bb button_border_color__hover_enabled=\u00bboff\u00bb button_one_border_color__hover_enabled=\u00bboff\u00bb button_two_border_color__hover_enabled=\u00bboff\u00bb button_border_radius__hover_enabled=\u00bboff\u00bb button_one_border_radius__hover_enabled=\u00bboff\u00bb button_two_border_radius__hover_enabled=\u00bboff\u00bb button_letter_spacing__hover_enabled=\u00bboff\u00bb button_one_letter_spacing__hover_enabled=\u00bboff\u00bb button_two_letter_spacing__hover_enabled=\u00bboff\u00bb button_bg_color__hover_enabled=\u00bboff\u00bb button_one_bg_color__hover_enabled=\u00bboff\u00bb button_two_bg_color__hover_enabled=\u00bboff\u00bb][\/et_pb_contact_field][et_pb_contact_field field_id=\u00bbMessage\u00bb field_title=\u00bbMensaje\u00bb field_type=\u00bbtext\u00bb fullwidth_field=\u00bbon\u00bb _builder_version=\u00bb4.16&#8243; global_colors_info=\u00bb{}\u00bb button_text_size__hover_enabled=\u00bboff\u00bb button_one_text_size__hover_enabled=\u00bboff\u00bb button_two_text_size__hover_enabled=\u00bboff\u00bb button_text_color__hover_enabled=\u00bboff\u00bb button_one_text_color__hover_enabled=\u00bboff\u00bb button_two_text_color__hover_enabled=\u00bboff\u00bb button_border_width__hover_enabled=\u00bboff\u00bb button_one_border_width__hover_enabled=\u00bboff\u00bb button_two_border_width__hover_enabled=\u00bboff\u00bb button_border_color__hover_enabled=\u00bboff\u00bb button_one_border_color__hover_enabled=\u00bboff\u00bb button_two_border_color__hover_enabled=\u00bboff\u00bb button_border_radius__hover_enabled=\u00bboff\u00bb button_one_border_radius__hover_enabled=\u00bboff\u00bb button_two_border_radius__hover_enabled=\u00bboff\u00bb button_letter_spacing__hover_enabled=\u00bboff\u00bb button_one_letter_spacing__hover_enabled=\u00bboff\u00bb button_two_letter_spacing__hover_enabled=\u00bboff\u00bb button_bg_color__hover_enabled=\u00bboff\u00bb button_one_bg_color__hover_enabled=\u00bboff\u00bb button_two_bg_color__hover_enabled=\u00bboff\u00bb][\/et_pb_contact_field][\/et_pb_contact_form][et_pb_text _builder_version=\u00bb4.16&#8243; global_colors_info=\u00bb{}\u00bb]<\/p>\n<p style=\"text-align: center;\"><span style=\"color: #ff0000;\"><strong>C.E.PR. Cruz del Campo<\/strong><\/span>. 52 Cruz del Campo Avenue <span class=\"LrzXr\">18, 41005 Sevilla. Telephone <strong>955 624 855<\/strong>. <a href=\"mailto:41018239.edu@juntadeandalucia.es\">Contact by e - mail.<\/a><br \/>\n<\/span><\/p>\n<p>[\/et_pb_text][\/et_pb_column][\/et_pb_row][\/et_pb_section][et_pb_section fb_built=\u00bb1&#8243; fullwidth=\u00bbon\u00bb _builder_version=\u00bb4.16&#8243; global_colors_info=\u00bb{}\u00bb][et_pb_fullwidth_map address=\u00bbAv. de la Cruz del Campo, 18, 41005 Sevilla, Espa\u00f1a\u00bb zoom_level=\u00bb19&#8243; address_lat=\u00bb37.38379391652372&#8243; address_lng=\u00bb-5.966102988371404&#8243; mouse_wheel=\u00bboff\u00bb _builder_version=\u00bb4.16&#8243; animation_style=\u00bbslide\u00bb global_colors_info=\u00bb{}\u00bb][et_pb_map_pin title=\u00bbColegio Cruz del Campo Sevilla\u00bb pin_address=\u00bbAv. de la Cruz del Campo, 18, 41005 Sevilla\u00bb _builder_version=\u00bb3.3.1&#8243; global_colors_info=\u00bb{}\u00bb][\/et_pb_map_pin][\/et_pb_fullwidth_map][\/et_pb_section]<\/p>","protected":false},"excerpt":{"rendered":"<p>IMPORTANTE COMPRUEBEN QUE EN LA MOCHILA CABE LA CARPETA TAMA\u00d1O FOLIO POR FAVOR, TRAIGAN MARCADOS, CON NOMBRE Y APELLIDOS, TODOS LOS MATERIALES LISTA DE MATERIAL DE 3\u00ba Y 4\u00ba DE PRIMARIACURSO 25\/26. \u2022 3 libretas de una raya tama\u00f1o folio con grapas (sin anillas).\u2022 1 libreta con cuadr\u00edculas (de 4\u00d74 mm.) tama\u00f1o folio con grapas [&hellip;]<\/p>","protected":false},"author":5,"featured_media":0,"parent":205451,"menu_order":0,"comment_status":"closed","ping_status":"closed","template":"","meta":{"_et_pb_use_builder":"on","_et_pb_old_content":"<span style=\"font-size: 12pt;\"><strong>LISTA DE MATERIALES\u00a0 DE 2\u00ba (CURSO 2017-18)<\/strong><\/span>\r\n<ul>\r\n \t<li><span style=\"font-size: 12pt;\">4 Libretas de dos rayas tama\u00f1o cuartilla <strong><u>con grapas<\/u><\/strong> <strong>(Sin espiral de alambre) <\/strong>(pauta 2.5)<\/span><\/li>\r\n \t<li><span style=\"font-size: 12pt;\">3 L\u00e1pices ( preferiblemente HB2)<\/span><\/li>\r\n \t<li><span style=\"font-size: 12pt;\">Goma y sacapuntas<\/span><\/li>\r\n \t<li><span style=\"font-size: 12pt;\">Bloque de plastilina<\/span><\/li>\r\n \t<li><span style=\"font-size: 12pt;\">Barra de pegamento<\/span><\/li>\r\n \t<li><span style=\"font-size: 12pt;\">Caja de 12 l\u00e1pices de colores de madera<\/span><\/li>\r\n \t<li><span style=\"font-size: 12pt;\">Caja de 12 l\u00e1pices de cera dura<\/span><\/li>\r\n \t<li><span style=\"font-size: 12pt;\">Caja de 12 rotuladores<\/span><\/li>\r\n \t<li><span style=\"font-size: 12pt;\">1 Bloc de cartulinas <strong>(s\u00f3lo de cartulinas)<\/strong><\/span><\/li>\r\n \t<li><span style=\"font-size: 12pt;\">Paquete de 5OO folios DIN A4 de 80 gramos<\/span><\/li>\r\n \t<li><span style=\"font-size: 12pt;\">Estuche de cremallera<\/span><\/li>\r\n \t<li><span style=\"font-size: 12pt;\">Caja de pa\u00f1uelos de papel<\/span><\/li>\r\n \t<li><span style=\"font-size: 12pt;\">3 Fundas de pl\u00e1stico sueltas<\/span><\/li>\r\n<\/ul>\r\n<strong><span style=\"font-size: 12pt;\">Al comprar la mochila comprueben que\u00a0 cabe dentro la carpeta.<\/span><\/strong>","_et_gb_content_width":"","footnotes":""},"class_list":["post-205535","page","type-page","status-publish","hentry"],"_links":{"self":[{"href":"https:\/\/colegiocruzdelcampo.com\/en\/wp-json\/wp\/v2\/pages\/205535","targetHints":{"allow":["GET"]}}],"collection":[{"href":"https:\/\/colegiocruzdelcampo.com\/en\/wp-json\/wp\/v2\/pages"}],"about":[{"href":"https:\/\/colegiocruzdelcampo.com\/en\/wp-json\/wp\/v2\/types\/page"}],"author":[{"embeddable":true,"href":"https:\/\/colegiocruzdelcampo.com\/en\/wp-json\/wp\/v2\/users\/5"}],"replies":[{"embeddable":true,"href":"https:\/\/colegiocruzdelcampo.com\/en\/wp-json\/wp\/v2\/comments?post=205535"}],"version-history":[{"count":32,"href":"https:\/\/colegiocruzdelcampo.com\/en\/wp-json\/wp\/v2\/pages\/205535\/revisions"}],"predecessor-version":[{"id":210792,"href":"https:\/\/colegiocruzdelcampo.com\/en\/wp-json\/wp\/v2\/pages\/205535\/revisions\/210792"}],"up":[{"embeddable":true,"href":"https:\/\/colegiocruzdelcampo.com\/en\/wp-json\/wp\/v2\/pages\/205451"}],"wp:attachment":[{"href":"https:\/\/colegiocruzdelcampo.com\/en\/wp-json\/wp\/v2\/media?parent=205535"}],"curies":[{"name":"wp","href":"https:\/\/api.w.org\/{rel}","templated":true}]}}