{"id":205499,"date":"2018-06-19T14:32:11","date_gmt":"2018-06-19T14:32:11","guid":{"rendered":"http:\/\/colegiocruzdelcampo.es\/?page_id=205499"},"modified":"2025-03-26T10:45:58","modified_gmt":"2025-03-26T10:45:58","slug":"oferta-escolar","status":"publish","type":"page","link":"https:\/\/colegiocruzdelcampo.com\/en\/centro\/oferta-escolar\/","title":{"rendered":"ACADEMIC CURRICULUM"},"content":{"rendered":"<p>[et_pb_section fb_built=\u00bb1&#8243; _builder_version=\u00bb4.16&#8243; global_colors_info=\u00bb{}\u00bb][et_pb_row _builder_version=\u00bb4.16&#8243; global_colors_info=\u00bb{}\u00bb][et_pb_column type=\u00bb4_4&#8243; _builder_version=\u00bb4.16&#8243; custom_padding=\u00bb|||\u00bb global_colors_info=\u00bb{}\u00bb custom_padding__hover=\u00bb|||\u00bb][et_pb_post_title meta=\u00bboff\u00bb featured_image=\u00bboff\u00bb _builder_version=\u00bb4.16&#8243; title_font=\u00bb||||||||\u00bb title_text_color=\u00bb#e02b20&#8243; text_orientation=\u00bbcenter\u00bb global_colors_info=\u00bb{}\u00bb][\/et_pb_post_title][et_pb_text _builder_version=\u00bb4.16&#8243; animation_style=\u00bbfade\u00bb global_colors_info=\u00bb{}\u00bb]<\/p>\n<p>Cruz del Campo Primary School is a school with only six classes from 1st to 6th primary level. We have not nursery education: Our nursery school of reference is \u00a0<a href=\"http:\/\/eimartindegainza.blogspot.com\/p\/blog-page.html\" target=\"_blank\" rel=\"noopener noreferrer\">E.I. Mart\u00edn de Gainza<\/a>. Our high school of reference is <a href=\"http:\/\/www.ieslucadetena.es\/\" target=\"_blank\" rel=\"noopener noreferrer\">I.E.S. Luca de Tena<\/a>.<\/p>\n<p>We are a bilingual centre with a staff of eleven teachers. Subjects that are taught in English are English, Natural Science and Social Science. French is studied in the 3rd cycle. We have a therapeutic specialist full time and a speech therapist two days a week.<\/p>\n<p><strong>REFERENCE CENTRES:<\/strong><\/p>\n<p><strong>NURSERY:<\/strong><\/p>\n<p><strong>E.I. Mart\u00edn de Gainza<\/strong>:\u00a0C\/ Alfonso XI, 47 B. 41005 Sevilla. Tlf.\u00a0955623479.\u00a041009317.edu@juntadeandalucia.es<\/p>\n<p><strong>HIGH SCHOOL:<\/strong><\/p>\n<p><strong>I.E.S. Luca de Tena<\/strong>:\u00a0C\/ Pirineos, 17. 41005 Sevillla. Tlf.\u00a0955622189.\u00a0<a href=\"mailto:41006951.edu@juntadeandalucia.es\">41006951.edu@juntadeandalucia.es<\/a><\/p>\n<p>[\/et_pb_text][\/et_pb_column][\/et_pb_row][\/et_pb_section][et_pb_section fb_built=\u00bb1&#8243; _builder_version=\u00bb4.27.4&#8243; background_color=\u00bb#ffffff\u00bb top_divider_style=\u00bbslant2&#8243; top_divider_color=\u00bb#00b709&#8243; top_divider_height=\u00bb52px\u00bb bottom_divider_style=\u00bbramp2&#8243; bottom_divider_height=\u00bb64px\u00bb animation_style=\u00bbslide\u00bb global_colors_info=\u00bb{}\u00bb bottom_divider_color=\u00bb#00b709&#8243;][et_pb_row _builder_version=\u00bb4.16&#8243; global_colors_info=\u00bb{}\u00bb][et_pb_column type=\u00bb4_4&#8243; _builder_version=\u00bb4.16&#8243; custom_padding=\u00bb|||\u00bb global_colors_info=\u00bb{}\u00bb custom_padding__hover=\u00bb|||\u00bb][et_pb_contact_form title=\u00bbContacta con nosotros\u00bb success_message=\u00bbGracias por contactar con nuestro colegio.\u00bb submit_button_text=\u00bbenviar\u00bb module_id=\u00bbet_pb_contact_form_0&#8243; _builder_version=\u00bb4.16&#8243; _unique_id=\u00bbf8b25099-f4f5-44d9-b7bb-ba2dce429e80&#8243; hover_enabled=\u00bb0&#8243; global_colors_info=\u00bb{}\u00bb sticky_enabled=\u00bb0&#8243;][et_pb_contact_field field_id=\u00bbName\u00bb field_title=\u00bbNombre\u00bb _builder_version=\u00bb4.16&#8243; global_colors_info=\u00bb{}\u00bb button_text_size__hover_enabled=\u00bboff\u00bb button_one_text_size__hover_enabled=\u00bboff\u00bb button_two_text_size__hover_enabled=\u00bboff\u00bb button_text_color__hover_enabled=\u00bboff\u00bb button_one_text_color__hover_enabled=\u00bboff\u00bb button_two_text_color__hover_enabled=\u00bboff\u00bb button_border_width__hover_enabled=\u00bboff\u00bb button_one_border_width__hover_enabled=\u00bboff\u00bb button_two_border_width__hover_enabled=\u00bboff\u00bb button_border_color__hover_enabled=\u00bboff\u00bb button_one_border_color__hover_enabled=\u00bboff\u00bb button_two_border_color__hover_enabled=\u00bboff\u00bb button_border_radius__hover_enabled=\u00bboff\u00bb button_one_border_radius__hover_enabled=\u00bboff\u00bb button_two_border_radius__hover_enabled=\u00bboff\u00bb button_letter_spacing__hover_enabled=\u00bboff\u00bb button_one_letter_spacing__hover_enabled=\u00bboff\u00bb button_two_letter_spacing__hover_enabled=\u00bboff\u00bb button_bg_color__hover_enabled=\u00bboff\u00bb button_one_bg_color__hover_enabled=\u00bboff\u00bb button_two_bg_color__hover_enabled=\u00bboff\u00bb][\/et_pb_contact_field][et_pb_contact_field field_id=\u00bbEmail\u00bb field_title=\u00bbDirecci\u00f3n de correo electr\u00f3nico\u00bb field_type=\u00bbemail\u00bb _builder_version=\u00bb4.16&#8243; global_colors_info=\u00bb{}\u00bb button_text_size__hover_enabled=\u00bboff\u00bb button_one_text_size__hover_enabled=\u00bboff\u00bb button_two_text_size__hover_enabled=\u00bboff\u00bb button_text_color__hover_enabled=\u00bboff\u00bb button_one_text_color__hover_enabled=\u00bboff\u00bb button_two_text_color__hover_enabled=\u00bboff\u00bb button_border_width__hover_enabled=\u00bboff\u00bb button_one_border_width__hover_enabled=\u00bboff\u00bb button_two_border_width__hover_enabled=\u00bboff\u00bb button_border_color__hover_enabled=\u00bboff\u00bb button_one_border_color__hover_enabled=\u00bboff\u00bb button_two_border_color__hover_enabled=\u00bboff\u00bb button_border_radius__hover_enabled=\u00bboff\u00bb button_one_border_radius__hover_enabled=\u00bboff\u00bb button_two_border_radius__hover_enabled=\u00bboff\u00bb button_letter_spacing__hover_enabled=\u00bboff\u00bb button_one_letter_spacing__hover_enabled=\u00bboff\u00bb button_two_letter_spacing__hover_enabled=\u00bboff\u00bb button_bg_color__hover_enabled=\u00bboff\u00bb button_one_bg_color__hover_enabled=\u00bboff\u00bb button_two_bg_color__hover_enabled=\u00bboff\u00bb][\/et_pb_contact_field][et_pb_contact_field field_id=\u00bbMessage\u00bb field_title=\u00bbMensaje\u00bb field_type=\u00bbtext\u00bb fullwidth_field=\u00bbon\u00bb _builder_version=\u00bb4.16&#8243; global_colors_info=\u00bb{}\u00bb button_text_size__hover_enabled=\u00bboff\u00bb button_one_text_size__hover_enabled=\u00bboff\u00bb button_two_text_size__hover_enabled=\u00bboff\u00bb button_text_color__hover_enabled=\u00bboff\u00bb button_one_text_color__hover_enabled=\u00bboff\u00bb button_two_text_color__hover_enabled=\u00bboff\u00bb button_border_width__hover_enabled=\u00bboff\u00bb button_one_border_width__hover_enabled=\u00bboff\u00bb button_two_border_width__hover_enabled=\u00bboff\u00bb button_border_color__hover_enabled=\u00bboff\u00bb button_one_border_color__hover_enabled=\u00bboff\u00bb button_two_border_color__hover_enabled=\u00bboff\u00bb button_border_radius__hover_enabled=\u00bboff\u00bb button_one_border_radius__hover_enabled=\u00bboff\u00bb button_two_border_radius__hover_enabled=\u00bboff\u00bb button_letter_spacing__hover_enabled=\u00bboff\u00bb button_one_letter_spacing__hover_enabled=\u00bboff\u00bb button_two_letter_spacing__hover_enabled=\u00bboff\u00bb button_bg_color__hover_enabled=\u00bboff\u00bb button_one_bg_color__hover_enabled=\u00bboff\u00bb button_two_bg_color__hover_enabled=\u00bboff\u00bb][\/et_pb_contact_field][\/et_pb_contact_form][et_pb_text _builder_version=\u00bb4.16&#8243; global_colors_info=\u00bb{}\u00bb]<\/p>\n<p style=\"text-align: center;\"><span style=\"color: #ff0000;\"><strong>C.E.PR. Cruz del Campo<\/strong><\/span>. 52 Cruz del Campo Avenue <span class=\"LrzXr\">41005 Seville. Telephone <strong>955 624 855<\/strong>. <a href=\"mailto:41018239.edu@juntadeandalucia.es\">Contact by e - mail.<\/a><br \/>\n<\/span><\/p>\n<p>[\/et_pb_text][\/et_pb_column][\/et_pb_row][\/et_pb_section][et_pb_section fb_built=\u00bb1&#8243; fullwidth=\u00bbon\u00bb _builder_version=\u00bb4.16&#8243; global_colors_info=\u00bb{}\u00bb][et_pb_fullwidth_map address=\u00bbAv. de la Cruz del Campo, 18, 41005 Sevilla, Espa\u00f1a\u00bb zoom_level=\u00bb19&#8243; address_lat=\u00bb37.38379391652372&#8243; address_lng=\u00bb-5.966102988371404&#8243; mouse_wheel=\u00bboff\u00bb _builder_version=\u00bb4.16&#8243; animation_style=\u00bbslide\u00bb global_colors_info=\u00bb{}\u00bb][et_pb_map_pin title=\u00bbColegio Cruz del Campo Sevilla\u00bb pin_address=\u00bbAv. de la Cruz del Campo, 18, 41005 Sevilla\u00bb _builder_version=\u00bb3.3.1&#8243; global_colors_info=\u00bb{}\u00bb][\/et_pb_map_pin][\/et_pb_fullwidth_map][\/et_pb_section]<\/p>","protected":false},"excerpt":{"rendered":"<p>El C.E.PR. Cruz del Campo es un centro de educaci\u00f3n primaria de una sola l\u00ednea, con seis aulas que van de 1\u00ba a 6\u00ba. No tenemos educaci\u00f3n infantil; el centro de educaci\u00f3n infantil adscrito a nuestro centro es \u00a0E.I. Mart\u00edn de Gainza. El centro de secundaria adscrito al nuestro es el I.E.S. Luca de Tena. [&hellip;]<\/p>","protected":false},"author":5,"featured_media":0,"parent":204956,"menu_order":0,"comment_status":"closed","ping_status":"closed","template":"","meta":{"_et_pb_use_builder":"on","_et_pb_old_content":"<p style=\"text-align: justify;\"><img class=\"alignleft wp-image-205506\" src=\"http:\/\/colegiocruzdelcampo.es\/wp-content\/uploads\/2018\/06\/cole-300x224.jpg\" alt=\"\" width=\"396\" height=\"295\"><span style=\"font-size: 12pt;\">El C.E.PR. Cruz del Campo es un centro de educaci\u00f3n primaria de una sola l\u00ednea, con seis aulas que van de 1\u00ba a 6\u00ba. No tenemos educaci\u00f3n infantil; los centros de educaci\u00f3n infantil adscritos a nuestro centro son el <a href=\"https:\/\/www.facebook.com\/EscuelaInfantilElTrebol\/\" target=\"_blank\" rel=\"noopener\">C.D.P. El Trebol<\/a> y el <a href=\"http:\/\/eimartindegainza.blogspot.com\/p\/blog-page.html\" target=\"_blank\" rel=\"noopener\">E.I. Mart\u00edn de Gainza<\/a>. El centro de secundaria ad<\/span><span style=\"font-size: 12pt;\">scrito al nuestro es el <a href=\"http:\/\/www.ieslucadetena.es\/\" target=\"_blank\" rel=\"noopener\">I.E.S. Luca de Tena<\/a>.<\/span><\/p>\r\n<p style=\"text-align: justify;\"><span style=\"font-size: 12pt;\">Somos un centro biling\u00fce con una plantilla de once profesores, se dan en ingl\u00e9s las asignaturas de ingl\u00e9s, naturales y sociales. A partir de tercero se estudia el franc\u00e9s como segundo idioma. Tenemos una unidad de pedagog\u00eda terap\u00e9utica y recibimos la visita de una logopeda dos d\u00edas a la semana.<\/span><\/p>\r\n\u00a0\r\n<p style=\"text-align: center;\"><span style=\"font-size: 12pt;\"><strong>CENTROS ADSCRITOS:<\/strong><\/span><\/p>\r\n<p style=\"text-align: justify;\"><span style=\"font-size: 12pt;\">INFANTIL:<\/span><\/p>\r\n<p style=\"text-align: left;\"><span style=\"font-size: 12pt;\"> C.D.P. El Trebol:\u00a0 Avenida Cruz del Campo, 42. 41005 Sevilla. Tlf.\u00a0954574714.\u00a041006237.edu@juntadeanda<span style=\"text-align: justify;\">lucia.es<\/span><\/span><\/p>\r\n<p style=\"text-align: left;\"><span style=\"font-size: 12pt;\">\u00a0E.I. Mart\u00edn de Gainza:\u00a0C\/ Alfon<\/span><span style=\"font-size: 12pt;\">so XI, 47 B. 41005 Sevilla. Tlf.\u00a0955623479.\u00a041009317.edu@juntadeandalucia.es<\/span><\/p>\r\n<img class=\"alignleft\" style=\"text-align: justify;\" src=\"https:\/\/scontent.fmad3-1.fna.fbcdn.net\/v\/t1.0-9\/484246_245875025521263_807453385_n.jpg?_nc_cat=0&_nc_eui2=AeHaN6z074dM7pHDoTV6dJ1I7I_o-SC7lLR8ap3bymbCfzW_FgK6pH8z3fkzyAWyhuRPQUMgqCuWzi6_FQ796NtUEsb2MgevaGpEiN-jDop3Jw&oh=d709d76348bf9a8efe83931757a31f59&oe=5B9F702C\" alt=\"La imagen puede contener: casa, cielo y exterior\" width=\"361\" height=\"240\"><img class=\"aligncenter\" src=\"http:\/\/1.bp.blogspot.com\/-TwmoYllaJwg\/URTp_AciM4I\/AAAAAAAAAJM\/0IGy2rMPLjY\/s1600\/Entrada+1.JPG\" alt=\"\" width=\"370\" height=\"246\">\r\n<p style=\"text-align: justify;\"><span style=\"font-size: 12pt;\">SECUNDARIA:<\/span><\/p>\r\n<p style=\"text-align: justify;\"><span style=\"font-size: 12pt;\"> I.E.S. Luca de Tena:\u00a0C\/ Pirineos, 17. 41005 Sevillla. Tlf.\u00a0955622189.\u00a041006951.edu@juntadeandalucia.es<\/span><\/p>\r\n<img class=\"alignright\" src=\"http:\/\/www.ieslucadetena.es\/template\/images\/design\/centro.jpg\" alt=\"Resultado de imagen de luca de tena ies sevilla\" width=\"941\" height=\"323\">","_et_gb_content_width":"","footnotes":""},"class_list":["post-205499","page","type-page","status-publish","hentry"],"_links":{"self":[{"href":"https:\/\/colegiocruzdelcampo.com\/en\/wp-json\/wp\/v2\/pages\/205499","targetHints":{"allow":["GET"]}}],"collection":[{"href":"https:\/\/colegiocruzdelcampo.com\/en\/wp-json\/wp\/v2\/pages"}],"about":[{"href":"https:\/\/colegiocruzdelcampo.com\/en\/wp-json\/wp\/v2\/types\/page"}],"author":[{"embeddable":true,"href":"https:\/\/colegiocruzdelcampo.com\/en\/wp-json\/wp\/v2\/users\/5"}],"replies":[{"embeddable":true,"href":"https:\/\/colegiocruzdelcampo.com\/en\/wp-json\/wp\/v2\/comments?post=205499"}],"version-history":[{"count":36,"href":"https:\/\/colegiocruzdelcampo.com\/en\/wp-json\/wp\/v2\/pages\/205499\/revisions"}],"predecessor-version":[{"id":210506,"href":"https:\/\/colegiocruzdelcampo.com\/en\/wp-json\/wp\/v2\/pages\/205499\/revisions\/210506"}],"up":[{"embeddable":true,"href":"https:\/\/colegiocruzdelcampo.com\/en\/wp-json\/wp\/v2\/pages\/204956"}],"wp:attachment":[{"href":"https:\/\/colegiocruzdelcampo.com\/en\/wp-json\/wp\/v2\/media?parent=205499"}],"curies":[{"name":"wp","href":"https:\/\/api.w.org\/{rel}","templated":true}]}}