{"id":205098,"date":"2018-06-17T14:20:27","date_gmt":"2018-06-17T14:20:27","guid":{"rendered":"http:\/\/colegiocruzdelcampo.es\/?page_id=205098"},"modified":"2025-03-26T12:39:48","modified_gmt":"2025-03-26T12:39:48","slug":"miniolimpiadas","status":"publish","type":"page","link":"https:\/\/colegiocruzdelcampo.com\/en\/proyectos\/miniolimpiadas\/","title":{"rendered":"MINI OLYMPICS"},"content":{"rendered":"<p>[et_pb_section fb_built=\u00bb1&#8243; admin_label=\u00bbsection\u00bb _builder_version=\u00bb4.16&#8243; custom_padding=\u00bb54px|0px|0|0px|false|false\u00bb global_colors_info=\u00bb{}\u00bb][et_pb_row admin_label=\u00bbrow\u00bb _builder_version=\u00bb4.16&#8243; background_size=\u00bbinitial\u00bb background_position=\u00bbtop_left\u00bb background_repeat=\u00bbrepeat\u00bb custom_padding=\u00bb0|0px|1px|0px|false|false\u00bb global_colors_info=\u00bb{}\u00bb][et_pb_column type=\u00bb4_4&#8243; _builder_version=\u00bb4.16&#8243; custom_padding=\u00bb|||\u00bb global_colors_info=\u00bb{}\u00bb custom_padding__hover=\u00bb|||\u00bb][et_pb_post_title meta=\u00bboff\u00bb _builder_version=\u00bb3.3.1&#8243; title_font=\u00bb|600|||||||\u00bb title_text_align=\u00bbcenter\u00bb title_text_color=\u00bb#e02b20&#8243; title_font_size=\u00bb32px\u00bb max_width=\u00bb100%\u00bb max_width_tablet=\u00bb\u00bb max_width_phone=\u00bb\u00bb max_width_last_edited=\u00bbon|tablet\u00bb global_module=\u00bb205909&#8243; global_colors_info=\u00bb{}\u00bb][\/et_pb_post_title][et_pb_text admin_label=\u00bbText\u00bb _builder_version=\u00bb4.17.4&#8243; background_size=\u00bbinitial\u00bb background_position=\u00bbtop_left\u00bb background_repeat=\u00bbrepeat\u00bb global_colors_info=\u00bb{}\u00bb]<\/p>\n<p style=\"text-align: justify;\"><span style=\"font-size: 12pt;\"> La mini olimpiada escolar Nervi\u00f3n San Pablo es organizada por el ayuntamiento de Sevilla a trav\u00e9s del Instituto Municipal de Deportes con la colaboraci\u00f3n del distrito y se celebra en las instalaciones del Centro Deportivo San Pablo. Tiene los objetivos de fomentar el deporte como factor de uni\u00f3n y convivencia y promocionar habitos de vida saludable. Han participado en esta edici\u00f3n siete centros escolares de la zona: CEIP Baltasar Alc\u00e1zar, CEIP San Pablo, CEIP San Juan de Ribera, CEIP Al-Andalus, CEIP Ortiz de Z\u00fa\u00f1iga, CEIP Pr\u00e1cticas y CEPR Cruz del Campo.<\/span><\/p>\n<p style=\"text-align: justify;\"><span style=\"font-size: 12pt;\">Las diversas competiciones deportivas han sido atletismo, f\u00fatbol sala, balonmano, Bal\u00f3n prisionero, baloncesto y futbaseball.<\/span><\/p>\n<p style=\"text-align: justify;\"><span style=\"font-size: 12pt;\">Ademas se han realizado 30 talleres de animaci\u00f3n para amenizar la jornada como pinta caras, globoflexia, paddle, escalada, ajedrez o tenis.<\/span><\/p>\n<p style=\"text-align: justify;\"><img loading=\"lazy\" decoding=\"async\" src=\"https:\/\/colegiocruzdelcampo.com\/wp-content\/uploads\/2018\/06\/IMG-3273-225x300.jpg\" width=\"225\" height=\"300\" alt=\"\" class=\"wp-image-205773 alignnone size-medium\" srcset=\"https:\/\/colegiocruzdelcampo.com\/wp-content\/uploads\/2018\/06\/IMG-3273-225x300.jpg 225w, https:\/\/colegiocruzdelcampo.com\/wp-content\/uploads\/2018\/06\/IMG-3273-768x1024.jpg 768w, https:\/\/colegiocruzdelcampo.com\/wp-content\/uploads\/2018\/06\/IMG-3273-1080x1440.jpg 1080w\" sizes=\"(max-width: 225px) 100vw, 225px\" \/> <img loading=\"lazy\" decoding=\"async\" src=\"https:\/\/colegiocruzdelcampo.com\/wp-content\/uploads\/2018\/06\/IMG-3269-300x225.jpg\" width=\"300\" height=\"225\" alt=\"\" class=\"wp-image-205772 alignnone size-medium\" srcset=\"https:\/\/colegiocruzdelcampo.com\/wp-content\/uploads\/2018\/06\/IMG-3269-300x225.jpg 300w, https:\/\/colegiocruzdelcampo.com\/wp-content\/uploads\/2018\/06\/IMG-3269-768x576.jpg 768w, https:\/\/colegiocruzdelcampo.com\/wp-content\/uploads\/2018\/06\/IMG-3269-1024x768.jpg 1024w, https:\/\/colegiocruzdelcampo.com\/wp-content\/uploads\/2018\/06\/IMG-3269-510x382.jpg 510w, https:\/\/colegiocruzdelcampo.com\/wp-content\/uploads\/2018\/06\/IMG-3269-1080x810.jpg 1080w\" sizes=\"(max-width: 300px) 100vw, 300px\" \/> <img loading=\"lazy\" decoding=\"async\" src=\"https:\/\/colegiocruzdelcampo.com\/wp-content\/uploads\/2018\/06\/IMG-3227-300x225.jpg\" width=\"300\" height=\"225\" alt=\"\" class=\"wp-image-205771 alignnone size-medium\" srcset=\"https:\/\/colegiocruzdelcampo.com\/wp-content\/uploads\/2018\/06\/IMG-3227-300x225.jpg 300w, https:\/\/colegiocruzdelcampo.com\/wp-content\/uploads\/2018\/06\/IMG-3227-768x576.jpg 768w, https:\/\/colegiocruzdelcampo.com\/wp-content\/uploads\/2018\/06\/IMG-3227-1024x768.jpg 1024w, https:\/\/colegiocruzdelcampo.com\/wp-content\/uploads\/2018\/06\/IMG-3227-510x382.jpg 510w, https:\/\/colegiocruzdelcampo.com\/wp-content\/uploads\/2018\/06\/IMG-3227-1080x810.jpg 1080w\" sizes=\"(max-width: 300px) 100vw, 300px\" \/><\/p>\n<p>[\/et_pb_text][\/et_pb_column][\/et_pb_row][\/et_pb_section][et_pb_section fb_built=\u00bb1&#8243; _builder_version=\u00bb4.27.4&#8243; background_color=\u00bb#ffffff\u00bb top_divider_style=\u00bbslant2&#8243; top_divider_color=\u00bb#00af08&#8243; top_divider_height=\u00bb52px\u00bb bottom_divider_style=\u00bbramp2&#8243; bottom_divider_color=\u00bb#00af08&#8243; bottom_divider_height=\u00bb64px\u00bb animation_style=\u00bbslide\u00bb hover_enabled=\u00bb0&#8243; global_colors_info=\u00bb{}\u00bb sticky_enabled=\u00bb0&#8243;][et_pb_row _builder_version=\u00bb4.16&#8243; global_colors_info=\u00bb{}\u00bb][et_pb_column type=\u00bb4_4&#8243; _builder_version=\u00bb4.16&#8243; custom_padding=\u00bb|||\u00bb global_colors_info=\u00bb{}\u00bb custom_padding__hover=\u00bb|||\u00bb][et_pb_contact_form title=\u00bbContacta con nosotros\u00bb success_message=\u00bbGracias por contactar con nuestro colegio.\u00bb submit_button_text=\u00bbenviar\u00bb module_id=\u00bbet_pb_contact_form_0&#8243; _builder_version=\u00bb4.16&#8243; _unique_id=\u00bbb27bd7aa-478c-45a1-a745-3839beba3c1a\u00bb global_colors_info=\u00bb{}\u00bb][et_pb_contact_field field_id=\u00bbName\u00bb field_title=\u00bbNombre\u00bb _builder_version=\u00bb4.16&#8243; global_colors_info=\u00bb{}\u00bb button_text_size__hover_enabled=\u00bboff\u00bb button_one_text_size__hover_enabled=\u00bboff\u00bb button_two_text_size__hover_enabled=\u00bboff\u00bb button_text_color__hover_enabled=\u00bboff\u00bb button_one_text_color__hover_enabled=\u00bboff\u00bb button_two_text_color__hover_enabled=\u00bboff\u00bb button_border_width__hover_enabled=\u00bboff\u00bb button_one_border_width__hover_enabled=\u00bboff\u00bb button_two_border_width__hover_enabled=\u00bboff\u00bb button_border_color__hover_enabled=\u00bboff\u00bb button_one_border_color__hover_enabled=\u00bboff\u00bb button_two_border_color__hover_enabled=\u00bboff\u00bb button_border_radius__hover_enabled=\u00bboff\u00bb button_one_border_radius__hover_enabled=\u00bboff\u00bb button_two_border_radius__hover_enabled=\u00bboff\u00bb button_letter_spacing__hover_enabled=\u00bboff\u00bb button_one_letter_spacing__hover_enabled=\u00bboff\u00bb button_two_letter_spacing__hover_enabled=\u00bboff\u00bb button_bg_color__hover_enabled=\u00bboff\u00bb button_one_bg_color__hover_enabled=\u00bboff\u00bb button_two_bg_color__hover_enabled=\u00bboff\u00bb][\/et_pb_contact_field][et_pb_contact_field field_id=\u00bbEmail\u00bb field_title=\u00bbDirecci\u00f3n de correo electr\u00f3nico\u00bb field_type=\u00bbemail\u00bb _builder_version=\u00bb4.16&#8243; global_colors_info=\u00bb{}\u00bb button_text_size__hover_enabled=\u00bboff\u00bb button_one_text_size__hover_enabled=\u00bboff\u00bb button_two_text_size__hover_enabled=\u00bboff\u00bb button_text_color__hover_enabled=\u00bboff\u00bb button_one_text_color__hover_enabled=\u00bboff\u00bb button_two_text_color__hover_enabled=\u00bboff\u00bb button_border_width__hover_enabled=\u00bboff\u00bb button_one_border_width__hover_enabled=\u00bboff\u00bb button_two_border_width__hover_enabled=\u00bboff\u00bb button_border_color__hover_enabled=\u00bboff\u00bb button_one_border_color__hover_enabled=\u00bboff\u00bb button_two_border_color__hover_enabled=\u00bboff\u00bb button_border_radius__hover_enabled=\u00bboff\u00bb button_one_border_radius__hover_enabled=\u00bboff\u00bb button_two_border_radius__hover_enabled=\u00bboff\u00bb button_letter_spacing__hover_enabled=\u00bboff\u00bb button_one_letter_spacing__hover_enabled=\u00bboff\u00bb button_two_letter_spacing__hover_enabled=\u00bboff\u00bb button_bg_color__hover_enabled=\u00bboff\u00bb button_one_bg_color__hover_enabled=\u00bboff\u00bb button_two_bg_color__hover_enabled=\u00bboff\u00bb][\/et_pb_contact_field][et_pb_contact_field field_id=\u00bbMessage\u00bb field_title=\u00bbMensaje\u00bb field_type=\u00bbtext\u00bb fullwidth_field=\u00bbon\u00bb _builder_version=\u00bb4.16&#8243; global_colors_info=\u00bb{}\u00bb button_text_size__hover_enabled=\u00bboff\u00bb button_one_text_size__hover_enabled=\u00bboff\u00bb button_two_text_size__hover_enabled=\u00bboff\u00bb button_text_color__hover_enabled=\u00bboff\u00bb button_one_text_color__hover_enabled=\u00bboff\u00bb button_two_text_color__hover_enabled=\u00bboff\u00bb button_border_width__hover_enabled=\u00bboff\u00bb button_one_border_width__hover_enabled=\u00bboff\u00bb button_two_border_width__hover_enabled=\u00bboff\u00bb button_border_color__hover_enabled=\u00bboff\u00bb button_one_border_color__hover_enabled=\u00bboff\u00bb button_two_border_color__hover_enabled=\u00bboff\u00bb button_border_radius__hover_enabled=\u00bboff\u00bb button_one_border_radius__hover_enabled=\u00bboff\u00bb button_two_border_radius__hover_enabled=\u00bboff\u00bb button_letter_spacing__hover_enabled=\u00bboff\u00bb button_one_letter_spacing__hover_enabled=\u00bboff\u00bb button_two_letter_spacing__hover_enabled=\u00bboff\u00bb button_bg_color__hover_enabled=\u00bboff\u00bb button_one_bg_color__hover_enabled=\u00bboff\u00bb button_two_bg_color__hover_enabled=\u00bboff\u00bb][\/et_pb_contact_field][\/et_pb_contact_form][et_pb_text _builder_version=\u00bb4.16&#8243; global_colors_info=\u00bb{}\u00bb]<\/p>\n<p style=\"text-align: center;\"><span style=\"color: #ff0000;\"><strong>C.E.PR. Cruz del Campo<\/strong><\/span>. 52 Cruz del Campo Avenue <span class=\"LrzXr\">18, 41005 Sevilla. Telephone <strong>955 624 855<\/strong>. <a href=\"mailto:41018239.edu@juntadeandalucia.es\">Contact by e - mail.<\/a><br \/>\n<\/span><\/p>\n<p>[\/et_pb_text][\/et_pb_column][\/et_pb_row][\/et_pb_section][et_pb_section fb_built=\u00bb1&#8243; fullwidth=\u00bbon\u00bb _builder_version=\u00bb4.16&#8243; global_colors_info=\u00bb{}\u00bb][et_pb_fullwidth_map address=\u00bbAv. de la Cruz del Campo, 18, 41005 Sevilla, Espa\u00f1a\u00bb zoom_level=\u00bb19&#8243; address_lat=\u00bb37.38379391652372&#8243; address_lng=\u00bb-5.966102988371404&#8243; mouse_wheel=\u00bboff\u00bb _builder_version=\u00bb4.16&#8243; animation_style=\u00bbslide\u00bb global_colors_info=\u00bb{}\u00bb][et_pb_map_pin title=\u00bbColegio Cruz del Campo Sevilla\u00bb pin_address=\u00bbAv. de la Cruz del Campo, 18, 41005 Sevilla\u00bb _builder_version=\u00bb3.3.1&#8243; global_colors_info=\u00bb{}\u00bb][\/et_pb_map_pin][\/et_pb_fullwidth_map][\/et_pb_section]<\/p>","protected":false},"excerpt":{"rendered":"<p>La mini olimpiada escolar Nervi\u00f3n San Pablo es organizada por el ayuntamiento de Sevilla a trav\u00e9s del Instituto Municipal de Deportes con la colaboraci\u00f3n del distrito y se celebra en las instalaciones del Centro Deportivo San Pablo. Tiene los objetivos de fomentar el deporte como factor de uni\u00f3n y convivencia y promocionar habitos de vida [&hellip;]<\/p>","protected":false},"author":5,"featured_media":0,"parent":205020,"menu_order":0,"comment_status":"closed","ping_status":"closed","template":"","meta":{"_et_pb_use_builder":"on","_et_pb_old_content":"<p style=\"text-align: justify;\"><span style=\"font-size: 12pt;\"> La mini olimpiada escolar Nervi\u00f3n San Pablo es organizada por el ayuntamiento de Sevilla a trav\u00e9s del Instituto Municipal de Deportes con la colaboraci\u00f3n del distrito y se celebra en las instalaciones del Centro Deportivo San Pablo. Tiene los objetivos de fomentar el deporte como factor de uni\u00f3n y convivencia y promocionar habitos de vida saludable. Han participado en esta edici\u00f3n siete centros escolares de la zona: CEIP Baltasar Alc\u00e1zar, CEIP San Pablo, CEIP San Juan de Ribera, CEIP Al-Andalus, CEIP Ortiz de Z\u00fa\u00f1iga, CEIP Pr\u00e1cticas y CEPR Cruz del Campo.<\/span><\/p>\r\n<p style=\"text-align: justify;\"><span style=\"font-size: 12pt;\">Las diversas competiciones deportivas han sido atletismo, f\u00fatbol sala, balonmano, Bal\u00f3n prisionero, baloncesto y futbaseball.<\/span><\/p>\r\n<p style=\"text-align: justify;\"><span style=\"font-size: 12pt;\">Ademas se han realizado 30 talleres de animaci\u00f3n para animar la jornada como pinta caras, globoflexia, paddle, escalada, ajedrez o tenis.<\/span><\/p>\r\n[gallery ids=\"205773,205772,205771\"]","_et_gb_content_width":"","footnotes":""},"class_list":["post-205098","page","type-page","status-publish","hentry"],"_links":{"self":[{"href":"https:\/\/colegiocruzdelcampo.com\/en\/wp-json\/wp\/v2\/pages\/205098","targetHints":{"allow":["GET"]}}],"collection":[{"href":"https:\/\/colegiocruzdelcampo.com\/en\/wp-json\/wp\/v2\/pages"}],"about":[{"href":"https:\/\/colegiocruzdelcampo.com\/en\/wp-json\/wp\/v2\/types\/page"}],"author":[{"embeddable":true,"href":"https:\/\/colegiocruzdelcampo.com\/en\/wp-json\/wp\/v2\/users\/5"}],"replies":[{"embeddable":true,"href":"https:\/\/colegiocruzdelcampo.com\/en\/wp-json\/wp\/v2\/comments?post=205098"}],"version-history":[{"count":12,"href":"https:\/\/colegiocruzdelcampo.com\/en\/wp-json\/wp\/v2\/pages\/205098\/revisions"}],"predecessor-version":[{"id":210542,"href":"https:\/\/colegiocruzdelcampo.com\/en\/wp-json\/wp\/v2\/pages\/205098\/revisions\/210542"}],"up":[{"embeddable":true,"href":"https:\/\/colegiocruzdelcampo.com\/en\/wp-json\/wp\/v2\/pages\/205020"}],"wp:attachment":[{"href":"https:\/\/colegiocruzdelcampo.com\/en\/wp-json\/wp\/v2\/media?parent=205098"}],"curies":[{"name":"wp","href":"https:\/\/api.w.org\/{rel}","templated":true}]}}