{"id":205095,"date":"2018-06-17T14:20:07","date_gmt":"2018-06-17T14:20:07","guid":{"rendered":"http:\/\/colegiocruzdelcampo.es\/?page_id=205095"},"modified":"2025-03-26T12:38:42","modified_gmt":"2025-03-26T12:38:42","slug":"feria-de-las-ciencias","status":"publish","type":"page","link":"https:\/\/colegiocruzdelcampo.com\/en\/proyectos\/feria-de-las-ciencias\/","title":{"rendered":"SCIENCE FAIR"},"content":{"rendered":"<p>[et_pb_section fb_built=\u00bb1&#8243; admin_label=\u00bbsection\u00bb _builder_version=\u00bb4.16&#8243; custom_padding=\u00bb41px|0px|54px|0px|false|false\u00bb global_colors_info=\u00bb{}\u00bb][et_pb_row admin_label=\u00bbrow\u00bb _builder_version=\u00bb4.16&#8243; background_size=\u00bbinitial\u00bb background_position=\u00bbtop_left\u00bb background_repeat=\u00bbrepeat\u00bb custom_padding=\u00bb1px|0px|0|0px|false|false\u00bb global_colors_info=\u00bb{}\u00bb][et_pb_column type=\u00bb4_4&#8243; _builder_version=\u00bb4.16&#8243; custom_padding=\u00bb|||\u00bb global_colors_info=\u00bb{}\u00bb custom_padding__hover=\u00bb|||\u00bb][et_pb_post_title meta=\u00bboff\u00bb _builder_version=\u00bb3.3.1&#8243; title_font=\u00bb|600|||||||\u00bb title_text_align=\u00bbcenter\u00bb title_text_color=\u00bb#e02b20&#8243; title_font_size=\u00bb32px\u00bb max_width=\u00bb100%\u00bb max_width_tablet=\u00bb\u00bb max_width_phone=\u00bb\u00bb max_width_last_edited=\u00bbon|tablet\u00bb global_module=\u00bb205909&#8243; global_colors_info=\u00bb{}\u00bb][\/et_pb_post_title][et_pb_text admin_label=\u00bbText\u00bb _builder_version=\u00bb4.16&#8243; background_size=\u00bbinitial\u00bb background_position=\u00bbtop_left\u00bb background_repeat=\u00bbrepeat\u00bb animation_style=\u00bbfade\u00bb global_colors_info=\u00bb{}\u00bb]<\/p>\n<p style=\"text-align: justify;\"><span style=\"font-size: 12pt;\">La Feria de la Ciencia es un proyecto educativo y cultural organizado por la Sociedad Andaluza para la Divulgaci\u00f3n de la Ciencia , la Fundaci\u00f3n Descubre y el Centro del Profesorado de Sevilla.<\/span><\/p>\n<p style=\"text-align: justify;\"><span style=\"font-size: 12pt;\">Su finalidad es crear un espacio que permita el intercambio, la divulgaci\u00f3n y la comunicaci\u00f3n de conocimientos cient\u00edficos, en la que los actores-divulgadores son los alumnos y alumnas de los centros educativos, el profesorado de las universidades y el personal de los centros de investigaci\u00f3n y de las empresas innovadoras. El desarrollo de esta idea pretende alcanzar los siguientes objetivos:<\/span><\/p>\n<ul style=\"text-align: justify;\">\n<li style=\"list-style-type: none;\">\n<ul>\n<li style=\"list-style-type: none;\">\n<ul>\n<li><span style=\"font-size: 12pt;\">Potenciar la divulgaci\u00f3n y la comunicaci\u00f3n social de la ciencia.<\/span><\/li>\n<li><span style=\"font-size: 12pt;\">Dinamizar la ense\u00f1anza de las ciencias, incorporando metodolog\u00edas activas e investigativas en las programaciones de aula.<\/span><\/li>\n<li><span style=\"font-size: 12pt;\">Contribuir al desarrollo de vocaciones cient\u00edficas mediante un planteamiento activo y pr\u00e1ctico de la ense\u00f1anza de las ciencias y el contacto con investigadores\/as en activo.<\/span><\/li>\n<li><span style=\"font-size: 12pt;\">Fomentar el esp\u00edritu innovador y emprendedor entre el alumnado participante.<\/span><\/li>\n<\/ul>\n<\/li>\n<\/ul>\n<\/li>\n<\/ul>\n<p style=\"text-align: justify;\"><span style=\"font-size: 12pt;\">Este a\u00f1o, nuestro stand en la feria de las ciencias ha estado dedicado al 50\u00ba aniversario de la llegada a la luna, por lo que nuestros peque cient\u00edficos han mostrado a sus visitantes su telescopio de las fases lunares, han explicado sus conocimientos sobre nuestro sat\u00e9lite y han averiguado el peso que tendr\u00eda una persona en los diversos planetas del sistema solar.<\/span><\/p>\n<p>&nbsp;<br \/>\n[\/et_pb_text][\/et_pb_column][\/et_pb_row][et_pb_row column_structure=\u00bb1_2,1_2&#8243; _builder_version=\u00bb4.16&#8243; global_colors_info=\u00bb{}\u00bb][et_pb_column type=\u00bb1_2&#8243; _builder_version=\u00bb4.16&#8243; custom_padding=\u00bb|||\u00bb global_colors_info=\u00bb{}\u00bb custom_padding__hover=\u00bb|||\u00bb][et_pb_gallery gallery_ids=\u00bb207634,207635,207642,207641,207640,207639,207638,207637,207643,207636&#8243; fullwidth=\u00bbon\u00bb _builder_version=\u00bb4.16&#8243; animation_style=\u00bbslide\u00bb global_colors_info=\u00bb{}\u00bb][\/et_pb_gallery][\/et_pb_column][et_pb_column type=\u00bb1_2&#8243; _builder_version=\u00bb4.16&#8243; custom_padding=\u00bb|||\u00bb global_colors_info=\u00bb{}\u00bb custom_padding__hover=\u00bb|||\u00bb][et_pb_code _builder_version=\u00bb4.16&#8243; animation_style=\u00bbslide\u00bb global_colors_info=\u00bb{}\u00bb]<iframe loading=\"lazy\" width=\"560\" height=\"315\" src=\"https:\/\/www.youtube.com\/embed\/fBGnyMgNz8Y?rel=0\" frameborder=\"0\" allow=\"accelerometer; autoplay; encrypted-media; gyroscope; picture-in-picture\" allowfullscreen><\/iframe>[\/et_pb_code][\/et_pb_column][\/et_pb_row][\/et_pb_section][et_pb_section fb_built=\u00bb1&#8243; _builder_version=\u00bb4.27.4&#8243; background_color=\u00bb#ffffff\u00bb top_divider_style=\u00bbslant2&#8243; top_divider_color=\u00bb#00af08&#8243; top_divider_height=\u00bb52px\u00bb bottom_divider_style=\u00bbramp2&#8243; bottom_divider_color=\u00bb#00af08&#8243; bottom_divider_height=\u00bb64px\u00bb animation_style=\u00bbslide\u00bb hover_enabled=\u00bb0&#8243; global_colors_info=\u00bb{}\u00bb sticky_enabled=\u00bb0&#8243;][et_pb_row _builder_version=\u00bb4.16&#8243; global_colors_info=\u00bb{}\u00bb][et_pb_column type=\u00bb4_4&#8243; _builder_version=\u00bb4.16&#8243; custom_padding=\u00bb|||\u00bb global_colors_info=\u00bb{}\u00bb custom_padding__hover=\u00bb|||\u00bb][et_pb_contact_form title=\u00bbContacta con nosotros\u00bb success_message=\u00bbGracias por contactar con nuestro colegio.\u00bb submit_button_text=\u00bbenviar\u00bb module_id=\u00bbet_pb_contact_form_0&#8243; _builder_version=\u00bb4.16&#8243; _unique_id=\u00bbb9285057-bdee-4485-a7df-090bc1a76068&#8243; global_colors_info=\u00bb{}\u00bb][et_pb_contact_field field_id=\u00bbName\u00bb field_title=\u00bbNombre\u00bb _builder_version=\u00bb4.16&#8243; global_colors_info=\u00bb{}\u00bb button_text_size__hover_enabled=\u00bboff\u00bb button_one_text_size__hover_enabled=\u00bboff\u00bb button_two_text_size__hover_enabled=\u00bboff\u00bb button_text_color__hover_enabled=\u00bboff\u00bb button_one_text_color__hover_enabled=\u00bboff\u00bb button_two_text_color__hover_enabled=\u00bboff\u00bb button_border_width__hover_enabled=\u00bboff\u00bb button_one_border_width__hover_enabled=\u00bboff\u00bb button_two_border_width__hover_enabled=\u00bboff\u00bb button_border_color__hover_enabled=\u00bboff\u00bb button_one_border_color__hover_enabled=\u00bboff\u00bb button_two_border_color__hover_enabled=\u00bboff\u00bb button_border_radius__hover_enabled=\u00bboff\u00bb button_one_border_radius__hover_enabled=\u00bboff\u00bb button_two_border_radius__hover_enabled=\u00bboff\u00bb button_letter_spacing__hover_enabled=\u00bboff\u00bb button_one_letter_spacing__hover_enabled=\u00bboff\u00bb button_two_letter_spacing__hover_enabled=\u00bboff\u00bb button_bg_color__hover_enabled=\u00bboff\u00bb button_one_bg_color__hover_enabled=\u00bboff\u00bb button_two_bg_color__hover_enabled=\u00bboff\u00bb][\/et_pb_contact_field][et_pb_contact_field field_id=\u00bbEmail\u00bb field_title=\u00bbDirecci\u00f3n de correo electr\u00f3nico\u00bb field_type=\u00bbemail\u00bb _builder_version=\u00bb4.16&#8243; global_colors_info=\u00bb{}\u00bb button_text_size__hover_enabled=\u00bboff\u00bb button_one_text_size__hover_enabled=\u00bboff\u00bb button_two_text_size__hover_enabled=\u00bboff\u00bb button_text_color__hover_enabled=\u00bboff\u00bb button_one_text_color__hover_enabled=\u00bboff\u00bb button_two_text_color__hover_enabled=\u00bboff\u00bb button_border_width__hover_enabled=\u00bboff\u00bb button_one_border_width__hover_enabled=\u00bboff\u00bb button_two_border_width__hover_enabled=\u00bboff\u00bb button_border_color__hover_enabled=\u00bboff\u00bb button_one_border_color__hover_enabled=\u00bboff\u00bb button_two_border_color__hover_enabled=\u00bboff\u00bb button_border_radius__hover_enabled=\u00bboff\u00bb button_one_border_radius__hover_enabled=\u00bboff\u00bb button_two_border_radius__hover_enabled=\u00bboff\u00bb button_letter_spacing__hover_enabled=\u00bboff\u00bb button_one_letter_spacing__hover_enabled=\u00bboff\u00bb button_two_letter_spacing__hover_enabled=\u00bboff\u00bb button_bg_color__hover_enabled=\u00bboff\u00bb button_one_bg_color__hover_enabled=\u00bboff\u00bb button_two_bg_color__hover_enabled=\u00bboff\u00bb][\/et_pb_contact_field][et_pb_contact_field field_id=\u00bbMessage\u00bb field_title=\u00bbMensaje\u00bb field_type=\u00bbtext\u00bb fullwidth_field=\u00bbon\u00bb _builder_version=\u00bb4.16&#8243; global_colors_info=\u00bb{}\u00bb button_text_size__hover_enabled=\u00bboff\u00bb button_one_text_size__hover_enabled=\u00bboff\u00bb button_two_text_size__hover_enabled=\u00bboff\u00bb button_text_color__hover_enabled=\u00bboff\u00bb button_one_text_color__hover_enabled=\u00bboff\u00bb button_two_text_color__hover_enabled=\u00bboff\u00bb button_border_width__hover_enabled=\u00bboff\u00bb button_one_border_width__hover_enabled=\u00bboff\u00bb button_two_border_width__hover_enabled=\u00bboff\u00bb button_border_color__hover_enabled=\u00bboff\u00bb button_one_border_color__hover_enabled=\u00bboff\u00bb button_two_border_color__hover_enabled=\u00bboff\u00bb button_border_radius__hover_enabled=\u00bboff\u00bb button_one_border_radius__hover_enabled=\u00bboff\u00bb button_two_border_radius__hover_enabled=\u00bboff\u00bb button_letter_spacing__hover_enabled=\u00bboff\u00bb button_one_letter_spacing__hover_enabled=\u00bboff\u00bb button_two_letter_spacing__hover_enabled=\u00bboff\u00bb button_bg_color__hover_enabled=\u00bboff\u00bb button_one_bg_color__hover_enabled=\u00bboff\u00bb button_two_bg_color__hover_enabled=\u00bboff\u00bb][\/et_pb_contact_field][\/et_pb_contact_form][et_pb_text _builder_version=\u00bb4.16&#8243; global_colors_info=\u00bb{}\u00bb]<\/p>\n<p style=\"text-align: center;\"><span style=\"color: #ff0000;\"><strong>C.E.PR. Cruz del Campo<\/strong><\/span>. 52 Cruz del Campo Avenue <span class=\"LrzXr\">18, 41005 Sevilla. Telephone <strong>955 624 855<\/strong>. <a href=\"mailto:41018239.edu@juntadeandalucia.es\">Contact by e - mail.<\/a><br \/>\n<\/span><\/p>\n<p>[\/et_pb_text][\/et_pb_column][\/et_pb_row][\/et_pb_section][et_pb_section fb_built=\u00bb1&#8243; fullwidth=\u00bbon\u00bb _builder_version=\u00bb4.16&#8243; global_colors_info=\u00bb{}\u00bb][et_pb_fullwidth_map address=\u00bbAv. de la Cruz del Campo, 18, 41005 Sevilla, Espa\u00f1a\u00bb zoom_level=\u00bb19&#8243; address_lat=\u00bb37.38379391652372&#8243; address_lng=\u00bb-5.966102988371404&#8243; mouse_wheel=\u00bboff\u00bb _builder_version=\u00bb4.16&#8243; animation_style=\u00bbslide\u00bb global_colors_info=\u00bb{}\u00bb][et_pb_map_pin title=\u00bbColegio Cruz del Campo Sevilla\u00bb pin_address=\u00bbAv. de la Cruz del Campo, 18, 41005 Sevilla\u00bb _builder_version=\u00bb3.3.1&#8243; global_colors_info=\u00bb{}\u00bb][\/et_pb_map_pin][\/et_pb_fullwidth_map][\/et_pb_section]<\/p>","protected":false},"excerpt":{"rendered":"<p>La Feria de la Ciencia es un proyecto educativo y cultural organizado por la Sociedad Andaluza para la Divulgaci\u00f3n de la Ciencia , la Fundaci\u00f3n Descubre y el Centro del Profesorado de Sevilla. Su finalidad es crear un espacio que permita el intercambio, la divulgaci\u00f3n y la comunicaci\u00f3n de conocimientos cient\u00edficos, en la que los [&hellip;]<\/p>","protected":false},"author":5,"featured_media":0,"parent":205020,"menu_order":0,"comment_status":"closed","ping_status":"closed","template":"","meta":{"_et_pb_use_builder":"on","_et_pb_old_content":"<h1><img class=\" wp-image-205567 alignleft\" src=\"http:\/\/colegiocruzdelcampo.es\/wp-content\/uploads\/2018\/06\/Cartel-Feria-de-la-Ciencia-1-212x300.jpg\" alt=\"\" width=\"152\" height=\"215\"><\/h1>\r\n<p style=\"text-align: justify;\"><span style=\"font-size: 12pt;\">La Feria de la Ciencia es un proyecto educativo y cultural organizado por la Sociedad Andaluza para la Divulgaci\u00f3n de la Ciencia , la Fundaci\u00f3n Descubre y el Centro del Profesorado de Sevilla.<\/span><\/p>\r\n<p style=\"text-align: justify;\"><span style=\"font-size: 12pt;\">Su finalidad es crear un espacio que permita el intercambio, la divulgaci\u00f3n y la comunicaci\u00f3n de conocimientos cient\u00edficos, en la que los actores-divulgadores son los alumnos y alumnas de los centros educativos, el profesorado de las universidades y el personal de los centros de investigaci\u00f3n y de las empresas innovadoras. El desarrollo de esta idea pretende alcanzar los siguientes objetivos:<\/span><\/p>\r\n\r\n<ul style=\"text-align: justify;\">\r\n \t<li style=\"list-style-type: none;\">\r\n<ul>\r\n \t<li style=\"list-style-type: none;\">\r\n<ul>\r\n \t<li><span style=\"font-size: 12pt;\">Potenciar la divulgaci\u00f3n y la comunicaci\u00f3n social de la ciencia.<\/span><\/li>\r\n \t<li><span style=\"font-size: 12pt;\">Dinamizar la ense\u00f1anza de las ciencias, incorporando metodolog\u00edas activas e investigativas en las programaciones de aula.<\/span><\/li>\r\n \t<li><span style=\"font-size: 12pt;\">Contribuir al desarrollo de vocaciones cient\u00edficas mediante un planteamiento activo y pr\u00e1ctico de la ense\u00f1anza de las ciencias y el contacto con investigadores\/as en activo.<\/span><\/li>\r\n \t<li><span style=\"font-size: 12pt;\">Fomentar el esp\u00edritu innovador y emprendedor entre el alumnado participante.<\/span><\/li>\r\n<\/ul>\r\n<\/li>\r\n<\/ul>\r\n<\/li>\r\n<\/ul>\r\n<p style=\"text-align: justify;\"><span style=\"font-size: 12pt;\">Este a\u00f1o, la feria de las ciencias ha estado dedicada a la neurociencia, y nuestros experimentos han ido enfocados a demostrar como afectan nuestros sentidos a la percepci\u00f3n de la realidad y a nuestra capacidad de realizar ciertas acciones.\u00a0 Hemos intentado hacer un laberinto en una silla no estable, hemos medido nuestra rapidez de reacci\u00f3n con una regla que cae entre nuestros dedos, hemos tratado de enga\u00f1ar la percepci\u00f3n de una persona con un brazo de pl\u00e1stico,\u00a0 hemos tratado de degustar productos sin la ayuda del olfato y la vista y hemos tratado de averiguar con el tacto qu\u00e9 objetos conoc\u00edamos. Quiz\u00e1s el m\u00e1s divertido fue el idiotizador; un programa que nos repet\u00eda con retraso nuestras propias palabras haci\u00e9ndonos muy dif\u00edcil hablar correctamente.<\/span><\/p>\r\n[gallery link=\"file\" ids=\"205577,205576,205578,205579,205580,205584\"]","_et_gb_content_width":"","footnotes":""},"class_list":["post-205095","page","type-page","status-publish","hentry"],"_links":{"self":[{"href":"https:\/\/colegiocruzdelcampo.com\/en\/wp-json\/wp\/v2\/pages\/205095","targetHints":{"allow":["GET"]}}],"collection":[{"href":"https:\/\/colegiocruzdelcampo.com\/en\/wp-json\/wp\/v2\/pages"}],"about":[{"href":"https:\/\/colegiocruzdelcampo.com\/en\/wp-json\/wp\/v2\/types\/page"}],"author":[{"embeddable":true,"href":"https:\/\/colegiocruzdelcampo.com\/en\/wp-json\/wp\/v2\/users\/5"}],"replies":[{"embeddable":true,"href":"https:\/\/colegiocruzdelcampo.com\/en\/wp-json\/wp\/v2\/comments?post=205095"}],"version-history":[{"count":28,"href":"https:\/\/colegiocruzdelcampo.com\/en\/wp-json\/wp\/v2\/pages\/205095\/revisions"}],"predecessor-version":[{"id":210541,"href":"https:\/\/colegiocruzdelcampo.com\/en\/wp-json\/wp\/v2\/pages\/205095\/revisions\/210541"}],"up":[{"embeddable":true,"href":"https:\/\/colegiocruzdelcampo.com\/en\/wp-json\/wp\/v2\/pages\/205020"}],"wp:attachment":[{"href":"https:\/\/colegiocruzdelcampo.com\/en\/wp-json\/wp\/v2\/media?parent=205095"}],"curies":[{"name":"wp","href":"https:\/\/api.w.org\/{rel}","templated":true}]}}