{"id":205084,"date":"2018-06-17T14:16:03","date_gmt":"2018-06-17T14:16:03","guid":{"rendered":"http:\/\/colegiocruzdelcampo.es\/?page_id=205084"},"modified":"2025-03-26T12:01:06","modified_gmt":"2025-03-26T12:01:06","slug":"plan-de-salud-laboral-y-prl","status":"publish","type":"page","link":"https:\/\/colegiocruzdelcampo.com\/en\/proyectos\/plan-de-salud-laboral-y-prl\/","title":{"rendered":"SECURITY PLAN"},"content":{"rendered":"<p>[et_pb_section fb_built=\u00bb1&#8243; admin_label=\u00bbsection\u00bb _builder_version=\u00bb4.16&#8243; global_colors_info=\u00bb{}\u00bb][et_pb_row admin_label=\u00bbrow\u00bb _builder_version=\u00bb4.16&#8243; background_size=\u00bbinitial\u00bb background_position=\u00bbtop_left\u00bb background_repeat=\u00bbrepeat\u00bb global_colors_info=\u00bb{}\u00bb][et_pb_column type=\u00bb4_4&#8243; _builder_version=\u00bb4.16&#8243; custom_padding=\u00bb|||\u00bb global_colors_info=\u00bb{}\u00bb custom_padding__hover=\u00bb|||\u00bb][et_pb_post_title meta=\u00bboff\u00bb featured_image=\u00bboff\u00bb _builder_version=\u00bb4.16&#8243; title_font=\u00bb||||||||\u00bb title_text_color=\u00bb#e02b20&#8243; text_orientation=\u00bbcenter\u00bb global_colors_info=\u00bb{}\u00bb][\/et_pb_post_title][et_pb_text admin_label=\u00bbText\u00bb _builder_version=\u00bb4.16&#8243; background_size=\u00bbinitial\u00bb background_position=\u00bbtop_left\u00bb background_repeat=\u00bbrepeat\u00bb animation_style=\u00bbfade\u00bb global_colors_info=\u00bb{}\u00bb]<\/p>\n<p><span style=\"color: #e02b20; font-size: 12pt;\"><strong>Protocolo de simulacro<\/strong><\/span><\/p>\n<p style=\"text-align: justify;\"><span style=\"font-size: 12pt;\"><strong>Jefe de emergencia<\/strong>: Director ( Si e<\/span><span style=\"font-size: 12pt;\">st\u00e1 en clase toma las funciones la portera. De 10 a 10:30h. la coordinadora).<\/span><\/p>\n<p style=\"text-align: justify;\"><span style=\"font-size: 12pt;\"><strong>Se\u00f1al de alarma<\/strong>: De 4 a 5 pulsaciones intermitentes.<\/span><\/p>\n<p style=\"text-align: justify;\"><span style=\"font-size: 12pt;\"><strong>Punto de reuni\u00f3n<\/strong>: Profesorado sale ordenadamente con el grupo con el que est\u00e9 en ese momento hacia el punto de reuni\u00f3n, situado en la esquina del patio\u00a0<\/span><span style=\"font-size: 12pt;\">m\u00e1s alejado de la caldera. Se colocar\u00e1n de 1\u00ba a\u00a0 6\u00ba manteniendo el mismo lugar que en las filas pero retras\u00e1ndolas hasta la valla.\u00a0 Los cursos de 6\u00ba, 5\u00ba y 4\u00ba se acercan para que el grupo est\u00e9 unido.<\/span><\/p>\n<p><span style=\"font-size: 12pt;\"><strong><img loading=\"lazy\" decoding=\"async\" class=\"wp-image-205787 alignnone size-full\" style=\"display: block; margin-left: auto; margin-right: auto;\" src=\"http:\/\/colegiocruzdelcampo.es\/wp-content\/uploads\/2018\/06\/salidas-de-emergencia.jpg\" alt=\"\" width=\"340\" height=\"243\" srcset=\"https:\/\/colegiocruzdelcampo.com\/wp-content\/uploads\/2018\/06\/salidas-de-emergencia.jpg 753w, https:\/\/colegiocruzdelcampo.com\/wp-content\/uploads\/2018\/06\/salidas-de-emergencia-300x214.jpg 300w\" sizes=\"(max-width: 340px) 100vw, 340px\" \/><\/strong><\/span><\/p>\n<p style=\"text-align: justify;\">\n<p style=\"text-align: justify;\"><span style=\"font-size: 12pt;\"><strong>Equipo 1\u00aa intervenci\u00f3n<\/strong>: Coordinador y profesorado de guardia ( Profesorado que est\u00e1 en secretar\u00eda ).Comprobar que est\u00e9 vacio el centro. Cerrar\u00a0 puertas y ventanas.<\/span><\/p>\n<p style=\"text-align: justify;\"><span style=\"font-size: 12pt;\"><strong>Equipo de Ayuda<\/strong>: Profesorado de Apoyo (2\u00ba Profesor).\u00a0Evacuar al alumnado con movilidad reducida de su ala.<\/span><\/p>\n<p style=\"text-align: justify;\"><span style=\"font-size: 12pt;\"><strong>Equipo de Alarma y Evacuaci\u00f3n<\/strong>: Director, coordinador y portera. Hacer sonar la alarma (Director). Desconectar electricidad (Coordinador). Cuidar de que no haya puertas cerradas con llaves (Portera).<\/span><\/p>\n<p style=\"text-align: justify;\"><span style=\"font-size: 12pt;\"><strong>Utilizar v\u00edas de evacuaci\u00f3n secundarias.<\/strong><\/span><\/p>\n<p>[\/et_pb_text][\/et_pb_column][\/et_pb_row][\/et_pb_section][et_pb_section fb_built=\u00bb1&#8243; _builder_version=\u00bb4.27.4&#8243; background_color=\u00bb#ffffff\u00bb top_divider_style=\u00bbslant2&#8243; top_divider_color=\u00bb#00af08&#8243; top_divider_height=\u00bb52px\u00bb bottom_divider_style=\u00bbramp2&#8243; bottom_divider_color=\u00bb#00af08&#8243; bottom_divider_height=\u00bb64px\u00bb animation_style=\u00bbslide\u00bb hover_enabled=\u00bb0&#8243; global_colors_info=\u00bb{}\u00bb sticky_enabled=\u00bb0&#8243;][et_pb_row _builder_version=\u00bb4.16&#8243; global_colors_info=\u00bb{}\u00bb][et_pb_column type=\u00bb4_4&#8243; _builder_version=\u00bb4.16&#8243; custom_padding=\u00bb|||\u00bb global_colors_info=\u00bb{}\u00bb custom_padding__hover=\u00bb|||\u00bb][et_pb_contact_form title=\u00bbContacta con nosotros\u00bb success_message=\u00bbGracias por contactar con nuestro colegio.\u00bb submit_button_text=\u00bbenviar\u00bb module_id=\u00bbet_pb_contact_form_0&#8243; _builder_version=\u00bb4.16&#8243; _unique_id=\u00bb2951486f-c11f-49d4-a993-98ffebc8b64c\u00bb global_colors_info=\u00bb{}\u00bb][et_pb_contact_field field_id=\u00bbName\u00bb field_title=\u00bbNombre\u00bb _builder_version=\u00bb4.16&#8243; global_colors_info=\u00bb{}\u00bb button_text_size__hover_enabled=\u00bboff\u00bb button_one_text_size__hover_enabled=\u00bboff\u00bb button_two_text_size__hover_enabled=\u00bboff\u00bb button_text_color__hover_enabled=\u00bboff\u00bb button_one_text_color__hover_enabled=\u00bboff\u00bb button_two_text_color__hover_enabled=\u00bboff\u00bb button_border_width__hover_enabled=\u00bboff\u00bb button_one_border_width__hover_enabled=\u00bboff\u00bb button_two_border_width__hover_enabled=\u00bboff\u00bb button_border_color__hover_enabled=\u00bboff\u00bb button_one_border_color__hover_enabled=\u00bboff\u00bb button_two_border_color__hover_enabled=\u00bboff\u00bb button_border_radius__hover_enabled=\u00bboff\u00bb button_one_border_radius__hover_enabled=\u00bboff\u00bb button_two_border_radius__hover_enabled=\u00bboff\u00bb button_letter_spacing__hover_enabled=\u00bboff\u00bb button_one_letter_spacing__hover_enabled=\u00bboff\u00bb button_two_letter_spacing__hover_enabled=\u00bboff\u00bb button_bg_color__hover_enabled=\u00bboff\u00bb button_one_bg_color__hover_enabled=\u00bboff\u00bb button_two_bg_color__hover_enabled=\u00bboff\u00bb][\/et_pb_contact_field][et_pb_contact_field field_id=\u00bbEmail\u00bb field_title=\u00bbDirecci\u00f3n de correo electr\u00f3nico\u00bb field_type=\u00bbemail\u00bb _builder_version=\u00bb4.16&#8243; global_colors_info=\u00bb{}\u00bb button_text_size__hover_enabled=\u00bboff\u00bb button_one_text_size__hover_enabled=\u00bboff\u00bb button_two_text_size__hover_enabled=\u00bboff\u00bb button_text_color__hover_enabled=\u00bboff\u00bb button_one_text_color__hover_enabled=\u00bboff\u00bb button_two_text_color__hover_enabled=\u00bboff\u00bb button_border_width__hover_enabled=\u00bboff\u00bb button_one_border_width__hover_enabled=\u00bboff\u00bb button_two_border_width__hover_enabled=\u00bboff\u00bb button_border_color__hover_enabled=\u00bboff\u00bb button_one_border_color__hover_enabled=\u00bboff\u00bb button_two_border_color__hover_enabled=\u00bboff\u00bb button_border_radius__hover_enabled=\u00bboff\u00bb button_one_border_radius__hover_enabled=\u00bboff\u00bb button_two_border_radius__hover_enabled=\u00bboff\u00bb button_letter_spacing__hover_enabled=\u00bboff\u00bb button_one_letter_spacing__hover_enabled=\u00bboff\u00bb button_two_letter_spacing__hover_enabled=\u00bboff\u00bb button_bg_color__hover_enabled=\u00bboff\u00bb button_one_bg_color__hover_enabled=\u00bboff\u00bb button_two_bg_color__hover_enabled=\u00bboff\u00bb][\/et_pb_contact_field][et_pb_contact_field field_id=\u00bbMessage\u00bb field_title=\u00bbMensaje\u00bb field_type=\u00bbtext\u00bb fullwidth_field=\u00bbon\u00bb _builder_version=\u00bb4.16&#8243; global_colors_info=\u00bb{}\u00bb button_text_size__hover_enabled=\u00bboff\u00bb button_one_text_size__hover_enabled=\u00bboff\u00bb button_two_text_size__hover_enabled=\u00bboff\u00bb button_text_color__hover_enabled=\u00bboff\u00bb button_one_text_color__hover_enabled=\u00bboff\u00bb button_two_text_color__hover_enabled=\u00bboff\u00bb button_border_width__hover_enabled=\u00bboff\u00bb button_one_border_width__hover_enabled=\u00bboff\u00bb button_two_border_width__hover_enabled=\u00bboff\u00bb button_border_color__hover_enabled=\u00bboff\u00bb button_one_border_color__hover_enabled=\u00bboff\u00bb button_two_border_color__hover_enabled=\u00bboff\u00bb button_border_radius__hover_enabled=\u00bboff\u00bb button_one_border_radius__hover_enabled=\u00bboff\u00bb button_two_border_radius__hover_enabled=\u00bboff\u00bb button_letter_spacing__hover_enabled=\u00bboff\u00bb button_one_letter_spacing__hover_enabled=\u00bboff\u00bb button_two_letter_spacing__hover_enabled=\u00bboff\u00bb button_bg_color__hover_enabled=\u00bboff\u00bb button_one_bg_color__hover_enabled=\u00bboff\u00bb button_two_bg_color__hover_enabled=\u00bboff\u00bb][\/et_pb_contact_field][\/et_pb_contact_form][et_pb_text _builder_version=\u00bb4.16&#8243; global_colors_info=\u00bb{}\u00bb]<\/p>\n<p style=\"text-align: center;\"><span style=\"color: #ff0000;\"><strong>C.E.PR. Cruz del Campo<\/strong><\/span>. 52 Cruz del Campo Avenue <span class=\"LrzXr\">18, 41005 Sevilla. Telephone <strong>955 624 855<\/strong>. <a href=\"mailto:41018239.edu@juntadeandalucia.es\">Contact by e - mail.<\/a><br \/>\n<\/span><\/p>\n<p>[\/et_pb_text][\/et_pb_column][\/et_pb_row][\/et_pb_section][et_pb_section fb_built=\u00bb1&#8243; fullwidth=\u00bbon\u00bb _builder_version=\u00bb4.16&#8243; global_colors_info=\u00bb{}\u00bb][et_pb_fullwidth_map address=\u00bbAv. de la Cruz del Campo, 18, 41005 Sevilla, Espa\u00f1a\u00bb zoom_level=\u00bb19&#8243; address_lat=\u00bb37.38379391652372&#8243; address_lng=\u00bb-5.966102988371404&#8243; mouse_wheel=\u00bboff\u00bb _builder_version=\u00bb4.16&#8243; animation_style=\u00bbslide\u00bb global_colors_info=\u00bb{}\u00bb][et_pb_map_pin title=\u00bbColegio Cruz del Campo Sevilla\u00bb pin_address=\u00bbAv. de la Cruz del Campo, 18, 41005 Sevilla\u00bb _builder_version=\u00bb3.3.1&#8243; global_colors_info=\u00bb{}\u00bb][\/et_pb_map_pin][\/et_pb_fullwidth_map][\/et_pb_section]<\/p>","protected":false},"excerpt":{"rendered":"<p>Protocolo de simulacro Jefe de emergencia: Director ( Si est\u00e1 en clase toma las funciones la portera. De 10 a 10:30h. la coordinadora). Se\u00f1al de alarma: De 4 a 5 pulsaciones intermitentes. Punto de reuni\u00f3n: Profesorado sale ordenadamente con el grupo con el que est\u00e9 en ese momento hacia el punto de reuni\u00f3n, situado en [&hellip;]<\/p>","protected":false},"author":5,"featured_media":0,"parent":205020,"menu_order":0,"comment_status":"closed","ping_status":"closed","template":"","meta":{"_et_pb_use_builder":"on","_et_pb_old_content":"\u00a0\r\n\r\n<a href=\"http:\/\/colegiocruzdelcampo.es\/wp-content\/uploads\/2018\/06\/salidas-de-emergencia.pdf\" target=\"_blank\" rel=\"noopener\"><img class=\"alignright wp-image-205787\" title=\"Salidas de emergencia\" src=\"http:\/\/colegiocruzdelcampo.es\/wp-content\/uploads\/2018\/06\/salidas-de-emergencia-300x214.jpg\" alt=\"\" width=\"192\" height=\"137\"><\/a><strong style=\"font-size: 12pt;\">Protocolo de simulacro<\/strong>\r\n<p style=\"text-align: justify;\"><span style=\"font-size: 12pt;\"><strong>Jefe de emergencia<\/strong>: Director ( Si e<\/span><span style=\"font-size: 12pt;\">st\u00e1 en clase toma las funciones la portera. De 10 a 10:30h. la coordinadora).<\/span><\/p>\r\n<p style=\"text-align: justify;\"><span style=\"font-size: 12pt;\"><strong>Se\u00f1al de alarma<\/strong>: De 4 a 5 pulsaciones intermitentes.<\/span><\/p>\r\n<p style=\"text-align: justify;\"><span style=\"font-size: 12pt;\"><strong>Punto de reuni\u00f3n<\/strong>: Profesorado sale ordenadamente con el grupo con el que est\u00e9 en ese momento hacia el punto de reuni\u00f3n, situado en la esquina del patio\u00a0<\/span><span style=\"font-size: 12pt;\">m\u00e1s alejado de la caldera. Se colocar\u00e1n de 1\u00ba a\u00a0 6\u00ba manteniendo el mismo lugar que en las filas pero retras\u00e1ndolas hasta la valla.\u00a0 Los cursos de 6\u00ba, 5\u00ba y 4\u00ba se acercan para que el grupo est\u00e9 unido.<\/span><\/p>\r\n\u00a0\r\n<p style=\"text-align: justify;\"><span style=\"font-size: 12pt;\"><strong>Equipo 1\u00aa intervenci\u00f3n<\/strong>: Coordinador y profesorado de guardia ( Profesorado que est\u00e1 en secretar\u00eda ).Comprobar que est\u00e9 vacio el centro. Cerrar\u00a0 puertas y ventanas.<\/span><\/p>\r\n<p style=\"text-align: justify;\"><span style=\"font-size: 12pt;\"><strong>Equipo de Ayuda<\/strong>: Profesorado de Apoyo (2\u00ba Profesor).\u00a0Evacuar al alumnado con movilidad reducida de su ala.<\/span><\/p>\r\n<p style=\"text-align: justify;\"><span style=\"font-size: 12pt;\"><strong>Equipo de Alarma y Evacuaci\u00f3n<\/strong>: Director, coordinador y portera. Hacer sonar la alarma (Director). Desconectar electricidad (Coordinador). Cuidar de que no haya puertas cerradas con llaves (Portera).<\/span><\/p>\r\n<p style=\"text-align: justify;\"><span style=\"font-size: 12pt;\"><strong>Utilizar v\u00edas de evacuaci\u00f3n secundarias.<\/strong><\/span><\/p>\r\n\u00a0","_et_gb_content_width":"","footnotes":""},"class_list":["post-205084","page","type-page","status-publish","hentry"],"_links":{"self":[{"href":"https:\/\/colegiocruzdelcampo.com\/en\/wp-json\/wp\/v2\/pages\/205084","targetHints":{"allow":["GET"]}}],"collection":[{"href":"https:\/\/colegiocruzdelcampo.com\/en\/wp-json\/wp\/v2\/pages"}],"about":[{"href":"https:\/\/colegiocruzdelcampo.com\/en\/wp-json\/wp\/v2\/types\/page"}],"author":[{"embeddable":true,"href":"https:\/\/colegiocruzdelcampo.com\/en\/wp-json\/wp\/v2\/users\/5"}],"replies":[{"embeddable":true,"href":"https:\/\/colegiocruzdelcampo.com\/en\/wp-json\/wp\/v2\/comments?post=205084"}],"version-history":[{"count":12,"href":"https:\/\/colegiocruzdelcampo.com\/en\/wp-json\/wp\/v2\/pages\/205084\/revisions"}],"predecessor-version":[{"id":210524,"href":"https:\/\/colegiocruzdelcampo.com\/en\/wp-json\/wp\/v2\/pages\/205084\/revisions\/210524"}],"up":[{"embeddable":true,"href":"https:\/\/colegiocruzdelcampo.com\/en\/wp-json\/wp\/v2\/pages\/205020"}],"wp:attachment":[{"href":"https:\/\/colegiocruzdelcampo.com\/en\/wp-json\/wp\/v2\/media?parent=205084"}],"curies":[{"name":"wp","href":"https:\/\/api.w.org\/{rel}","templated":true}]}}