{"id":205017,"date":"2018-06-13T15:58:45","date_gmt":"2018-06-13T15:58:45","guid":{"rendered":"http:\/\/colegiocruzdelcampo.es\/?page_id=205017"},"modified":"2025-03-31T07:03:14","modified_gmt":"2025-03-31T07:03:14","slug":"consejo-escolar","status":"publish","type":"page","link":"https:\/\/colegiocruzdelcampo.com\/en\/centro\/consejo-escolar\/","title":{"rendered":"SCHOOL COUNCIL"},"content":{"rendered":"<p>[et_pb_section fb_built=\u00bb1&#8243; admin_label=\u00bbsection\u00bb _builder_version=\u00bb4.16&#8243; custom_padding=\u00bb54px|||||\u00bb global_colors_info=\u00bb{}\u00bb][et_pb_row admin_label=\u00bbrow\u00bb _builder_version=\u00bb4.16&#8243; background_size=\u00bbinitial\u00bb background_position=\u00bbtop_left\u00bb background_repeat=\u00bbrepeat\u00bb custom_padding=\u00bb26px|0px|27px|0px|false|false\u00bb global_colors_info=\u00bb{}\u00bb][et_pb_column type=\u00bb4_4&#8243; _builder_version=\u00bb4.16&#8243; custom_padding=\u00bb|||\u00bb global_colors_info=\u00bb{}\u00bb custom_padding__hover=\u00bb|||\u00bb][et_pb_post_title meta=\u00bboff\u00bb featured_image=\u00bboff\u00bb _builder_version=\u00bb4.16&#8243; title_font=\u00bb||||||||\u00bb title_text_color=\u00bb#e02b20&#8243; text_orientation=\u00bbcenter\u00bb global_colors_info=\u00bb{}\u00bb]&nbsp;<br \/>\n[\/et_pb_post_title][et_pb_text admin_label=\u00bbText\u00bb _builder_version=\u00bb4.17.4&#8243; text_font=\u00bb||||||||\u00bb background_size=\u00bbinitial\u00bb background_position=\u00bbtop_left\u00bb background_repeat=\u00bbrepeat\u00bb text_orientation=\u00bbjustified\u00bb custom_margin=\u00bb|||\u00bb custom_margin_last_edited=\u00bboff|desktop\u00bb animation_style=\u00bbfade\u00bb global_colors_info=\u00bb{}\u00bb]<\/p>\n<pre style=\"text-align: justify;\"><span style=\"font-size: 12pt;\">On Thursday the 30th of November 2021 the last renewal of the School Council was held, according to the corresponding regulations of a 7 unit school.\u00a0<\/span><\/pre>\n<p><strong><span style=\"font-size: 12pt;\">MEMBERS OF THE SCHOOL COUNCIL<\/span><\/strong><\/p>\n<p>Management team: Rodrigo Casquero, \u00c1lvaro (HEADMASTER)<br \/>Management team: Falla Moreno, Mar\u00eda Jes\u00fas (HEAD OF STUDIES)<br \/>Management team: Villalba \u00c1ngel, Luis Manuel (SECRETARY- Since 01\/09\/2022)<br \/>Teacher staff:  Bautista Carballar, M\u00aa del\u00a0 Carmen<br \/>Teacher staff: Isabel Guerle Lara<br \/>Profesorado:\u00a0<br \/>Parents\/tutors: Segovia Cuevas, M\u00aa Libertad<br \/>Parents\/tutors: Peralta Cerrillo, Susana<br \/>Parents\/tutors: Casta\u00f1o Torres, Fernando<br \/>Parents\/tutors: Amig\u00f3 Meis, Ana Isabel (PARENTS ASSOCIATION)<br \/>Town Council: Zafra Molano, Encarnaci\u00f3n (COUNCELLAR OR TOWN COUNCIL REPRESENTATION- since 15\/10\/2020).<\/p>\n<p><strong style=\"font-size: 12pt;\">PUBLIC SCHOOL COUNCILS COMPETENCES.<\/strong><\/p>\n<p><span style=\"font-size: 12pt;\">a. Establecer las directrices para la elaboraci\u00f3n del Proyecto Educativo del Centro, aprobarlo y evaluarlo, sin perjuicio de las competencias que el Claustro de Profesores tiene atribuidas en relaci\u00f3n con la planificaci\u00f3n y organizaci\u00f3n docente. Asimismo, establecer los procedimientos para su revisi\u00f3n cuando su evaluaci\u00f3n lo aconseje.<br \/>b. Elegir al Director o Directora del Centro.<br \/>c. Informar a la Administraci\u00f3n Educativa acerca de la designaci\u00f3n del Director o Directora del Centro en el supuesto de que \u00e9ste deba ser designado por la misma.<br \/>d. Proponer la revocaci\u00f3n del nombramiento del Director o Directora.<br \/>e. Decidir sobre la admisi\u00f3n de alumnos y alumnas, con sujeci\u00f3n estricta a lo establecido en la normativa vigente.<br \/>f. Aprobar el reglamento de r\u00e9gimen interior del centro.<br \/>g. Resolver los conflictos e imponer las correcciones con finalidad pedag\u00f3gica que correspondan a aquellas conductas del alumnado que perjudiquen gravemente la convivencia en el Centro de acuerdo con la normativa vigente.<br \/>h. Aprobar el proyecto de presupuesto del Centro y su ejecuci\u00f3n.<br \/>i. Promover la renovaci\u00f3n de las instalaciones y equipamiento escolar, as\u00ed como vigilar su conservaci\u00f3n.<br \/>j. Aprobar y evaluar la programaci\u00f3n general del Centro, respetando, en todo caso, los aspectos docentes que competen al Claustro.<br \/>k. Aprobar y evaluar la programaci\u00f3n general de las actividades escolares complementarias y extraescolares.<br \/>l. Fijar las directrices para la colaboraci\u00f3n del Centro con fines culturales, educativos y asistenciales, con otros Centros, entidades y<br \/>organismos.<br \/>m. Analizar y evaluar el funcionamiento general del Centro, especialmente la eficacia en la gesti\u00f3n de los recursos, as\u00ed como la aplicaci\u00f3n de las normas de convivencia y elaborar un informe de dicha aplicaci\u00f3n que se incluir\u00e1 en la Memoria Final de Curso.<br \/>n. Analizar y evaluar la evoluci\u00f3n del rendimiento escolar general.<br \/>o. Analizar y valorar los resultados de la evaluaci\u00f3n que del Centro realice la Administraci\u00f3n Educativa o cualquier informe referente a la marcha del mismo.<br \/>p. Informar y aprobar la memoria anual sobre las actividades y actuaci\u00f3n general del Centro.<br \/>q. Conocer e impulsar las relaciones del Centro con las instituciones de su entorno.<\/span><\/p>\n<p><span style=\"font-size: 12pt;\"><strong>REGULATIONS<\/strong><\/span><\/p>\n<ul class=\"enlaces\">\n<li><span style=\"font-size: 12pt;\"><a href=\"http:\/\/www.juntadeandalucia.es\/boja\/2010\/139\/3\" target=\"_blank\" rel=\"noopener noreferrer\">Decreto 328\/2010, de 13 de julio, por el que se aprueba el Reglamento Org\u00e1nico de las escuelas infantiles de segundo grado, de los colegios de educaci\u00f3n primaria, de los colegios de educaci\u00f3n infantil y primaria, y de los centros p\u00fablicos espec\u00edficos de educaci\u00f3n especial<\/a><\/span><\/li>\n<li><span style=\"font-size: 12pt;\"><a title=\"ORDEN de 11 de noviembre de 1996, por la que se regulan los procesos electorales y constituci\u00f3n de los Consejos Escolares en los Centros Docentes P\u00fablicos y Privados Concertados, a excepci\u00f3n de los Centros para la Educaci\u00f3n de Adultos y de los Universitarios\" href=\"http:\/\/www.juntadeandalucia.es\/boja\/boletines\/1996\/131\/d\/19.html\" target=\"_blank\" rel=\"noopener noreferrer\">Orden de 11 de noviembre de 1996, por la que se regulan los procesos electorales y constituci\u00f3n de los Consejos Escolares en los Centros Docentes P\u00fablicos y Privados Concertados, a excepci\u00f3n de los Centros para la Educaci\u00f3n de Adultos y de los Universitarios<\/a><\/span><\/li>\n<\/ul>\n<p>[\/et_pb_text][\/et_pb_column][\/et_pb_row][\/et_pb_section][et_pb_section fb_built=\u00bb1&#8243; _builder_version=\u00bb4.27.4&#8243; background_color=\u00bb#ffffff\u00bb top_divider_style=\u00bbslant2&#8243; top_divider_color=\u00bbrgba(20,170,10,0.55)\u00bb top_divider_height=\u00bb52px\u00bb bottom_divider_style=\u00bbramp2&#8243; bottom_divider_color=\u00bbrgba(20,170,10,0.55)\u00bb bottom_divider_height=\u00bb64px\u00bb animation_style=\u00bbslide\u00bb hover_enabled=\u00bb0&#8243; global_colors_info=\u00bb{}\u00bb sticky_enabled=\u00bb0&#8243;][et_pb_row _builder_version=\u00bb4.16&#8243; global_colors_info=\u00bb{}\u00bb][et_pb_column type=\u00bb4_4&#8243; _builder_version=\u00bb4.16&#8243; custom_padding=\u00bb|||\u00bb global_colors_info=\u00bb{}\u00bb custom_padding__hover=\u00bb|||\u00bb][et_pb_contact_form title=\u00bbContacta con nosotros\u00bb success_message=\u00bbGracias por contactar con nuestro colegio.\u00bb submit_button_text=\u00bbenviar\u00bb module_id=\u00bbet_pb_contact_form_0&#8243; _builder_version=\u00bb4.16&#8243; _unique_id=\u00bbea8cd640-6d5f-41e9-b35c-a5b971322c7b\u00bb global_colors_info=\u00bb{}\u00bb][et_pb_contact_field field_id=\u00bbName\u00bb field_title=\u00bbNombre\u00bb _builder_version=\u00bb4.16&#8243; global_colors_info=\u00bb{}\u00bb button_text_size__hover_enabled=\u00bboff\u00bb button_one_text_size__hover_enabled=\u00bboff\u00bb button_two_text_size__hover_enabled=\u00bboff\u00bb button_text_color__hover_enabled=\u00bboff\u00bb button_one_text_color__hover_enabled=\u00bboff\u00bb button_two_text_color__hover_enabled=\u00bboff\u00bb button_border_width__hover_enabled=\u00bboff\u00bb button_one_border_width__hover_enabled=\u00bboff\u00bb button_two_border_width__hover_enabled=\u00bboff\u00bb button_border_color__hover_enabled=\u00bboff\u00bb button_one_border_color__hover_enabled=\u00bboff\u00bb button_two_border_color__hover_enabled=\u00bboff\u00bb button_border_radius__hover_enabled=\u00bboff\u00bb button_one_border_radius__hover_enabled=\u00bboff\u00bb button_two_border_radius__hover_enabled=\u00bboff\u00bb button_letter_spacing__hover_enabled=\u00bboff\u00bb button_one_letter_spacing__hover_enabled=\u00bboff\u00bb button_two_letter_spacing__hover_enabled=\u00bboff\u00bb button_bg_color__hover_enabled=\u00bboff\u00bb button_one_bg_color__hover_enabled=\u00bboff\u00bb button_two_bg_color__hover_enabled=\u00bboff\u00bb][\/et_pb_contact_field][et_pb_contact_field field_id=\u00bbEmail\u00bb field_title=\u00bbDirecci\u00f3n de correo electr\u00f3nico\u00bb field_type=\u00bbemail\u00bb _builder_version=\u00bb4.16&#8243; global_colors_info=\u00bb{}\u00bb button_text_size__hover_enabled=\u00bboff\u00bb button_one_text_size__hover_enabled=\u00bboff\u00bb button_two_text_size__hover_enabled=\u00bboff\u00bb button_text_color__hover_enabled=\u00bboff\u00bb button_one_text_color__hover_enabled=\u00bboff\u00bb button_two_text_color__hover_enabled=\u00bboff\u00bb button_border_width__hover_enabled=\u00bboff\u00bb button_one_border_width__hover_enabled=\u00bboff\u00bb button_two_border_width__hover_enabled=\u00bboff\u00bb button_border_color__hover_enabled=\u00bboff\u00bb button_one_border_color__hover_enabled=\u00bboff\u00bb button_two_border_color__hover_enabled=\u00bboff\u00bb button_border_radius__hover_enabled=\u00bboff\u00bb button_one_border_radius__hover_enabled=\u00bboff\u00bb button_two_border_radius__hover_enabled=\u00bboff\u00bb button_letter_spacing__hover_enabled=\u00bboff\u00bb button_one_letter_spacing__hover_enabled=\u00bboff\u00bb button_two_letter_spacing__hover_enabled=\u00bboff\u00bb button_bg_color__hover_enabled=\u00bboff\u00bb button_one_bg_color__hover_enabled=\u00bboff\u00bb button_two_bg_color__hover_enabled=\u00bboff\u00bb][\/et_pb_contact_field][et_pb_contact_field field_id=\u00bbMessage\u00bb field_title=\u00bbMensaje\u00bb field_type=\u00bbtext\u00bb fullwidth_field=\u00bbon\u00bb _builder_version=\u00bb4.16&#8243; global_colors_info=\u00bb{}\u00bb button_text_size__hover_enabled=\u00bboff\u00bb button_one_text_size__hover_enabled=\u00bboff\u00bb button_two_text_size__hover_enabled=\u00bboff\u00bb button_text_color__hover_enabled=\u00bboff\u00bb button_one_text_color__hover_enabled=\u00bboff\u00bb button_two_text_color__hover_enabled=\u00bboff\u00bb button_border_width__hover_enabled=\u00bboff\u00bb button_one_border_width__hover_enabled=\u00bboff\u00bb button_two_border_width__hover_enabled=\u00bboff\u00bb button_border_color__hover_enabled=\u00bboff\u00bb button_one_border_color__hover_enabled=\u00bboff\u00bb button_two_border_color__hover_enabled=\u00bboff\u00bb button_border_radius__hover_enabled=\u00bboff\u00bb button_one_border_radius__hover_enabled=\u00bboff\u00bb button_two_border_radius__hover_enabled=\u00bboff\u00bb button_letter_spacing__hover_enabled=\u00bboff\u00bb button_one_letter_spacing__hover_enabled=\u00bboff\u00bb button_two_letter_spacing__hover_enabled=\u00bboff\u00bb button_bg_color__hover_enabled=\u00bboff\u00bb button_one_bg_color__hover_enabled=\u00bboff\u00bb button_two_bg_color__hover_enabled=\u00bboff\u00bb][\/et_pb_contact_field][\/et_pb_contact_form][et_pb_text _builder_version=\u00bb4.16&#8243; global_colors_info=\u00bb{}\u00bb]<\/p>\n<p style=\"text-align: center;\"><span style=\"color: #ff0000;\"><strong>C.E.PR. Cruz del Campo<\/strong><\/span>. 52 Cruz del Campo Avenue <span class=\"LrzXr\">18, 41005 Sevilla. Telephone <strong>955 624 855<\/strong>. <a href=\"mailto:41018239.edu@juntadeandalucia.es\">Contact by e - mail.<\/a><br \/>\n<\/span><\/p>\n<p>[\/et_pb_text][\/et_pb_column][\/et_pb_row][\/et_pb_section][et_pb_section fb_built=\u00bb1&#8243; fullwidth=\u00bbon\u00bb _builder_version=\u00bb4.16&#8243; global_colors_info=\u00bb{}\u00bb][et_pb_fullwidth_map address=\u00bbAv. de la Cruz del Campo, 18, 41005 Sevilla, Espa\u00f1a\u00bb zoom_level=\u00bb19&#8243; address_lat=\u00bb37.38379391652372&#8243; address_lng=\u00bb-5.966102988371404&#8243; mouse_wheel=\u00bboff\u00bb _builder_version=\u00bb4.16&#8243; animation_style=\u00bbslide\u00bb global_colors_info=\u00bb{}\u00bb][et_pb_map_pin title=\u00bbColegio Cruz del Campo Sevilla\u00bb pin_address=\u00bbAv. de la Cruz del Campo, 18, 41005 Sevilla\u00bb _builder_version=\u00bb3.3.1&#8243; global_colors_info=\u00bb{}\u00bb][\/et_pb_map_pin][\/et_pb_fullwidth_map][\/et_pb_section]<\/p>","protected":false},"excerpt":{"rendered":"<p>&nbsp; El martes 30 de noviembre de 2.021 se llev\u00f3 a cabo la \u00faltima renovaci\u00f3n del Consejo Escolar del centro, seg\u00fan la normativa correspondiente a un centro de 7 unidades.\u00a0 MIEMBROS DEL CONSEJO ESCOLAR Equipo Directivo: Rodrigo Casquero, \u00c1lvaro (DIRECTOR)Equipo Directivo: Falla Moreno, Mar\u00eda Jes\u00fas (JEFA DE ESTUDIOS)Equipo Directivo: Villalba \u00c1ngel, Luis Manuel (SECRETARIO- Desde [&hellip;]<\/p>","protected":false},"author":5,"featured_media":0,"parent":204956,"menu_order":0,"comment_status":"closed","ping_status":"closed","template":"","meta":{"_et_pb_use_builder":"on","_et_pb_old_content":"<p style=\"text-align: justify;\"><span style=\"font-size: 12pt;\">El 30 de Noviembre de 2016 se llev\u00f3 a cabo la \u00faltima renovaci\u00f3n del Consejo Escolar del centro, seg\u00fan la normativa correspondiente a un centro de 7 unidades.\u00a0<\/span><\/p>\r\n<strong><span style=\"font-size: 12pt;\">MIEMBROS DEL CONSEJO ESCOLAR<\/span><\/strong>\r\n<table style=\"height: 231px;\" width=\"902\">\r\n<tbody>\r\n<tr style=\"height: 21px;\">\r\n<td style=\"height: 21px; width: 202.708px;\"><span style=\"font-size: 12pt;\">Equipo Directivo<\/span><\/td>\r\n<td style=\"height: 21px; width: 687.153px;\"><span style=\"font-size: 12pt;\">Rodrigo Casquero, \u00c1lvaro (DIRECTOR)<\/span><\/td>\r\n<\/tr>\r\n<tr style=\"height: 21px;\">\r\n<td style=\"height: 21px; width: 202.708px;\"><span style=\"font-size: 12pt;\">Equipo Directivo<\/span><\/td>\r\n<td style=\"height: 21px; width: 687.153px;\"><span style=\"font-size: 12pt;\">Falla Moreno, Mar\u00eda Jes\u00fas (JEFA DE ESTUDIOS)<\/span><\/td>\r\n<\/tr>\r\n<tr style=\"height: 21px;\">\r\n<td style=\"height: 21px; width: 202.708px;\"><span style=\"font-size: 12pt;\">Equipo Directivo<\/span><\/td>\r\n<td style=\"height: 21px; width: 687.153px;\"><span style=\"font-size: 12pt;\">Cabezas Ca\u00f1avate, Fausto Marcos (SECRETARIO)<\/span><\/td>\r\n<\/tr>\r\n<tr style=\"height: 21px;\">\r\n<td style=\"height: 21px; width: 202.708px;\"><span style=\"font-size: 12pt;\">Profesorado<\/span><\/td>\r\n<td style=\"height: 21px; width: 687.153px;\"><span style=\"font-size: 12pt;\">Guerle Lara, Mar\u00eda Isabel<\/span><\/td>\r\n<\/tr>\r\n<tr style=\"height: 21px;\">\r\n<td style=\"height: 21px; width: 202.708px;\"><span style=\"font-size: 12pt;\">Profesorado<\/span><\/td>\r\n<td style=\"height: 21px; width: 687.153px;\"><span style=\"font-size: 12pt;\">Lerate D\u00edaz, Mar\u00eda Mercedes<\/span><\/td>\r\n<\/tr>\r\n<tr style=\"height: 21px;\">\r\n<td style=\"height: 21px; width: 202.708px;\"><span style=\"font-size: 12pt;\">Profesorado<\/span><\/td>\r\n<td style=\"height: 21px; width: 687.153px;\"><span style=\"font-size: 12pt;\">Villalba \u00c1ngel, Luis Manuel<\/span><\/td>\r\n<\/tr>\r\n<tr style=\"height: 21px;\">\r\n<td style=\"height: 21px; width: 202.708px;\"><span style=\"font-size: 12pt;\">Madres\/Padres\/Tutores<\/span><\/td>\r\n<td style=\"height: 21px; width: 687.153px;\"><span style=\"font-size: 12pt;\">Fern\u00e1ndez Garc\u00eda, Raquel Mar\u00eda<\/span><\/td>\r\n<\/tr>\r\n<tr style=\"height: 21px;\">\r\n<td style=\"height: 21px; width: 202.708px;\"><span style=\"font-size: 12pt;\">Madres\/Padres\/Tutores<\/span><\/td>\r\n<td style=\"height: 21px; width: 687.153px;\"><span style=\"font-size: 12pt;\">L\u00f3pez De Borb\u00f3n, Leticia<\/span><\/td>\r\n<\/tr>\r\n<tr style=\"height: 21px;\">\r\n<td style=\"height: 21px; width: 202.708px;\"><span style=\"font-size: 12pt;\">Madres\/Padres\/Tutores<\/span><\/td>\r\n<td style=\"height: 21px; width: 687.153px;\"><span style=\"font-size: 12pt;\">Mart\u00edn De Frutos, Mar\u00eda del Mar<\/span><\/td>\r\n<\/tr>\r\n<tr style=\"height: 21px;\">\r\n<td style=\"height: 21px; width: 202.708px;\"><span style=\"font-size: 12pt;\">Madres\/Padres\/Tutores<\/span><\/td>\r\n<td style=\"height: 21px; width: 687.153px;\"><span style=\"font-size: 12pt;\">Olmedo Morales, Myriam (REPRESENTANTE DE LA A.M.P.A. MAYORITARIA)<\/span><\/td>\r\n<\/tr>\r\n<tr style=\"height: 21px;\">\r\n<td style=\"height: 21px; width: 202.708px;\"><span style=\"font-size: 12pt;\">Ayuntamiento<\/span><\/td>\r\n<td style=\"height: 21px; width: 687.153px;\"><span style=\"font-size: 12pt;\">Arqueros Bosch, Jos\u00e9 Manuel (CONCEJAL O REPRESENTANTE DEL AYUNTAMIENTO)\r\n<\/span><\/td>\r\n<\/tr>\r\n<\/tbody>\r\n<\/table>\r\n\u00a0\r\n\r\n<span style=\"font-size: 12pt;\"><strong>COMPETENCIAS DE LOS CONSEJOS ESCOLARES DE LOS CENTROS P\u00daBLICOS.<\/strong><\/span>\r\n\r\n<span style=\"font-size: 12pt;\">a. Establecer las directrices para la elaboraci\u00f3n del Proyecto Educativo del Centro, aprobarlo y evaluarlo, sin perjuicio de las competencias que el Claustro de Profesores tiene atribuidas en relaci\u00f3n con la planificaci\u00f3n y organizaci\u00f3n docente. Asimismo, establecer los procedimientos para su revisi\u00f3n cuando su evaluaci\u00f3n lo aconseje.\r\nb. Elegir al Director o Directora del Centro.\r\nc. Informar a la Administraci\u00f3n Educativa acerca de la designaci\u00f3n del Director o Directora del Centro en el supuesto de que \u00e9ste deba ser designado por la misma.\r\nd. Proponer la revocaci\u00f3n del nombramiento del Director o Directora.\r\ne. Decidir sobre la admisi\u00f3n de alumnos y alumnas, con sujeci\u00f3n estricta a lo establecido en la normativa vigente.\r\nf. Aprobar el reglamento de r\u00e9gimen interior del centro.\r\ng. Resolver los conflictos e imponer las correcciones con finalidad pedag\u00f3gica que correspondan a aquellas conductas del alumnado que perjudiquen gravemente la convivencia en el Centro de acuerdo con la normativa vigente.\r\nh. Aprobar el proyecto de presupuesto del Centro y su ejecuci\u00f3n.\r\ni. Promover la renovaci\u00f3n de las instalaciones y equipamiento escolar, as\u00ed como vigilar su conservaci\u00f3n.\r\nj. Aprobar y evaluar la programaci\u00f3n general del Centro, respetando, en todo caso, los aspectos docentes que competen al Claustro.\r\nk. Aprobar y evaluar la programaci\u00f3n general de las actividades escolares complementarias y extraescolares.\r\nl. Fijar las directrices para la colaboraci\u00f3n del Centro con fines culturales, educativos y asistenciales, con otros Centros, entidades y\r\norganismos.\r\nm. Analizar y evaluar el funcionamiento general del Centro, especialmente la eficacia en la gesti\u00f3n de los recursos, as\u00ed como la aplicaci\u00f3n de las normas de convivencia y elaborar un informe de dicha aplicaci\u00f3n que se incluir\u00e1 en la Memoria Final de Curso.\r\nn. Analizar y evaluar la evoluci\u00f3n del rendimiento escolar general.\r\no. Analizar y valorar los resultados de la evaluaci\u00f3n que del Centro realice la Administraci\u00f3n Educativa o cualquier informe referente a la marcha del mismo.\r\np. Informar y aprobar la memoria anual sobre las actividades y actuaci\u00f3n general del Centro.\r\nq. Conocer e impulsar las relaciones del Centro con las instituciones de su entorno.<\/span>\r\n\r\n<span style=\"font-size: 12pt;\"><strong>NORMATIVA<\/strong><\/span>\r\n<ul class=\"enlaces\">\r\n \t<li><span style=\"font-size: 12pt;\"><a href=\"http:\/\/www.juntadeandalucia.es\/boja\/2010\/139\/3\" target=\"_blank\" rel=\"noopener\">Decreto 328\/2010, de 13 de julio, por el que se aprueba el Reglamento Org\u00e1nico de las escuelas infantiles de segundo grado, de los colegios de educaci\u00f3n primaria, de los colegios de educaci\u00f3n infantil y primaria, y de los centros p\u00fablicos espec\u00edficos de educaci\u00f3n especial<\/a><\/span><\/li>\r\n \t<li><span style=\"font-size: 12pt;\"><a title=\"ORDEN de 11 de noviembre de 1996, por la que se regulan los procesos electorales y constituci\u00f3n de los Consejos Escolares en los Centros Docentes P\u00fablicos y Privados Concertados, a excepci\u00f3n de los Centros para la Educaci\u00f3n de Adultos y de los Universitarios\" href=\"http:\/\/www.juntadeandalucia.es\/boja\/boletines\/1996\/131\/d\/19.html\" target=\"_blank\" rel=\"noopener\">Orden de 11 de noviembre de 1996, por la que se regulan los procesos electorales y constituci\u00f3n de los Consejos Escolares en los Centros Docentes P\u00fablicos y Privados Concertados, a excepci\u00f3n de los Centros para la Educaci\u00f3n de Adultos y de los Universitarios<\/a><\/span><\/li>\r\n<\/ul>","_et_gb_content_width":"","footnotes":""},"class_list":["post-205017","page","type-page","status-publish","hentry"],"_links":{"self":[{"href":"https:\/\/colegiocruzdelcampo.com\/en\/wp-json\/wp\/v2\/pages\/205017","targetHints":{"allow":["GET"]}}],"collection":[{"href":"https:\/\/colegiocruzdelcampo.com\/en\/wp-json\/wp\/v2\/pages"}],"about":[{"href":"https:\/\/colegiocruzdelcampo.com\/en\/wp-json\/wp\/v2\/types\/page"}],"author":[{"embeddable":true,"href":"https:\/\/colegiocruzdelcampo.com\/en\/wp-json\/wp\/v2\/users\/5"}],"replies":[{"embeddable":true,"href":"https:\/\/colegiocruzdelcampo.com\/en\/wp-json\/wp\/v2\/comments?post=205017"}],"version-history":[{"count":35,"href":"https:\/\/colegiocruzdelcampo.com\/en\/wp-json\/wp\/v2\/pages\/205017\/revisions"}],"predecessor-version":[{"id":210551,"href":"https:\/\/colegiocruzdelcampo.com\/en\/wp-json\/wp\/v2\/pages\/205017\/revisions\/210551"}],"up":[{"embeddable":true,"href":"https:\/\/colegiocruzdelcampo.com\/en\/wp-json\/wp\/v2\/pages\/204956"}],"wp:attachment":[{"href":"https:\/\/colegiocruzdelcampo.com\/en\/wp-json\/wp\/v2\/media?parent=205017"}],"curies":[{"name":"wp","href":"https:\/\/api.w.org\/{rel}","templated":true}]}}