{"id":205014,"date":"2018-06-13T15:58:21","date_gmt":"2018-06-13T15:58:21","guid":{"rendered":"http:\/\/colegiocruzdelcampo.es\/?page_id=205014"},"modified":"2018-09-27T19:35:33","modified_gmt":"2018-09-27T19:35:33","slug":"biblioteca","status":"publish","type":"page","link":"https:\/\/colegiocruzdelcampo.com\/en\/biblioteca\/","title":{"rendered":"LIBRARY"},"content":{"rendered":"<p>[et_pb_section bb_built=\u00bb1&#8243; fullwidth=\u00bbon\u00bb _builder_version=\u00bb3.3.1&#8243; background_image=\u00bbhttp:\/\/colegiocruzdelcampo.es\/wp-content\/uploads\/2018\/06\/cabecerapequecontenido.jpg\u00bb custom_padding=\u00bb0px|0px|209px|0px|false|false\u00bb animation_style=\u00bbslide\u00bb animation_duration=\u00bb1150ms\u00bb saved_tabs=\u00bball\u00bb next_background_color=\u00bb#ffffff\u00bb global_module=\u00bb205811&#8243;][\/et_pb_section][et_pb_section bb_built=\u00bb1&#8243; admin_label=\u00bbsection\u00bb _builder_version=\u00bb3.0.47&#8243; custom_padding=\u00bb14px|0px|54px|0px|false|false\u00bb prev_background_color=\u00bb#000000&#8243; next_background_color=\u00bb#000000&#8243;][et_pb_row admin_label=\u00bbrow\u00bb _builder_version=\u00bb3.0.47&#8243; background_size=\u00bbinitial\u00bb background_position=\u00bbtop_left\u00bb background_repeat=\u00bbrepeat\u00bb custom_padding=\u00bb0|0px|27px|0px|false|false\u00bb][et_pb_column type=\u00bb4_4&#8243;][et_pb_text admin_label=\u00bbText\u00bb _builder_version=\u00bb3.3.1&#8243; background_size=\u00bbinitial\u00bb background_position=\u00bbtop_left\u00bb background_repeat=\u00bbrepeat\u00bb]<\/p>\n<p style=\"text-align: justify;\"><span style=\"font-size: 12pt;\"><img loading=\"lazy\" decoding=\"async\" class=\"wp-image-205732 alignleft\" src=\"http:\/\/colegiocruzdelcampo.es\/wp-content\/uploads\/2018\/06\/IMG_20180620_122408-300x225.jpg\" alt=\"\" width=\"368\" height=\"275\" srcset=\"https:\/\/colegiocruzdelcampo.com\/wp-content\/uploads\/2018\/06\/IMG_20180620_122408-300x225.jpg 300w, https:\/\/colegiocruzdelcampo.com\/wp-content\/uploads\/2018\/06\/IMG_20180620_122408-768x576.jpg 768w, https:\/\/colegiocruzdelcampo.com\/wp-content\/uploads\/2018\/06\/IMG_20180620_122408-1024x768.jpg 1024w, https:\/\/colegiocruzdelcampo.com\/wp-content\/uploads\/2018\/06\/IMG_20180620_122408-510x382.jpg 510w, https:\/\/colegiocruzdelcampo.com\/wp-content\/uploads\/2018\/06\/IMG_20180620_122408-1080x810.jpg 1080w\" sizes=\"(max-width: 368px) 100vw, 368px\" \/>One of the most important places at school is our library <strong>\u201cMAGITECA\u201d<\/strong>. We have been able to gather more than 2,500 books thanks to all the members of the educational community. This fact has been possible through donations, endowments and the collaboration of institutions like <strong>La Caixa and some publishers.<\/strong>.<\/span><\/p>\n<p style=\"text-align: justify;\"><span style=\"font-size: 12pt;\">Its operation is managed, on the one hand by a library team, in charge of the book registration, activity planning, etc, and on the other hand by a group of volunteer pupils who are dedicated to loans, returns and the organization of books and shelves.<\/span><\/p>\n<p>[\/et_pb_text][\/et_pb_column][\/et_pb_row][\/et_pb_section][et_pb_section bb_built=\u00bb1&#8243; _builder_version=\u00bb3.3.1&#8243; background_color=\u00bb#ffffff\u00bb top_divider_style=\u00bbslant2&#8243; top_divider_color=\u00bbrgba(12,113,195,0.55)\u00bb top_divider_height=\u00bb52px\u00bb bottom_divider_style=\u00bbramp2&#8243; bottom_divider_color=\u00bbrgba(12,113,195,0.55)\u00bb bottom_divider_height=\u00bb64px\u00bb animation_style=\u00bbslide\u00bb prev_background_color=\u00bb#000000&#8243; next_background_color=\u00bb#000000&#8243;][et_pb_row _builder_version=\u00bb3.3.1&#8243;][et_pb_column type=\u00bb4_4&#8243;][et_pb_contact_form title=\u00bbContacta con nosotros\u00bb success_message=\u00bbGracias por contactar con nuestro colegio.\u00bb submit_button_text=\u00bbenviar\u00bb module_id=\u00bbet_pb_contact_form_0&#8243; _builder_version=\u00bb3.3.1&#8243;][et_pb_contact_field field_id=\u00bbName\u00bb field_title=\u00bbNombre\u00bb _builder_version=\u00bb3.3.1&#8243; border_radii=\u00bbon||||\u00bb][\/et_pb_contact_field][et_pb_contact_field field_id=\u00bbEmail\u00bb field_title=\u00bbDirecci\u00f3n de correo electr\u00f3nico\u00bb field_type=\u00bbemail\u00bb _builder_version=\u00bb3.0.47&#8243; border_radii=\u00bbon||||\u00bb][\/et_pb_contact_field][et_pb_contact_field field_id=\u00bbMessage\u00bb field_title=\u00bbMensaje\u00bb field_type=\u00bbtext\u00bb fullwidth_field=\u00bbon\u00bb _builder_version=\u00bb3.0.47&#8243; border_radii=\u00bbon||||\u00bb][\/et_pb_contact_field][\/et_pb_contact_form][et_pb_text _builder_version=\u00bb3.3.1&#8243;]<\/p>\n<p style=\"text-align: center;\"><span style=\"color: #ff0000;\"><strong>C.E.PR. Cruz del Campo<\/strong><\/span>. 52 Cruz del Campo Avenue <span class=\"LrzXr\">18, 41005 Sevilla. Telephone <strong>955 624 855<\/strong>. <a href=\"mailto:41018239.edu@juntadeandalucia.es\">Contact by e - mail.<\/a><br \/>\n<\/span><\/p>\n<p>[\/et_pb_text][\/et_pb_column][\/et_pb_row][\/et_pb_section][et_pb_section bb_built=\u00bb1&#8243; fullwidth=\u00bbon\u00bb _builder_version=\u00bb3.3.1&#8243; prev_background_color=\u00bb#000000&#8243;][et_pb_fullwidth_map address=\u00bbAv. de la Cruz del Campo, 18, 41005 Sevilla, Espa\u00f1a\u00bb zoom_level=\u00bb19&#8243; address_lat=\u00bb37.38379391652372&#8243; address_lng=\u00bb-5.966102988371404&#8243; mouse_wheel=\u00bboff\u00bb _builder_version=\u00bb3.3.1&#8243; animation_style=\u00bbslide\u00bb][et_pb_map_pin title=\u00bbColegio Cruz del Campo Sevilla\u00bb pin_address=\u00bbAv. de la Cruz del Campo, 18, 41005 Sevilla\u00bb _builder_version=\u00bb3.3.1&#8243;][\/et_pb_map_pin][\/et_pb_fullwidth_map][\/et_pb_section]<\/p>","protected":false},"excerpt":{"rendered":"<p>Uno de los lugares m\u00e1s importantes del centro es nuestra biblioteca \u201cMAGITECA\u201d. En ella hemos conseguido reunir, gracias a todos los miembros de la comunidad educativa, m\u00e1s de 2500 vol\u00famenes. Esto ha sido posible mediante donaciones, dotaciones y la colaboraci\u00f3n de instituciones como La Caixa y diferentes editoriales. Su funcionamiento est\u00e1 gestionado por un lado [&hellip;]<\/p>","protected":false},"author":5,"featured_media":205731,"parent":0,"menu_order":0,"comment_status":"closed","ping_status":"closed","template":"","meta":{"_et_pb_use_builder":"on","_et_pb_old_content":"<p style=\"text-align: justify;\"><span style=\"font-size: 12pt;\"><img class=\" wp-image-205732 alignleft\" src=\"http:\/\/colegiocruzdelcampo.es\/wp-content\/uploads\/2018\/06\/IMG_20180620_122408-300x225.jpg\" alt=\"\" width=\"368\" height=\"275\">Uno de los lugares m\u00e1s importantes del centro es nuestra biblioteca \u201cMAGITECA\u201d. En ella hemos conseguido reunir, gracias a todos los miembros de la comunidad educativa, m\u00e1s de 2500 vol\u00famenes. Esto ha sido posible mediante donaciones, dotaciones y la colaboraci\u00f3n de instituciones como La Caixa y diferentes editoriales.<\/span><\/p>\r\n<p style=\"text-align: justify;\"><span style=\"font-size: 12pt;\">Su funcionamiento est\u00e1 gestionado por un lado por el equipo de biblioteca, el cual se ocupa del registro de los libros, planificaci\u00f3n, actividades, etc; y por otro lado por un grupo de alumnos voluntarios, el cual se dedica a pr\u00e9stamos, devoluciones, decoraci\u00f3n y organizaci\u00f3n de libros y estanter\u00edas<\/span><\/p>","_et_gb_content_width":"","footnotes":""},"class_list":["post-205014","page","type-page","status-publish","has-post-thumbnail","hentry"],"_links":{"self":[{"href":"https:\/\/colegiocruzdelcampo.com\/en\/wp-json\/wp\/v2\/pages\/205014","targetHints":{"allow":["GET"]}}],"collection":[{"href":"https:\/\/colegiocruzdelcampo.com\/en\/wp-json\/wp\/v2\/pages"}],"about":[{"href":"https:\/\/colegiocruzdelcampo.com\/en\/wp-json\/wp\/v2\/types\/page"}],"author":[{"embeddable":true,"href":"https:\/\/colegiocruzdelcampo.com\/en\/wp-json\/wp\/v2\/users\/5"}],"replies":[{"embeddable":true,"href":"https:\/\/colegiocruzdelcampo.com\/en\/wp-json\/wp\/v2\/comments?post=205014"}],"version-history":[{"count":20,"href":"https:\/\/colegiocruzdelcampo.com\/en\/wp-json\/wp\/v2\/pages\/205014\/revisions"}],"predecessor-version":[{"id":207420,"href":"https:\/\/colegiocruzdelcampo.com\/en\/wp-json\/wp\/v2\/pages\/205014\/revisions\/207420"}],"wp:featuredmedia":[{"embeddable":true,"href":"https:\/\/colegiocruzdelcampo.com\/en\/wp-json\/wp\/v2\/media\/205731"}],"wp:attachment":[{"href":"https:\/\/colegiocruzdelcampo.com\/en\/wp-json\/wp\/v2\/media?parent=205014"}],"curies":[{"name":"wp","href":"https:\/\/api.w.org\/{rel}","templated":true}]}}