{"id":205011,"date":"2018-06-13T15:58:03","date_gmt":"2018-06-13T15:58:03","guid":{"rendered":"http:\/\/colegiocruzdelcampo.es\/?page_id=205011"},"modified":"2025-03-26T10:44:32","modified_gmt":"2025-03-26T10:44:32","slug":"normas-generales","status":"publish","type":"page","link":"https:\/\/colegiocruzdelcampo.com\/en\/centro\/normas-generales\/","title":{"rendered":"RULES"},"content":{"rendered":"<p>[et_pb_section fb_built=\u00bb1&#8243; _builder_version=\u00bb4.16&#8243; global_colors_info=\u00bb{}\u00bb][et_pb_row _builder_version=\u00bb4.16&#8243; global_colors_info=\u00bb{}\u00bb][et_pb_column type=\u00bb4_4&#8243; _builder_version=\u00bb4.16&#8243; custom_padding=\u00bb|||\u00bb global_colors_info=\u00bb{}\u00bb custom_padding__hover=\u00bb|||\u00bb][et_pb_text _builder_version=\u00bb4.16&#8243; animation_style=\u00bbfade\u00bb global_colors_info=\u00bb{}\u00bb]<\/p>\n<h1 class=\"entry-title main_title\" style=\"text-align: center;\"><span style=\"color: #ff0000;\">RULES<\/span><\/h1>\n<div class=\"entry-content\">\n<p style=\"text-align: justify;\"><span><strong><u>GENERAL GUIDELINES CEPR CRUZ DEL CAMPO<\/u><\/strong><\/span><\/p>\n<ul style=\"text-align: justify;\">\n<li><span><strong>Principio de formaci\u00f3n integral: <\/strong>en capacidades, competencias, conocimientos, habilidades, destrezas y valores basada en la orientaci\u00f3n acad\u00e9mica, personal, profesional y vocacional de los alumnos y alumnas como medio necesario para formar ciudadanos de pleno derecho.<\/span><\/li>\n<li><span><strong>Principio de equidad:<\/strong> es decir, se ha de procurar una formaci\u00f3n de calidad\u00a0 para todo el alumnado, independientemente de sus condiciones y circunstancias, desarrollando capacidades y competencias, planificando y realizando un seguimiento continuo, evaluando los procesos y los resultados. La equidad que garantice la igualdad de oportunidades, la inclusi\u00f3n educativa y la no discriminaci\u00f3n y act\u00fae como elemento compensador de las desigualdades personales, culturales, econ\u00f3micas y sociales, con especial atenci\u00f3n a las que deriven de discapacidad de cualquier tipo.<\/span><\/li>\n<\/ul>\n<ul style=\"text-align: justify;\">\n<li><span><strong>Principio de igualdad efectiva entre hombres y mujeres: <\/strong>en la Constituci\u00f3n espa\u00f1ola en sus art\u00edculos 14 y 9.2 establece \u201c<em>la obligaci\u00f3n que corresponde a los poderes p\u00fablicos promover las condiciones para que la libertad y la igualdad del individuo y de los grupos en los que se integra, sean reales y efectivas, superando los obst\u00e1culos que impidan o dificulten su plenitud, as\u00ed como facilitar su participaci\u00f3n de todos los ciudadanos y las ciudadanas en la vida p\u00fablica, econ\u00f3mica y social\u201d. <\/em>Vivimos en una sociedad donde esto no se cumple, y es un deber de la escuela, luchar por la igualdad de oportunidades entre hombres y mujeres. Hacer que nuestro alumnado sea consciente de la situaci\u00f3n actual y, empezando por ellos y ellas mismas, ir cambiando poco a poco la situaci\u00f3n, eliminando estereotipos y conductas que les lleven a reproducir estos modelos. Los maestros y maestras somos modelos para el alumnado y debemos cuidar en todo momento nuestro lenguaje y comportamiento, para evitar que aprendan conductas contrarias a la igualdad de g\u00e9nero.<\/span><\/li>\n<li><span><strong>Principio de respeto y convivencia:<\/strong> que faciliten el trabajo del alumnado y profesorado. Deber\u00e1 completarse y extenderse a todas las personas que formen parte de esta comunidad educativa. En este sentido es preciso favorecer, crear y mantener un buen clima de trabajo y unas relaciones humanas afectivas, c\u00e1lidas, francas y respetuosas entre quienes tienen intereses en esta labor que es educar.<\/span><\/li>\n<\/ul>\n<ul style=\"text-align: justify;\">\n<li><span><strong>Principio del esfuerzo<\/strong>: resulta indispensable para lograr una educaci\u00f3n de calidad, y debe aplicarse a todos los miembros de la comunidad educativa:<\/span><\/li>\n<li><span>Se impulsar\u00e1 la colaboraci\u00f3n de las <strong><u>familias,<\/u><\/strong> estableciendo espacios y momentos para su participaci\u00f3n de manera activa, colaborando estrechamente y comprometi\u00e9ndose con el trabajo cotidiano de sus hijos e hijas, y con la vida del centro, participando en todas aquellas actividades en las que se les den cabida.<\/span><\/li>\n<li><span>- <strong><u>centro y el profesorado<\/u><\/strong> deber\u00e1 esforzarse por construir entornos y espacios de aprendizaje rico, motivador y exigente, con el objetivo de satisfacer las necesidades de todos los alumnos\/as.<\/span><\/li>\n<li><span>Las <strong><u>administraciones educativas<\/u><\/strong> tendr\u00e1n que facilitar a todas los componentes de la comunidad escolar el cumplimiento de sus funciones, proporcion\u00e1ndoles los recursos que necesitan y reclam\u00e1ndoles al mismo tiempo su compromiso y esfuerzo.<\/span><\/li>\n<li><span>Los <strong><u>alumnos y alumnas<\/u><\/strong>. No ser\u00e1 sin su esfuerzo como se consiga una educaci\u00f3n de calidad, en ellos y ellas confluyen los esfuerzos del resto de miembros de la comunidad, pero sin el suyo, nada es posible. Por eso se le exigir\u00e1 al alumnado el m\u00e1ximo empe\u00f1o por conseguir una formaci\u00f3n integral, plena y de calidad.<\/span><span><\/span><span><\/span><\/li>\n<\/ul>\n<p style=\"text-align: justify;\"><span><strong><u>NORMAS GENERALES DE FUNCIONAMIENTO.<\/u><\/strong><\/span><\/p>\n<p style=\"text-align: justify;\"><span><strong><u><\/u><\/strong><\/span><\/p>\n<ul>\n<li style=\"text-align: justify;\">La entrada y recogida del alumnado se realiza por las cancelas laterales.<\/li>\n<li style=\"text-align: justify;\">Los d\u00edas de lluvia, las familias de 1\u00ba a 3\u00ba podr\u00e1n acceder hasta la rampa de acceso a cada clase.<\/li>\n<li style=\"text-align: justify;\">Las familias del alumnado que llegue con retraso o tenga que salir durante el horario lectivo han de firmar en el registro de porter\u00eda.<\/li>\n<li style=\"text-align: justify;\">Las tutor\u00edas se realizan mediante cita previa los martes en horario de 17:30 a 18:30.<\/li>\n<li style=\"text-align: justify;\">Se podr\u00e1 hacer uso del parking al asistir a tutor\u00edas y\/o para realizar actividades con el alumnado.<\/li>\n<\/ul>\n<\/div>\n<p>[\/et_pb_text][\/et_pb_column][\/et_pb_row][\/et_pb_section][et_pb_section fb_built=\u00bb1&#8243; _builder_version=\u00bb4.27.4&#8243; background_color=\u00bb#ffffff\u00bb top_divider_style=\u00bbslant2&#8243; top_divider_color=\u00bb#00b709&#8243; top_divider_height=\u00bb52px\u00bb bottom_divider_style=\u00bbramp2&#8243; bottom_divider_color=\u00bb#00b709&#8243; bottom_divider_height=\u00bb64px\u00bb animation_style=\u00bbslide\u00bb hover_enabled=\u00bb0&#8243; global_colors_info=\u00bb{}\u00bb sticky_enabled=\u00bb0&#8243;][et_pb_row _builder_version=\u00bb4.16&#8243; global_colors_info=\u00bb{}\u00bb][et_pb_column type=\u00bb4_4&#8243; _builder_version=\u00bb4.16&#8243; custom_padding=\u00bb|||\u00bb global_colors_info=\u00bb{}\u00bb custom_padding__hover=\u00bb|||\u00bb][et_pb_contact_form title=\u00bbContacta con nosotros\u00bb success_message=\u00bbGracias por contactar con nuestro colegio.\u00bb submit_button_text=\u00bbenviar\u00bb module_id=\u00bbet_pb_contact_form_0&#8243; _builder_version=\u00bb4.16&#8243; _unique_id=\u00bb41fe1214-a81d-4bce-b740-3d0631b3d357&#8243; global_colors_info=\u00bb{}\u00bb][et_pb_contact_field field_id=\u00bbName\u00bb field_title=\u00bbNombre\u00bb _builder_version=\u00bb4.16&#8243; global_colors_info=\u00bb{}\u00bb button_text_size__hover_enabled=\u00bboff\u00bb button_one_text_size__hover_enabled=\u00bboff\u00bb button_two_text_size__hover_enabled=\u00bboff\u00bb button_text_color__hover_enabled=\u00bboff\u00bb button_one_text_color__hover_enabled=\u00bboff\u00bb button_two_text_color__hover_enabled=\u00bboff\u00bb button_border_width__hover_enabled=\u00bboff\u00bb button_one_border_width__hover_enabled=\u00bboff\u00bb button_two_border_width__hover_enabled=\u00bboff\u00bb button_border_color__hover_enabled=\u00bboff\u00bb button_one_border_color__hover_enabled=\u00bboff\u00bb button_two_border_color__hover_enabled=\u00bboff\u00bb button_border_radius__hover_enabled=\u00bboff\u00bb button_one_border_radius__hover_enabled=\u00bboff\u00bb button_two_border_radius__hover_enabled=\u00bboff\u00bb button_letter_spacing__hover_enabled=\u00bboff\u00bb button_one_letter_spacing__hover_enabled=\u00bboff\u00bb button_two_letter_spacing__hover_enabled=\u00bboff\u00bb button_bg_color__hover_enabled=\u00bboff\u00bb button_one_bg_color__hover_enabled=\u00bboff\u00bb button_two_bg_color__hover_enabled=\u00bboff\u00bb][\/et_pb_contact_field][et_pb_contact_field field_id=\u00bbEmail\u00bb field_title=\u00bbDirecci\u00f3n de correo electr\u00f3nico\u00bb field_type=\u00bbemail\u00bb _builder_version=\u00bb4.16&#8243; global_colors_info=\u00bb{}\u00bb button_text_size__hover_enabled=\u00bboff\u00bb button_one_text_size__hover_enabled=\u00bboff\u00bb button_two_text_size__hover_enabled=\u00bboff\u00bb button_text_color__hover_enabled=\u00bboff\u00bb button_one_text_color__hover_enabled=\u00bboff\u00bb button_two_text_color__hover_enabled=\u00bboff\u00bb button_border_width__hover_enabled=\u00bboff\u00bb button_one_border_width__hover_enabled=\u00bboff\u00bb button_two_border_width__hover_enabled=\u00bboff\u00bb button_border_color__hover_enabled=\u00bboff\u00bb button_one_border_color__hover_enabled=\u00bboff\u00bb button_two_border_color__hover_enabled=\u00bboff\u00bb button_border_radius__hover_enabled=\u00bboff\u00bb button_one_border_radius__hover_enabled=\u00bboff\u00bb button_two_border_radius__hover_enabled=\u00bboff\u00bb button_letter_spacing__hover_enabled=\u00bboff\u00bb button_one_letter_spacing__hover_enabled=\u00bboff\u00bb button_two_letter_spacing__hover_enabled=\u00bboff\u00bb button_bg_color__hover_enabled=\u00bboff\u00bb button_one_bg_color__hover_enabled=\u00bboff\u00bb button_two_bg_color__hover_enabled=\u00bboff\u00bb][\/et_pb_contact_field][et_pb_contact_field field_id=\u00bbMessage\u00bb field_title=\u00bbMensaje\u00bb field_type=\u00bbtext\u00bb fullwidth_field=\u00bbon\u00bb _builder_version=\u00bb4.16&#8243; global_colors_info=\u00bb{}\u00bb button_text_size__hover_enabled=\u00bboff\u00bb button_one_text_size__hover_enabled=\u00bboff\u00bb button_two_text_size__hover_enabled=\u00bboff\u00bb button_text_color__hover_enabled=\u00bboff\u00bb button_one_text_color__hover_enabled=\u00bboff\u00bb button_two_text_color__hover_enabled=\u00bboff\u00bb button_border_width__hover_enabled=\u00bboff\u00bb button_one_border_width__hover_enabled=\u00bboff\u00bb button_two_border_width__hover_enabled=\u00bboff\u00bb button_border_color__hover_enabled=\u00bboff\u00bb button_one_border_color__hover_enabled=\u00bboff\u00bb button_two_border_color__hover_enabled=\u00bboff\u00bb button_border_radius__hover_enabled=\u00bboff\u00bb button_one_border_radius__hover_enabled=\u00bboff\u00bb button_two_border_radius__hover_enabled=\u00bboff\u00bb button_letter_spacing__hover_enabled=\u00bboff\u00bb button_one_letter_spacing__hover_enabled=\u00bboff\u00bb button_two_letter_spacing__hover_enabled=\u00bboff\u00bb button_bg_color__hover_enabled=\u00bboff\u00bb button_one_bg_color__hover_enabled=\u00bboff\u00bb button_two_bg_color__hover_enabled=\u00bboff\u00bb][\/et_pb_contact_field][\/et_pb_contact_form][et_pb_text _builder_version=\u00bb4.16&#8243; global_colors_info=\u00bb{}\u00bb]<\/p>\n<p style=\"text-align: center;\"><span style=\"color: #ff0000;\"><strong>C.E.PR. Cruz del Campo<\/strong><\/span>. 52 Cruz del Campo Avenue <span class=\"LrzXr\">18, 41005 Sevilla. Telephone <strong>955 624 855<\/strong>. <a href=\"mailto:41018239.edu@juntadeandalucia.es\">Contact by e - mail.<\/a><br \/>\n<\/span><\/p>\n<p>[\/et_pb_text][\/et_pb_column][\/et_pb_row][\/et_pb_section][et_pb_section fb_built=\u00bb1&#8243; fullwidth=\u00bbon\u00bb _builder_version=\u00bb4.16&#8243; global_colors_info=\u00bb{}\u00bb][et_pb_fullwidth_map address=\u00bbAv. de la Cruz del Campo, 18, 41005 Sevilla, Espa\u00f1a\u00bb zoom_level=\u00bb19&#8243; address_lat=\u00bb37.38379391652372&#8243; address_lng=\u00bb-5.966102988371404&#8243; mouse_wheel=\u00bboff\u00bb _builder_version=\u00bb4.16&#8243; animation_style=\u00bbslide\u00bb global_colors_info=\u00bb{}\u00bb][et_pb_map_pin title=\u00bbColegio Cruz del Campo Sevilla\u00bb pin_address=\u00bbAv. de la Cruz del Campo, 18, 41005 Sevilla\u00bb _builder_version=\u00bb3.3.1&#8243; global_colors_info=\u00bb{}\u00bb][\/et_pb_map_pin][\/et_pb_fullwidth_map][\/et_pb_section]<\/p>","protected":false},"excerpt":{"rendered":"<p>NORMAS GENERALES L\u00cdNEAS GENERALES DE ACTUACI\u00d3N CEPR CRUZ DEL CAMPO Principio de formaci\u00f3n integral: en capacidades, competencias, conocimientos, habilidades, destrezas y valores basada en la orientaci\u00f3n acad\u00e9mica, personal, profesional y vocacional de los alumnos y alumnas como medio necesario para formar ciudadanos de pleno derecho. Principio de equidad: es decir, se ha de procurar una [&hellip;]<\/p>","protected":false},"author":5,"featured_media":0,"parent":204956,"menu_order":0,"comment_status":"closed","ping_status":"closed","template":"","meta":{"_et_pb_use_builder":"on","_et_pb_old_content":"<p style=\"text-align: justify;\"><span style=\"font-size: 12pt;\"><strong><u>L\u00cdNEAS GENERALES DE ACTUACI\u00d3N CEPR CRUZ DEL CAMPO<\/u><\/strong><\/span><\/p>\r\n\r\n<ul style=\"text-align: justify;\">\r\n \t<li><span style=\"font-size: 12pt;\"><strong>Principio de formaci\u00f3n integral: <\/strong>en capacidades, competencias, conocimientos, habilidades, destrezas y valores basada en la orientaci\u00f3n acad\u00e9mica, personal, profesional y vocacional de los alumnos y alumnas como medio necesario para formar ciudadanos de pleno derecho.<\/span><\/li>\r\n \t<li><span style=\"font-size: 12pt;\"><strong>Principio de equidad:<\/strong> es decir, se ha de procurar una formaci\u00f3n de calidad&nbsp; para todo el alumnado, independientemente de sus condiciones y circunstancias, desarrollando capacidades y competencias, planificando y realizando un seguimiento continuo, evaluando los procesos y los resultados. La equidad que garantice la igualdad de oportunidades, la inclusi\u00f3n educativa y la no discriminaci\u00f3n y act\u00fae como elemento compensador de las desigualdades personales, culturales, econ\u00f3micas y sociales, con especial atenci\u00f3n a las que deriven de discapacidad de cualquier tipo.<\/span><\/li>\r\n<\/ul>\r\n<ul style=\"text-align: justify;\">\r\n \t<li><span style=\"font-size: 12pt;\"><strong>Principio de igualdad efectiva entre hombres y mujeres: <\/strong>en la Constituci\u00f3n espa\u00f1ola en sus art\u00edculos 14 y 9.2 establece \u201c<em>la obligaci\u00f3n que corresponde a los poderes p\u00fablicos promover las condiciones para que la libertad y la igualdad del individuo y de los grupos en los que se integra, sean reales y efectivas, superando los obst\u00e1culos que impidan o dificulten su plenitud, as\u00ed como facilitar su participaci\u00f3n de todos los ciudadanos y las ciudadanas en la vida p\u00fablica, econ\u00f3mica y social\u201d. <\/em>Vivimos en una sociedad donde esto no se cumple, y es un deber de la escuela, luchar por la igualdad de oportunidades entre hombres y mujeres. Hacer que nuestro alumnado sea consciente de la situaci\u00f3n actual y, empezando por ellos y ellas mismas, ir cambiando poco a poco la situaci\u00f3n, eliminando estereotipos y conductas que les lleven a reproducir estos modelos. Los maestros y maestras somos modelos para el alumnado y debemos cuidar en todo momento nuestro lenguaje y comportamiento, para evitar que aprendan conductas contrarias a la igualdad de g\u00e9nero.<\/span><\/li>\r\n \t<li><span style=\"font-size: 12pt;\"><strong>Principio de respeto y convivencia:<\/strong> que faciliten el trabajo del alumnado y profesorado. Deber\u00e1 completarse y extenderse a todas las personas que formen parte de esta comunidad educativa. En este sentido es preciso favorecer, crear y mantener un buen clima de trabajo y unas relaciones humanas afectivas, c\u00e1lidas, francas y respetuosas entre quienes tienen intereses en esta labor que es educar.<\/span><\/li>\r\n<\/ul>\r\n<ul style=\"text-align: justify;\">\r\n \t<li><span style=\"font-size: 12pt;\"><strong>Principio del esfuerzo<\/strong>: resulta indispensable para lograr una educaci\u00f3n de calidad, y debe aplicarse a todos los miembros de la comunidad educativa:<\/span><\/li>\r\n<\/ul>\r\n<ul style=\"text-align: justify;\">\r\n \t<li><span style=\"font-size: 12pt;\">Se impulsar\u00e1 la colaboraci\u00f3n de las <strong><u>familias,<\/u><\/strong> estableciendo espacios y momentos para su participaci\u00f3n de manera activa, colaborando estrechamente y comprometi\u00e9ndose con el trabajo cotidiano de sus hijos e hijas, y con la vida del centro, participando en todas aquellas actividades en las que se les den cabida.<\/span><\/li>\r\n \t<li><span style=\"font-size: 12pt;\">El <strong><u>centro y el profesorado<\/u><\/strong> deber\u00e1 esforzarse por construir entornos y espacios de aprendizaje rico, motivador y exigente, con el objetivo de satisfacer las necesidades de todos los alumnos\/as.<\/span><\/li>\r\n \t<li><span style=\"font-size: 12pt;\">Las <strong><u>administraciones educativas<\/u><\/strong> tendr\u00e1n que facilitar a todas los componentes de la comunidad escolar el cumplimiento de sus funciones, proporcion\u00e1ndoles los recursos que necesitan y reclam\u00e1ndoles al mismo tiempo su compromiso y esfuerzo.<\/span><\/li>\r\n \t<li><span style=\"font-size: 12pt;\">Los <strong><u>alumnos y alumnas<\/u><\/strong>. No ser\u00e1 sin su esfuerzo como se consiga una educaci\u00f3n de calidad, en ellos y ellas confluyen los esfuerzos del resto de miembros de la comunidad, pero sin el suyo, nada es posible. Por eso se le exigir\u00e1 al alumnado el m\u00e1ximo empe\u00f1o por conseguir una formaci\u00f3n integral, plena y de calidad.<\/span><\/li>\r\n<\/ul>\r\n<p style=\"text-align: justify;\">&nbsp;<\/p>\r\n<p style=\"text-align: justify;\"><span style=\"font-size: 12pt;\"><strong><u>ASPECTOS GENERALES DE FUNCIONAMIENTO<\/u><\/strong><\/span><\/p>\r\n\r\n<ul style=\"text-align: justify;\">\r\n \t<li><span style=\"font-size: 12pt;\">Uso del parking<\/span><\/li>\r\n<\/ul>\r\n<p style=\"text-align: justify;\"><span style=\"font-size: 12pt;\">El centro cuenta con un parking para <strong>uso exclusivo de los trabajadores del colegio<\/strong>. En el caso que una familia venga al centro para una tutor\u00eda o para realizar cualquier actividad en el colegio (actividades dentro del aula, reuniones AMPA, grupos interactivo\u2026) tambi\u00e9n podr\u00e1 hacer uso del mismo.<\/span><\/p>\r\n<p style=\"text-align: justify;\"><span style=\"font-size: 12pt;\">Queda terminante prohibido usar el parking, tanto a la hora de la entrada (09:00) como en la hora de la salida (14:00) por cuestiones de seguridad y de espacio. Del mismo modo tampoco se podr\u00e1 introducir el coche a la hora de recoger al alumnado del comedor.<\/span><\/p>\r\n<p style=\"text-align: justify;\"><span style=\"font-size: 12pt;\">\u00danicamente podr\u00e1n usar el parking aquellas familias que&nbsp; vengan a dejar a sus hijos\/as al Aula Matinal antes de las 08:45. A partir de esa hora no se podr\u00e1 hacer uso del parking.<\/span><\/p>\r\n\r\n<ul style=\"text-align: justify;\">\r\n \t<li><span style=\"font-size: 12pt;\">Uniforme:<\/span><\/li>\r\n<\/ul>\r\n<p style=\"text-align: justify;\"><span style=\"font-size: 12pt;\">El AMPA del centro oferta un uniforme escolar que es <strong>opciona<\/strong>l. Aquellas familias que lo deseen podr\u00e1n ponerse en contacto con el AMPA para preguntar precios y para hacer los encargos.<\/span><\/p>","_et_gb_content_width":"","footnotes":""},"class_list":["post-205011","page","type-page","status-publish","hentry"],"_links":{"self":[{"href":"https:\/\/colegiocruzdelcampo.com\/en\/wp-json\/wp\/v2\/pages\/205011","targetHints":{"allow":["GET"]}}],"collection":[{"href":"https:\/\/colegiocruzdelcampo.com\/en\/wp-json\/wp\/v2\/pages"}],"about":[{"href":"https:\/\/colegiocruzdelcampo.com\/en\/wp-json\/wp\/v2\/types\/page"}],"author":[{"embeddable":true,"href":"https:\/\/colegiocruzdelcampo.com\/en\/wp-json\/wp\/v2\/users\/5"}],"replies":[{"embeddable":true,"href":"https:\/\/colegiocruzdelcampo.com\/en\/wp-json\/wp\/v2\/comments?post=205011"}],"version-history":[{"count":13,"href":"https:\/\/colegiocruzdelcampo.com\/en\/wp-json\/wp\/v2\/pages\/205011\/revisions"}],"predecessor-version":[{"id":210505,"href":"https:\/\/colegiocruzdelcampo.com\/en\/wp-json\/wp\/v2\/pages\/205011\/revisions\/210505"}],"up":[{"embeddable":true,"href":"https:\/\/colegiocruzdelcampo.com\/en\/wp-json\/wp\/v2\/pages\/204956"}],"wp:attachment":[{"href":"https:\/\/colegiocruzdelcampo.com\/en\/wp-json\/wp\/v2\/media?parent=205011"}],"curies":[{"name":"wp","href":"https:\/\/api.w.org\/{rel}","templated":true}]}}