{"id":204964,"date":"2018-06-12T19:35:34","date_gmt":"2018-06-12T19:35:34","guid":{"rendered":"http:\/\/colegiocruzdelcampo.es\/?page_id=204964"},"modified":"2025-05-29T16:51:32","modified_gmt":"2025-05-29T16:51:32","slug":"ampa-2","status":"publish","type":"page","link":"https:\/\/colegiocruzdelcampo.com\/en\/ampa-2\/","title":{"rendered":"PARENTS ASSOCIATION"},"content":{"rendered":"<p>[et_pb_section fb_built=\u00bb1&#8243; fullwidth=\u00bbon\u00bb admin_label=\u00bbSecci\u00f3n\u00bb _builder_version=\u00bb4.17.4&#8243; background_image=\u00bbhttps:\/\/colegiocruzdelcampo.com\/wp-content\/uploads\/2018\/06\/cabecerapequecontenido.jpg\u00bb parallax=\u00bbon\u00bb custom_padding=\u00bb0|0px|0|0px|false|false\u00bb animation_style=\u00bbslide\u00bb animation_duration=\u00bb1150ms\u00bb global_module=\u00bb205811&#8243; saved_tabs=\u00bball\u00bb global_colors_info=\u00bb{}\u00bb][\/et_pb_section][et_pb_section fb_built=\u00bb1&#8243; admin_label=\u00bbsection\u00bb _builder_version=\u00bb4.16&#8243; custom_padding=\u00bb23px|0px|14px|0px|false|false\u00bb global_colors_info=\u00bb{}\u00bb][et_pb_row _builder_version=\u00bb4.17.4&#8243; _module_preset=\u00bbdefault\u00bb global_colors_info=\u00bb{}\u00bb][et_pb_column type=\u00bb4_4&#8243; _builder_version=\u00bb4.17.4&#8243; _module_preset=\u00bbdefault\u00bb global_colors_info=\u00bb{}\u00bb][et_pb_post_title meta=\u00bboff\u00bb featured_image=\u00bboff\u00bb _builder_version=\u00bb4.16&#8243; title_font=\u00bb||||||||\u00bb title_text_color=\u00bb#e02b20&#8243; text_orientation=\u00bbcenter\u00bb custom_margin=\u00bb||4px|||\u00bb global_colors_info=\u00bb{}\u00bb][\/et_pb_post_title][\/et_pb_column][\/et_pb_row][et_pb_row column_structure=\u00bb1_2,1_2&#8243; _builder_version=\u00bb4.17.4&#8243; _module_preset=\u00bbdefault\u00bb global_colors_info=\u00bb{}\u00bb][et_pb_column type=\u00bb1_2&#8243; _builder_version=\u00bb4.17.4&#8243; _module_preset=\u00bbdefault\u00bb global_colors_info=\u00bb{}\u00bb][et_pb_text _builder_version=\u00bb4.27.4&#8243; _module_preset=\u00bbdefault\u00bb hover_enabled=\u00bb0&#8243; global_colors_info=\u00bb{}\u00bb sticky_enabled=\u00bb0&#8243;]<\/p>\n<p>Dear families:<br \/>Para el pr\u00f3ximo curso 2025\/2026, la Asociaci\u00f3n de Madres y Padres del Alumnado del colegio Cruz del Campo os vuelve a pedir que os asoci\u00e9is, para as\u00ed seguir trabajando en beneficio de nuestros hijos e hijas.<br \/>A\u00f1o tras a\u00f1o, hemos invertido en equipamiento t\u00e9cnico y did\u00e1ctico (tablets, pizarras digitales, climatizaci\u00f3n del centro, ventiladores para las aulas, material deportivo, mobiliario para el patio, instrumentos musicales para el aula de m\u00fasica, bancos para el patio, bancos para la biblioteca, etc.), hemos a\u00f1adido libros a la biblioteca escolar, y colaborarmos con el equipo docente en todo lo que se nos solicita (actividades, excursiones, fiestas de Navidad, fin de curso\u2026).<br \/>La cuota es de 30\u20ac anuales por familia, y se podr\u00e1 ingresar en la cuenta de la AMPA en Cajasur: ES87 0237 0305 209171102191.<br \/>(MUY IMPORTANTE: hay que indicar en concepto apellidos, nombre del alumno\/a y curso en que se matricula).<br \/>Si os hac\u00e9is socios antes del 31 de julio se os regalar\u00e1 la agenda escolar 2025\/26.<br \/>Os recordamos que la pertenencia a la asociaci\u00f3n supone ventajas y descuentos para los socios en todas aquellas actividades que organice o colabore la AMPA.<br \/>Aprovechamos esta ocasi\u00f3n para agradecer vuestra participaci\u00f3n y dar la bienvenida a las nuevas familias que se incorporan al Centro.<br \/>Saludos cordiales,<br \/>La directiva de la AMPA<\/p>\n<p><a href=\"https:\/\/colegiocruzdelcampo.com\/wp-content\/uploads\/2025\/05\/Carta_AMPA_matricula_2025-26.pdf\" target=\"_blank\" rel=\"noopener\">CARTA DEL AMPA.<\/a><\/p>\n<p>&nbsp;<\/p>\n<p>[\/et_pb_text][\/et_pb_column][et_pb_column type=\u00bb1_2&#8243; _builder_version=\u00bb4.17.4&#8243; _module_preset=\u00bbdefault\u00bb global_colors_info=\u00bb{}\u00bb][et_pb_image src=\u00bbhttps:\/\/colegiocruzdelcampo.com\/wp-content\/uploads\/2018\/06\/photo.jpg\u00bb title_text=\u00bbphoto\u00bb _builder_version=\u00bb4.17.4&#8243; _module_preset=\u00bbdefault\u00bb global_colors_info=\u00bb{}\u00bb][\/et_pb_image][et_pb_image src=\u00bbhttps:\/\/colegiocruzdelcampo.com\/wp-content\/uploads\/2018\/06\/ampa-cuenta.png\u00bb title_text=\u00bbampa cuenta\u00bb _builder_version=\u00bb4.17.4&#8243; _module_preset=\u00bbdefault\u00bb global_colors_info=\u00bb{}\u00bb][\/et_pb_image][\/et_pb_column][\/et_pb_row][et_pb_row _builder_version=\u00bb4.16&#8243; custom_padding=\u00bb19px|0px|33px|0px|false|false\u00bb global_colors_info=\u00bb{}\u00bb][et_pb_column type=\u00bb4_4&#8243; _builder_version=\u00bb4.16&#8243; custom_padding=\u00bb|||\u00bb global_colors_info=\u00bb{}\u00bb custom_padding__hover=\u00bb|||\u00bb][et_pb_text _builder_version=\u00bb4.17.4&#8243; text_font=\u00bb||||||||\u00bb text_text_color=\u00bb#e02b20&#8243; text_line_height=\u00bb1em\u00bb custom_margin=\u00bb|||\u00bb custom_padding=\u00bb||2px|||\u00bb text_line_height_tablet=\u00bb\u00bb text_line_height_phone=\u00bb\u00bb text_line_height_last_edited=\u00bbon|phone\u00bb global_colors_info=\u00bb{}\u00bb]<\/p>\n<p style=\"text-align: center;\"><a href=\"https:\/\/www.facebook.com\/profile.php?id=100005589408693&amp;comment_id=Y29tbWVudDo5MDc2ODQwNTgwMjY3MjNfNzQ2ODQ4NzU3MTE3NTA3\" target=\"_blank\" rel=\"noopener\"><b>AMPA MAR\u00cdA GALIANA<\/b><\/a><\/p>\n<p style=\"text-align: center;\"><b>Colegio CRUZ D<\/b><b>EL CAMPO<\/b><\/p>\n<p style=\"text-align: center;\"><b>Avda. Cruz d<\/b><b>el Campo, 52<\/b><\/p>\n<p style=\"text-align: center;\" align=\"JUSTIFY\"><b>Email.- ampamgaliana@gmail.com<\/b><\/p>\n<p>[\/et_pb_text][\/et_pb_column][\/et_pb_row][\/et_pb_section][et_pb_section fb_built=\u00bb1&#8243; _builder_version=\u00bb4.27.4&#8243; background_color=\u00bb#ffffff\u00bb top_divider_style=\u00bbslant2&#8243; top_divider_color=\u00bb#00af08&#8243; top_divider_height=\u00bb52px\u00bb bottom_divider_style=\u00bbramp2&#8243; bottom_divider_color=\u00bb#00af08&#8243; bottom_divider_height=\u00bb64px\u00bb animation_style=\u00bbslide\u00bb global_colors_info=\u00bb{}\u00bb][et_pb_row _builder_version=\u00bb4.16&#8243; global_colors_info=\u00bb{}\u00bb][et_pb_column type=\u00bb4_4&#8243; _builder_version=\u00bb4.16&#8243; custom_padding=\u00bb|||\u00bb global_colors_info=\u00bb{}\u00bb custom_padding__hover=\u00bb|||\u00bb][et_pb_contact_form title=\u00bbContacta con nosotros\u00bb success_message=\u00bbGracias por contactar con nuestro colegio.\u00bb submit_button_text=\u00bbenviar\u00bb module_id=\u00bbet_pb_contact_form_0&#8243; _builder_version=\u00bb4.16&#8243; _unique_id=\u00bbf4950908-508e-4b97-99db-02077bb6582e\u00bb global_colors_info=\u00bb{}\u00bb][et_pb_contact_field field_id=\u00bbName\u00bb field_title=\u00bbNombre\u00bb _builder_version=\u00bb4.16&#8243; global_colors_info=\u00bb{}\u00bb button_text_size__hover_enabled=\u00bboff\u00bb button_one_text_size__hover_enabled=\u00bboff\u00bb button_two_text_size__hover_enabled=\u00bboff\u00bb button_text_color__hover_enabled=\u00bboff\u00bb button_one_text_color__hover_enabled=\u00bboff\u00bb button_two_text_color__hover_enabled=\u00bboff\u00bb button_border_width__hover_enabled=\u00bboff\u00bb button_one_border_width__hover_enabled=\u00bboff\u00bb button_two_border_width__hover_enabled=\u00bboff\u00bb button_border_color__hover_enabled=\u00bboff\u00bb button_one_border_color__hover_enabled=\u00bboff\u00bb button_two_border_color__hover_enabled=\u00bboff\u00bb button_border_radius__hover_enabled=\u00bboff\u00bb button_one_border_radius__hover_enabled=\u00bboff\u00bb button_two_border_radius__hover_enabled=\u00bboff\u00bb button_letter_spacing__hover_enabled=\u00bboff\u00bb button_one_letter_spacing__hover_enabled=\u00bboff\u00bb button_two_letter_spacing__hover_enabled=\u00bboff\u00bb button_bg_color__hover_enabled=\u00bboff\u00bb button_one_bg_color__hover_enabled=\u00bboff\u00bb button_two_bg_color__hover_enabled=\u00bboff\u00bb][\/et_pb_contact_field][et_pb_contact_field field_id=\u00bbEmail\u00bb field_title=\u00bbDirecci\u00f3n de correo electr\u00f3nico\u00bb field_type=\u00bbemail\u00bb _builder_version=\u00bb4.16&#8243; global_colors_info=\u00bb{}\u00bb button_text_size__hover_enabled=\u00bboff\u00bb button_one_text_size__hover_enabled=\u00bboff\u00bb button_two_text_size__hover_enabled=\u00bboff\u00bb button_text_color__hover_enabled=\u00bboff\u00bb button_one_text_color__hover_enabled=\u00bboff\u00bb button_two_text_color__hover_enabled=\u00bboff\u00bb button_border_width__hover_enabled=\u00bboff\u00bb button_one_border_width__hover_enabled=\u00bboff\u00bb button_two_border_width__hover_enabled=\u00bboff\u00bb button_border_color__hover_enabled=\u00bboff\u00bb button_one_border_color__hover_enabled=\u00bboff\u00bb button_two_border_color__hover_enabled=\u00bboff\u00bb button_border_radius__hover_enabled=\u00bboff\u00bb button_one_border_radius__hover_enabled=\u00bboff\u00bb button_two_border_radius__hover_enabled=\u00bboff\u00bb button_letter_spacing__hover_enabled=\u00bboff\u00bb button_one_letter_spacing__hover_enabled=\u00bboff\u00bb button_two_letter_spacing__hover_enabled=\u00bboff\u00bb button_bg_color__hover_enabled=\u00bboff\u00bb button_one_bg_color__hover_enabled=\u00bboff\u00bb button_two_bg_color__hover_enabled=\u00bboff\u00bb][\/et_pb_contact_field][et_pb_contact_field field_id=\u00bbMessage\u00bb field_title=\u00bbMensaje\u00bb field_type=\u00bbtext\u00bb fullwidth_field=\u00bbon\u00bb _builder_version=\u00bb4.16&#8243; global_colors_info=\u00bb{}\u00bb button_text_size__hover_enabled=\u00bboff\u00bb button_one_text_size__hover_enabled=\u00bboff\u00bb button_two_text_size__hover_enabled=\u00bboff\u00bb button_text_color__hover_enabled=\u00bboff\u00bb button_one_text_color__hover_enabled=\u00bboff\u00bb button_two_text_color__hover_enabled=\u00bboff\u00bb button_border_width__hover_enabled=\u00bboff\u00bb button_one_border_width__hover_enabled=\u00bboff\u00bb button_two_border_width__hover_enabled=\u00bboff\u00bb button_border_color__hover_enabled=\u00bboff\u00bb button_one_border_color__hover_enabled=\u00bboff\u00bb button_two_border_color__hover_enabled=\u00bboff\u00bb button_border_radius__hover_enabled=\u00bboff\u00bb button_one_border_radius__hover_enabled=\u00bboff\u00bb button_two_border_radius__hover_enabled=\u00bboff\u00bb button_letter_spacing__hover_enabled=\u00bboff\u00bb button_one_letter_spacing__hover_enabled=\u00bboff\u00bb button_two_letter_spacing__hover_enabled=\u00bboff\u00bb button_bg_color__hover_enabled=\u00bboff\u00bb button_one_bg_color__hover_enabled=\u00bboff\u00bb button_two_bg_color__hover_enabled=\u00bboff\u00bb][\/et_pb_contact_field][\/et_pb_contact_form][et_pb_text _builder_version=\u00bb4.17.4&#8243; global_colors_info=\u00bb{}\u00bb]<\/p>\n<p style=\"text-align: center;\"><span style=\"color: #ff0000;\"><strong>C.E.PR. Cruz del Campo<\/strong><\/span>. 52 Cruz del Campo Avenue <span class=\"LrzXr\">41005 Seville. Telephone <strong>955 624 855<\/strong>. <a href=\"mailto:41018239.edu@juntadeandalucia.es\">Contact by e - mail.<\/a><br \/><\/span><\/p>\n<p>[\/et_pb_text][\/et_pb_column][\/et_pb_row][\/et_pb_section][et_pb_section fb_built=\u00bb1&#8243; fullwidth=\u00bbon\u00bb _builder_version=\u00bb4.16&#8243; global_colors_info=\u00bb{}\u00bb][et_pb_fullwidth_map address=\u00bbAv. de la Cruz del Campo, 18, 41005 Sevilla, Espa\u00f1a\u00bb zoom_level=\u00bb19&#8243; address_lat=\u00bb37.38379391652372&#8243; address_lng=\u00bb-5.966102988371404&#8243; mouse_wheel=\u00bboff\u00bb _builder_version=\u00bb4.16&#8243; animation_style=\u00bbslide\u00bb global_colors_info=\u00bb{}\u00bb][et_pb_map_pin title=\u00bbColegio Cruz del Campo Sevilla\u00bb pin_address=\u00bbAv. de la Cruz del Campo, 18, 41005 Sevilla\u00bb _builder_version=\u00bb3.3.1&#8243; global_colors_info=\u00bb{}\u00bb][\/et_pb_map_pin][\/et_pb_fullwidth_map][\/et_pb_section]<\/p>","protected":false},"excerpt":{"rendered":"<p>Estimadas familias:Para el pr\u00f3ximo curso 2025\/2026, la Asociaci\u00f3n de Madres y Padres del Alumnado del colegio Cruz del Campo os vuelve a pedir que os asoci\u00e9is, para as\u00ed seguir trabajando en beneficio de nuestros hijos e hijas.A\u00f1o tras a\u00f1o, hemos invertido en equipamiento t\u00e9cnico y did\u00e1ctico (tablets, pizarras digitales, climatizaci\u00f3n del centro, ventiladores para las [&hellip;]<\/p>","protected":false},"author":5,"featured_media":0,"parent":0,"menu_order":0,"comment_status":"closed","ping_status":"closed","template":"","meta":{"_et_pb_use_builder":"on","_et_pb_old_content":"<p style=\"padding-left: 30px;\"><img class=\"wp-image-204967 alignleft\" style=\"text-align: justify;\" src=\"http:\/\/colegiocruzdelcampo.es\/wp-content\/uploads\/2018\/06\/photo-300x300.jpg\" alt=\"\" width=\"206\" height=\"205\"><\/p>\r\n<p style=\"padding-left: 120px; text-align: center;\"><b style=\"font-family: Gisha, sans-serif; font-size: 12pt;\">AMPA MAR\u00cdA GALIANA<\/b><\/p>\r\n<p style=\"text-align: center;\"><span style=\"font-family: Gisha, sans-serif; font-size: 12pt;\"><b>Colegio CRUZ D<\/b><\/span><b style=\"font-family: Gisha, sans-serif; font-size: 12pt;\">EL CAMPO<\/b><\/p>\r\n<p style=\"text-align: center;\"><span style=\"font-family: Gisha, sans-serif; font-size: 12pt;\"><b>Avda. Cruz d<\/b><\/span><b style=\"font-family: Gisha, sans-serif; font-size: 12pt;\">el Campo, 52<\/b><\/p>\r\n<p style=\"text-align: center;\" align=\"JUSTIFY\"><span style=\"font-family: Gisha, sans-serif; font-size: 12pt;\"><b>Email.- ampamgaliana@gmail.com<\/b><\/span><\/p>\r\n<p align=\"JUSTIFY\">\u00a0<\/p>\r\n<p align=\"JUSTIFY\"><span style=\"font-family: Gisha, sans-serif; font-size: 12pt;\">Estimadas familias:<\/span><\/p>\r\n<p style=\"text-align: justify;\" align=\"JUSTIFY\"><span style=\"font-family: Gisha, sans-serif; font-size: 12pt;\">De cara al pr\u00f3ximo curso 2018\/2019, esta asociaci\u00f3n de madres y padres de alumnos del colegio Cruz del Campo, vuelve a pedir vuestra colaboraci\u00f3n, para poder seguir trabajando en beneficio del alumnado. Desde que se constituy\u00f3 esta asociaci\u00f3n, hace ya ocho a\u00f1os, no hemos cesado en nuestro empe\u00f1o e inter\u00e9s por contribuir a la buena marcha del colegio; se ha invertido en equipamiento t\u00e9cnico y did\u00e1ctico (pizarras digitales, aire acondicionado en comedor, ventiladores para las aulas, material deportivo e instrumentos musicales, bancos para el patio, etc), colaboramos con el equipo docente en todo lo que se nos solicita (actividades, excursiones, fi<\/span><span style=\"font-family: Gisha, sans-serif; font-size: 12pt;\">estas de Navidad, fin de curso \u2026).<\/span><\/p>\r\n<p style=\"text-align: justify;\" align=\"JUSTIFY\"><span style=\"font-size: 12pt;\"><span style=\"font-family: Gisha, sans-serif;\">El importe de la cuota es d<\/span><\/span><span style=\"font-family: Gisha, sans-serif;\">e 30\u20ac\/curso, se podr\u00e1 satisfacer mediante ingreso efectivo o transferencia bancaria en la cuenta de <\/span><span style=\"font-family: Gisha, sans-serif;\"><b>Cajasur ES87 0237 0305 209171102191.<\/b><\/span><\/p>\r\n<p style=\"text-align: justify;\" align=\"JUSTIFY\"><span style=\"font-size: 12pt;\"><span style=\"font-family: Gisha, sans-serif;\">Es preciso <\/span><span style=\"font-family: Gisha, sans-serif;\"><b>indicar apellidos y nombre del alumno\/a y curso<\/b><\/span><span style=\"font-family: Gisha, sans-serif;\"> en el que se matricula.<\/span><\/span><\/p>\r\n<p style=\"text-align: justify;\" align=\"JUSTIFY\"><span style=\"font-size: 12pt;\"><span style=\"font-family: Gisha, sans-serif;\">Si os hac\u00e9is socios antes del 14 de septiembre, tendr\u00e9is la <\/span><span style=\"font-family: Gisha, sans-serif;\"><b>agenda escolar 2018\/19 GRATIS.<\/b><\/span><\/span><\/p>\r\n<p style=\"text-align: center;\" align=\"JUSTIFY\"><a href=\"http:\/\/colegiocruzdelcampo.es\/wp-content\/uploads\/2018\/06\/Petici\u00f3n-agenda-escolar-v2.pdf\" target=\"_blank\" rel=\"noopener\"><strong><span style=\"font-size: 12pt;\">Solicitud de agenda escolar<\/span><\/strong><\/a><\/p>\r\n<p style=\"text-align: justify;\" align=\"JUSTIFY\"><span style=\"font-family: Gisha, sans-serif; font-size: 12pt;\">Os recordamos que la pertenencia a la asociaci\u00f3n supone ventajas y descuentos para los socios en todas aquellas actividades que organice o colabore la AMPA.<\/span><\/p>\r\n<p style=\"text-align: justify;\" align=\"JUSTIFY\"><span style=\"font-family: Gisha, sans-serif; font-size: 12pt;\">Aprovechamos esta ocasi\u00f3n para agradecer vuestra participaci\u00f3n y dar la bienvenida a las nuevas familias que se incorporan al Centro.<\/span><\/p>\r\n<p style=\"text-align: justify;\" align=\"JUSTIFY\"><span style=\"font-family: Gisha, sans-serif; font-size: 12pt;\">Saludos cordiales,<\/span><\/p>\r\n<p style=\"text-align: justify;\" align=\"JUSTIFY\"><span style=\"font-family: Gisha, sans-serif; font-size: 12pt;\"> La directiva de la AMPA<\/span><\/p>\r\n<p lang=\"es-ES\" align=\"JUSTIFY\"><img class=\" wp-image-205750 aligncenter\" src=\"http:\/\/colegiocruzdelcampo.es\/wp-content\/uploads\/2018\/06\/ampa-cuenta-300x169.png\" alt=\"\" width=\"437\" height=\"246\"><\/p>","_et_gb_content_width":"","footnotes":""},"class_list":["post-204964","page","type-page","status-publish","hentry"],"_links":{"self":[{"href":"https:\/\/colegiocruzdelcampo.com\/en\/wp-json\/wp\/v2\/pages\/204964","targetHints":{"allow":["GET"]}}],"collection":[{"href":"https:\/\/colegiocruzdelcampo.com\/en\/wp-json\/wp\/v2\/pages"}],"about":[{"href":"https:\/\/colegiocruzdelcampo.com\/en\/wp-json\/wp\/v2\/types\/page"}],"author":[{"embeddable":true,"href":"https:\/\/colegiocruzdelcampo.com\/en\/wp-json\/wp\/v2\/users\/5"}],"replies":[{"embeddable":true,"href":"https:\/\/colegiocruzdelcampo.com\/en\/wp-json\/wp\/v2\/comments?post=204964"}],"version-history":[{"count":47,"href":"https:\/\/colegiocruzdelcampo.com\/en\/wp-json\/wp\/v2\/pages\/204964\/revisions"}],"predecessor-version":[{"id":210754,"href":"https:\/\/colegiocruzdelcampo.com\/en\/wp-json\/wp\/v2\/pages\/204964\/revisions\/210754"}],"wp:attachment":[{"href":"https:\/\/colegiocruzdelcampo.com\/en\/wp-json\/wp\/v2\/media?parent=204964"}],"curies":[{"name":"wp","href":"https:\/\/api.w.org\/{rel}","templated":true}]}}