{"id":204710,"date":"2018-05-22T07:51:09","date_gmt":"2018-05-22T07:51:09","guid":{"rendered":"http:\/\/colegiocruzdelcampo.es\/?page_id=204710"},"modified":"2025-10-09T20:42:17","modified_gmt":"2025-10-09T20:42:17","slug":"actividades","status":"publish","type":"page","link":"https:\/\/colegiocruzdelcampo.com\/en\/plan-de-apoyo-a-las-familias\/actividades\/","title":{"rendered":"EXTRACURRICULAR ACTIVITIES"},"content":{"rendered":"<p>[et_pb_section fb_built=\u00bb1&#8243; admin_label=\u00bbsection\u00bb _builder_version=\u00bb4.16&#8243; global_colors_info=\u00bb{}\u00bb][et_pb_row column_structure=\u00bb1_2,1_2&#8243; admin_label=\u00bbrow\u00bb _builder_version=\u00bb4.17.4&#8243; background_size=\u00bbinitial\u00bb background_position=\u00bbtop_left\u00bb background_repeat=\u00bbrepeat\u00bb custom_padding=\u00bb0|0px|27px|0|false|false\u00bb global_colors_info=\u00bb{}\u00bb][et_pb_column type=\u00bb1_2&#8243; _builder_version=\u00bb4.16&#8243; custom_padding=\u00bb|||\u00bb global_colors_info=\u00bb{}\u00bb custom_padding__hover=\u00bb|||\u00bb][et_pb_post_title meta=\u00bboff\u00bb featured_image=\u00bboff\u00bb _builder_version=\u00bb4.16&#8243; title_font=\u00bb||||||||\u00bb title_text_color=\u00bb#e02b20&#8243; text_orientation=\u00bbcenter\u00bb global_colors_info=\u00bb{}\u00bb]&nbsp;<br \/>\n[\/et_pb_post_title][et_pb_text admin_label=\u00bbText\u00bb _builder_version=\u00bb4.27.4&#8243; text_text_color=\u00bb#000000&#8243; text_font_size=\u00bb14px\u00bb background_size=\u00bbinitial\u00bb background_position=\u00bbtop_left\u00bb background_repeat=\u00bbrepeat\u00bb animation_style=\u00bbfade\u00bb hover_enabled=\u00bb0&#8243; global_colors_info=\u00bb{}\u00bb sticky_enabled=\u00bb0&#8243;]<\/p>\n<p><span style=\"color: #000000; font-size: 12pt;\">EXTRACURRICULAR ACTIVITIES COURSE 2025\/26.<\/span><\/p>\n<p><span style=\"color: #000000; font-size: 12pt;\">Included in Families Support Plan:\nEDUCATIONAL SUPPORT AND CRAFT WORKSHOP.<\/span><\/p>\n<p><span style=\"color: #000000; font-size: 12pt;\">Not included: CHESS,\u00a0<\/span><span style=\"color: #000000;\">BASKETBALL AND <\/span><span style=\"color: #000000; font-size: 12pt;\">ROLLER HOCKEY.<\/span><\/p>\n<p><span style=\"color: #000000; font-size: 12pt;\"><\/span><\/p>\n<ul>\n<li><a href=\"https:\/\/colegiocruzdelcampo.com\/wp-content\/uploads\/2025\/05\/Cuadrante-horario-AAEE-25-26.pdf\" target=\"_blank\" rel=\"noopener\"><span style=\"color: #000000; font-size: 12pt;\"><\/span>TIMETABLE FOR EXTRACURRICULAR ACTIVITIES 25\/26.<\/a><a href=\"https:\/\/colegiocruzdelcampo.com\/wp-content\/uploads\/2025\/05\/HOCKEY.-CRUZCAMPO-25_26.-Preinscripcion.pdf\" target=\"_blank\" rel=\"noopener\"><\/a><span style=\"color: #000000; font-size: 12pt;\"><\/span><\/li>\n<li><a href=\"https:\/\/colegiocruzdelcampo.com\/wp-content\/uploads\/2025\/05\/HOCKEY.-CRUZCAMPO-25_26.-Preinscripcion.pdf\" target=\"_blank\" rel=\"noopener\">APPLICATION FORM FOR ROLLER HOCKEY.<\/a><\/li>\n<li><a href=\"https:\/\/colegiocruzdelcampo.com\/wp-content\/uploads\/2025\/05\/HOJA-INSCRIPCION-ajedrez.pdf\" target=\"_blank\" rel=\"noopener\">APPLICATION FORM FOR CHESS.<\/a><\/li>\n<li><a href=\"https:\/\/colegiocruzdelcampo.com\/wp-content\/uploads\/2025\/05\/inscripcion-baloncesto-25-26.pdf\" target=\"_blank\" rel=\"noopener\">APPLICATION FORM FOR BASKETBALL.<\/a><\/li>\n<li><a href=\"https:\/\/colegiocruzdelcampo.com\/wp-content\/uploads\/2024\/05\/Anexo_II_Inscripcion_en_los_Servicios_de_AM_CE_y_AAEX.pdf\" target=\"_blank\" rel=\"noopener\">APPLICATION FORM FOR EDUCATIONAL SUPPORT ANF CRAFT WORKSHOP.<\/a><\/li>\n<\/ul>\n<p>&nbsp;<\/p>\n<p>[\/et_pb_text][\/et_pb_column][et_pb_column type=\u00bb1_2&#8243; _builder_version=\u00bb4.16&#8243; custom_padding=\u00bb|||\u00bb global_colors_info=\u00bb{}\u00bb custom_padding__hover=\u00bb|||\u00bb][et_pb_image src=\u00bbhttps:\/\/colegiocruzdelcampo.com\/wp-content\/uploads\/2024\/09\/aaee-24-25_001.jpg\u00bb title_text=\u00bbaaee-24-25_001&#8243; show_in_lightbox=\u00bbon\u00bb _builder_version=\u00bb4.17.4&#8243; _module_preset=\u00bbdefault\u00bb global_colors_info=\u00bb{}\u00bb][\/et_pb_image][\/et_pb_column][\/et_pb_row][\/et_pb_section][et_pb_section fb_built=\u00bb1&#8243; _builder_version=\u00bb4.27.4&#8243; background_color=\u00bb#ffffff\u00bb top_divider_style=\u00bbslant2&#8243; top_divider_color=\u00bb#00af08&#8243; top_divider_height=\u00bb52px\u00bb bottom_divider_style=\u00bbramp2&#8243; bottom_divider_color=\u00bb#00af08&#8243; bottom_divider_height=\u00bb64px\u00bb animation_style=\u00bbslide\u00bb global_colors_info=\u00bb{}\u00bb][et_pb_row _builder_version=\u00bb4.16&#8243; animation_style=\u00bbfade\u00bb global_colors_info=\u00bb{}\u00bb][et_pb_column type=\u00bb4_4&#8243; _builder_version=\u00bb4.16&#8243; custom_padding=\u00bb|||\u00bb global_colors_info=\u00bb{}\u00bb custom_padding__hover=\u00bb|||\u00bb][et_pb_contact_form title=\u00bbContacta con nosotros\u00bb success_message=\u00bbGracias por contactar con nuestro colegio.\u00bb submit_button_text=\u00bbenviar\u00bb module_id=\u00bbet_pb_contact_form_0&#8243; _builder_version=\u00bb4.16&#8243; _unique_id=\u00bbf74dbd0d-e98a-402f-94a8-6c9695e7fc88&#8243; global_colors_info=\u00bb{}\u00bb][et_pb_contact_field field_id=\u00bbName\u00bb field_title=\u00bbNombre\u00bb _builder_version=\u00bb4.16&#8243; global_colors_info=\u00bb{}\u00bb button_text_size__hover_enabled=\u00bboff\u00bb button_one_text_size__hover_enabled=\u00bboff\u00bb button_two_text_size__hover_enabled=\u00bboff\u00bb button_text_color__hover_enabled=\u00bboff\u00bb button_one_text_color__hover_enabled=\u00bboff\u00bb button_two_text_color__hover_enabled=\u00bboff\u00bb button_border_width__hover_enabled=\u00bboff\u00bb button_one_border_width__hover_enabled=\u00bboff\u00bb button_two_border_width__hover_enabled=\u00bboff\u00bb button_border_color__hover_enabled=\u00bboff\u00bb button_one_border_color__hover_enabled=\u00bboff\u00bb button_two_border_color__hover_enabled=\u00bboff\u00bb button_border_radius__hover_enabled=\u00bboff\u00bb button_one_border_radius__hover_enabled=\u00bboff\u00bb button_two_border_radius__hover_enabled=\u00bboff\u00bb button_letter_spacing__hover_enabled=\u00bboff\u00bb button_one_letter_spacing__hover_enabled=\u00bboff\u00bb button_two_letter_spacing__hover_enabled=\u00bboff\u00bb button_bg_color__hover_enabled=\u00bboff\u00bb button_one_bg_color__hover_enabled=\u00bboff\u00bb button_two_bg_color__hover_enabled=\u00bboff\u00bb][\/et_pb_contact_field][et_pb_contact_field field_id=\u00bbEmail\u00bb field_title=\u00bbDirecci\u00f3n de correo electr\u00f3nico\u00bb field_type=\u00bbemail\u00bb _builder_version=\u00bb4.16&#8243; global_colors_info=\u00bb{}\u00bb button_text_size__hover_enabled=\u00bboff\u00bb button_one_text_size__hover_enabled=\u00bboff\u00bb button_two_text_size__hover_enabled=\u00bboff\u00bb button_text_color__hover_enabled=\u00bboff\u00bb button_one_text_color__hover_enabled=\u00bboff\u00bb button_two_text_color__hover_enabled=\u00bboff\u00bb button_border_width__hover_enabled=\u00bboff\u00bb button_one_border_width__hover_enabled=\u00bboff\u00bb button_two_border_width__hover_enabled=\u00bboff\u00bb button_border_color__hover_enabled=\u00bboff\u00bb button_one_border_color__hover_enabled=\u00bboff\u00bb button_two_border_color__hover_enabled=\u00bboff\u00bb button_border_radius__hover_enabled=\u00bboff\u00bb button_one_border_radius__hover_enabled=\u00bboff\u00bb button_two_border_radius__hover_enabled=\u00bboff\u00bb button_letter_spacing__hover_enabled=\u00bboff\u00bb button_one_letter_spacing__hover_enabled=\u00bboff\u00bb button_two_letter_spacing__hover_enabled=\u00bboff\u00bb button_bg_color__hover_enabled=\u00bboff\u00bb button_one_bg_color__hover_enabled=\u00bboff\u00bb button_two_bg_color__hover_enabled=\u00bboff\u00bb][\/et_pb_contact_field][et_pb_contact_field field_id=\u00bbMessage\u00bb field_title=\u00bbMensaje\u00bb field_type=\u00bbtext\u00bb fullwidth_field=\u00bbon\u00bb _builder_version=\u00bb4.16&#8243; global_colors_info=\u00bb{}\u00bb button_text_size__hover_enabled=\u00bboff\u00bb button_one_text_size__hover_enabled=\u00bboff\u00bb button_two_text_size__hover_enabled=\u00bboff\u00bb button_text_color__hover_enabled=\u00bboff\u00bb button_one_text_color__hover_enabled=\u00bboff\u00bb button_two_text_color__hover_enabled=\u00bboff\u00bb button_border_width__hover_enabled=\u00bboff\u00bb button_one_border_width__hover_enabled=\u00bboff\u00bb button_two_border_width__hover_enabled=\u00bboff\u00bb button_border_color__hover_enabled=\u00bboff\u00bb button_one_border_color__hover_enabled=\u00bboff\u00bb button_two_border_color__hover_enabled=\u00bboff\u00bb button_border_radius__hover_enabled=\u00bboff\u00bb button_one_border_radius__hover_enabled=\u00bboff\u00bb button_two_border_radius__hover_enabled=\u00bboff\u00bb button_letter_spacing__hover_enabled=\u00bboff\u00bb button_one_letter_spacing__hover_enabled=\u00bboff\u00bb button_two_letter_spacing__hover_enabled=\u00bboff\u00bb button_bg_color__hover_enabled=\u00bboff\u00bb button_one_bg_color__hover_enabled=\u00bboff\u00bb button_two_bg_color__hover_enabled=\u00bboff\u00bb][\/et_pb_contact_field][\/et_pb_contact_form][et_pb_text _builder_version=\u00bb4.16&#8243; global_colors_info=\u00bb{}\u00bb]<\/p>\n<p style=\"text-align: center;\"><span style=\"color: #ff0000;\"><strong>C.E.PR. Cruz del Campo<\/strong><\/span>. 52 Cruz del Campo Avenue <span class=\"LrzXr\">18, 41005 Sevilla. Telephone <strong>955 624 855<\/strong>. <a href=\"mailto:41018239.edu@juntadeandalucia.es\">Contact by e - mail.<\/a><br \/>\n<\/span><\/p>\n<p>[\/et_pb_text][\/et_pb_column][\/et_pb_row][\/et_pb_section][et_pb_section fb_built=\u00bb1&#8243; fullwidth=\u00bbon\u00bb _builder_version=\u00bb4.16&#8243; global_colors_info=\u00bb{}\u00bb][et_pb_fullwidth_map address=\u00bbAv. de la Cruz del Campo, 18, 41005 Sevilla, Espa\u00f1a\u00bb zoom_level=\u00bb19&#8243; address_lat=\u00bb37.38379391652372&#8243; address_lng=\u00bb-5.966102988371404&#8243; mouse_wheel=\u00bboff\u00bb _builder_version=\u00bb4.16&#8243; animation_style=\u00bbslide\u00bb global_colors_info=\u00bb{}\u00bb][et_pb_map_pin title=\u00bbColegio Cruz del Campo Sevilla\u00bb pin_address=\u00bbAv. de la Cruz del Campo, 18, 41005 Sevilla\u00bb _builder_version=\u00bb3.3.1&#8243; global_colors_info=\u00bb{}\u00bb][\/et_pb_map_pin][\/et_pb_fullwidth_map][\/et_pb_section]<\/p>","protected":false},"excerpt":{"rendered":"<p>&nbsp; ACTIVIDADES EXTRAESCOLARES PARA EL CURSO 2025\/26. Incluidas en el Plan de Apoyo a las Familias: REFUERZO EDUCATIVO Y TALLER DE MANUALIDADES. No incluidas: AJEDREZ,\u00a0BALONCESTO Y HOCKEY PATINES. HORARIO DE ACTIVIDADES EXTRAESCOLARES 25\/26. INSCRIPCI\u00d3N HOCKEY PATINES. INSCRIPCI\u00d3N AJEDREZ. INSCRIPCI\u00d3N\u00a0 BALONCESTO. INSCRIPCI\u00d3N REFUERZO EDUCATIVO Y TALLER DE MANUALIDADES. &nbsp;C.E.PR. Cruz del Campo. Avenida Cruz del Campo [&hellip;]<\/p>","protected":false},"author":1,"featured_media":0,"parent":204713,"menu_order":0,"comment_status":"closed","ping_status":"closed","template":"","meta":{"_et_pb_use_builder":"on","_et_pb_old_content":"<p style=\"text-align: justify;\"><span style=\"color: #000000; font-size: 12pt;\"><a href=\"http:\/\/colegiocruzdelcampo.es\/wp-content\/uploads\/2018\/06\/horario-extraes-18-19.pdf\"><img class=\"alignleft wp-image-205053\" title=\"Descargar pdf\" src=\"http:\/\/colegiocruzdelcampo.es\/wp-content\/uploads\/2018\/06\/HORARIO-AE-300x129.jpg\" alt=\"\" width=\"228\" height=\"98\"><\/a>Las Actividades Extra escolares\u00a0 que se ofertan para este curso son: Multideporte, Ingl\u00e9s, Franc\u00e9s, Ajedrez, Rob\u00f3tica, Cocina\u00a0<\/span><span style=\"color: #000000; font-size: 12pt;\">Creativa, Graffi<\/span><span style=\"color: #000000; font-size: 12pt;\">ti y M\u00fasica. De ellas, las que entran en el Plan de Apertura y podr\u00edan tener bonificaci\u00f3n son: Ajedrez, Ingl\u00e9s, Cocina Creativa y Graffiti.<\/span><\/p>\r\n<p style=\"text-align: center;\"><span style=\"font-size: 12pt;\"><strong>Horario de actividades extra escolares 2018\/19.<\/strong><\/span><\/p>\r\n\r\n<table class=\" aligncenter\" style=\"height: 413px; width: 660px; border-style: solid;\" width=\"654\">\r\n<tbody>\r\n<tr style=\"height: 49px;\">\r\n<td style=\"width: 271px; height: 45px; text-align: center;\"><span style=\"font-size: 12pt;\">HORA\/D\u00cdA<\/span><\/td>\r\n<td style=\"width: 82px; height: 45px; text-align: center;\"><span style=\"font-size: 12pt;\">LUNES<\/span><\/td>\r\n<td style=\"width: 133px; height: 45px; text-align: center;\"><span style=\"font-size: 12pt;\">MARTES<\/span><\/td>\r\n<td style=\"width: 159px; height: 45px; text-align: center;\"><span style=\"font-size: 12pt;\">MI\u00c9RCOLES<\/span><\/td>\r\n<td style=\"width: 221px; height: 45px; text-align: center;\"><span style=\"font-size: 12pt;\">JUEVES<\/span><\/td>\r\n<\/tr>\r\n<tr style=\"height: 131px;\">\r\n<td style=\"width: 271px; height: 10px; vertical-align: top; text-align: center;\"><span style=\"font-size: 12pt;\">16:00-17:00<\/span><\/td>\r\n<td style=\"width: 82px; height: 10px; vertical-align: top; text-align: center;\"><span style=\"font-size: 12pt;\">MULTIDEPORTE<\/span>\r\n\r\n<span style=\"font-size: 12pt;\">INGL\u00c9S<\/span><\/td>\r\n<td style=\"width: 133px; height: 10px; vertical-align: top; text-align: center;\"><span style=\"font-size: 12pt;\">MULTIDEPORTE<\/span>\r\n\r\n<span style=\"font-size: 12pt;\">FRANC\u00c9S<\/span>\r\n\r\n<span style=\"font-size: 12pt;\">AJEDREZ<\/span>\r\n\r\n\u00a0<\/td>\r\n<td style=\"width: 159px; height: 10px; vertical-align: top; text-align: center;\"><span style=\"font-size: 12pt;\">MULTIDEPORTE<\/span>\r\n\r\n<span style=\"font-size: 12pt;\">INGL\u00c9S<\/span><\/td>\r\n<td style=\"width: 221px; height: 10px; vertical-align: top; text-align: center;\"><span style=\"font-size: 12pt;\">MULTIDEPORTE<\/span>\r\n\r\n<span style=\"font-size: 12pt;\">FRANC\u00c9S<\/span>\r\n\r\n<span style=\"font-size: 12pt;\">AJEDREZ<\/span><\/td>\r\n<\/tr>\r\n<tr style=\"height: 151px;\">\r\n<td style=\"width: 271px; height: 105px; vertical-align: top; text-align: center;\"><span style=\"font-size: 12pt;\">17:00-18:00<\/span>\r\n\r\n\u00a0<\/td>\r\n<td style=\"width: 82px; height: 105px; vertical-align: top; text-align: center;\"><span style=\"font-size: 12pt;\">GRAFFITI<\/span><\/td>\r\n<td style=\"width: 133px; height: 105px; vertical-align: top; text-align: center;\"><span style=\"font-size: 12pt;\">COCINA CREATIVA<\/span><\/td>\r\n<td style=\"width: 159px; height: 105px; vertical-align: top; text-align: center;\"><span style=\"font-size: 12pt;\">GRAFFITI<\/span>\r\n\r\n<span style=\"font-size: 12pt;\">ROB\u00d3TICA<\/span><\/td>\r\n<td style=\"width: 221px; height: 105px; vertical-align: top; text-align: center;\"><span style=\"font-size: 12pt;\">COCINA CREATIVA<\/span><\/td>\r\n<\/tr>\r\n<\/tbody>\r\n<\/table>\r\n<span style=\"font-size: 12pt;\">Las horas y los d\u00edas de la <strong>Actividad Extraescolar de M\u00daSICA<\/strong>\u00a0 la decidir\u00e1n los monitores de la actividad, en\u00a0\u00a0 funci\u00f3n del alumnado que se vaya apuntando. Los monitores se pondr\u00e1n en contacto con las familias interesadas para concretar los d\u00edas y las horas.<\/span>\r\n\r\n<a href=\"http:\/\/colegiocruzdelcampo.es\/wp-content\/uploads\/2018\/06\/AUTORIZACIONES-REDES-SOCIALES-1\u00ba.pdf\" target=\"_blank\" rel=\"noopener\"><img class=\"size-medium wp-image-204911 aligncenter\" src=\"http:\/\/colegiocruzdelcampo.es\/wp-content\/uploads\/2018\/05\/educaci\u00f3n-vial-169x300.jpg\" alt=\"\" width=\"169\" height=\"300\"><\/a>\r\n\r\n\u00a0","_et_gb_content_width":"","footnotes":""},"class_list":["post-204710","page","type-page","status-publish","hentry"],"_links":{"self":[{"href":"https:\/\/colegiocruzdelcampo.com\/en\/wp-json\/wp\/v2\/pages\/204710","targetHints":{"allow":["GET"]}}],"collection":[{"href":"https:\/\/colegiocruzdelcampo.com\/en\/wp-json\/wp\/v2\/pages"}],"about":[{"href":"https:\/\/colegiocruzdelcampo.com\/en\/wp-json\/wp\/v2\/types\/page"}],"author":[{"embeddable":true,"href":"https:\/\/colegiocruzdelcampo.com\/en\/wp-json\/wp\/v2\/users\/1"}],"replies":[{"embeddable":true,"href":"https:\/\/colegiocruzdelcampo.com\/en\/wp-json\/wp\/v2\/comments?post=204710"}],"version-history":[{"count":72,"href":"https:\/\/colegiocruzdelcampo.com\/en\/wp-json\/wp\/v2\/pages\/204710\/revisions"}],"predecessor-version":[{"id":210807,"href":"https:\/\/colegiocruzdelcampo.com\/en\/wp-json\/wp\/v2\/pages\/204710\/revisions\/210807"}],"up":[{"embeddable":true,"href":"https:\/\/colegiocruzdelcampo.com\/en\/wp-json\/wp\/v2\/pages\/204713"}],"wp:attachment":[{"href":"https:\/\/colegiocruzdelcampo.com\/en\/wp-json\/wp\/v2\/media?parent=204710"}],"curies":[{"name":"wp","href":"https:\/\/api.w.org\/{rel}","templated":true}]}}